{"id":11,"date":"2014-06-10T15:01:54","date_gmt":"2014-06-10T14:01:54","guid":{"rendered":"http:\/\/prohumanitaet.tradino-gbr.de\/?page_id=11"},"modified":"2025-12-20T13:35:42","modified_gmt":"2025-12-20T12:35:42","slug":"ueber-uns","status":"publish","type":"page","link":"https:\/\/pro-humanitaet.de\/fr\/ueber-uns\/","title":{"rendered":"Qui sommes-nous ?"},"content":{"rendered":"<div id='full_slider_1'  class='avia-fullwidth-slider main_color avia-shadow   avia-builder-el-0  el_before_av_section  avia-builder-el-first   container_wrap sidebar_right'  ><div  class='avia-slideshow av-kbtb70t5-e25c789179866e5730f60a5ac4b35b3a avia-slideshow-featured_large av_slideshow_full avia-slide-slider av-slideshow-ui av-control-default av-slideshow-manual av-loop-once av-loop-manual-endless av-default-height-applied   avia-slideshow-1' data-slideshow-options=\"{&quot;animation&quot;:&quot;slide&quot;,&quot;autoplay&quot;:false,&quot;loop_autoplay&quot;:&quot;once&quot;,&quot;interval&quot;:5,&quot;loop_manual&quot;:&quot;manual-endless&quot;,&quot;autoplay_stopper&quot;:false,&quot;noNavigation&quot;:false,&quot;bg_slider&quot;:false,&quot;keep_padding&quot;:false,&quot;hoverpause&quot;:false,&quot;show_slide_delay&quot;:0}\"  itemprop=\"image\" itemscope=\"itemscope\" itemtype=\"https:\/\/schema.org\/ImageObject\" ><ul class='avia-slideshow-inner' style='padding-bottom: 42%;'><li  class='avia-slideshow-slide av-kbtb70t5-e25c789179866e5730f60a5ac4b35b3a__0  av-single-slide slide-1 slide-odd'><div data-rel='slideshow-1' class='avia-slide-wrap'   ><img decoding=\"async\" class=\"wp-image-7152 avia-img-lazy-loading-not-7152\"  src=\"https:\/\/pro-humanitaet.de\/wp-content\/uploads\/2020\/08\/aph-wer-wir-sind-header-1500x630.jpg\" width=\"1500\" height=\"630\" title='Elke Kleuren-Schryvers' alt=''  itemprop=\"thumbnailUrl\" srcset=\"https:\/\/pro-humanitaet.de\/wp-content\/uploads\/2020\/08\/aph-wer-wir-sind-header-1500x630.jpg 1500w, https:\/\/pro-humanitaet.de\/wp-content\/uploads\/2020\/08\/aph-wer-wir-sind-header-300x125.jpg 300w\" sizes=\"(max-width: 1500px) 100vw, 1500px\" \/><\/div><\/li><\/ul><\/div><\/div>\n<div id='av_section_1'  class='avia-section av-2h1s-1a7a71eb83b92210bc7bb28909025209 main_color avia-section-large avia-no-border-styling  avia-builder-el-1  el_after_av_slideshow_full  el_before_av_section  avia-bg-style-scroll container_wrap sidebar_right'  ><div class='container av-section-cont-open' ><div class='template-page content  av-content-small alpha units'><div class='post-entry post-entry-type-page post-entry-11'><div class='entry-content-wrapper clearfix'>\n\n<style type=\"text\/css\" data-created_by=\"avia_inline_auto\" id=\"style-css-av-om16-49603b053088c06551551828238ed421\">\n.flex_column.av-om16-49603b053088c06551551828238ed421{\n-webkit-border-radius:0px 0px 0px 0px;\n-moz-border-radius:0px 0px 0px 0px;\nborder-radius:0px 0px 0px 0px;\npadding:0px 10% 0px 10%;\n}\n<\/style>\n<div class='flex_column av-om16-49603b053088c06551551828238ed421 av_one_full  avia-builder-el-2  avia-builder-el-no-sibling  first av-break-at-tablet flex_column_div'     ><section  class='av_textblock_section av-k9v8z92v-14a976d1e6391983a798dab28a40adf0'  itemscope=\"itemscope\" itemtype=\"https:\/\/schema.org\/CreativeWork\" ><div class='avia_textblock'  itemprop=\"text\" ><h1 style=\"text-align: center;\">Qui sommes-nous ?<\/h1>\n<h2 style=\"text-align: center;\">C'est Action Pour l\u2019Humanit\u00e9<\/h2>\n<\/div><\/section><br \/>\n\n<style type=\"text\/css\" data-created_by=\"avia_inline_auto\" id=\"style-css-av-dr8-a6370266303e52f4b5c1e39a44d9b4a3\">\n#top .hr.hr-invisible.av-dr8-a6370266303e52f4b5c1e39a44d9b4a3{\nheight:20px;\n}\n<\/style>\n<div  class='hr av-dr8-a6370266303e52f4b5c1e39a44d9b4a3 hr-invisible  avia-builder-el-4  el_after_av_textblock  el_before_av_textblock'><span class='hr-inner'><span class=\"hr-inner-style\"><\/span><\/span><\/div><br \/>\n<section  class='av_textblock_section av-k60w-b02aaf5ba09e877398fe611c8d170bde'  itemscope=\"itemscope\" itemtype=\"https:\/\/schema.org\/CreativeWork\" ><div class='avia_textblock'  itemprop=\"text\" ><p>Action Pour l\u2019Humanit\u00e9 (APH) a \u00e9t\u00e9 cr\u00e9\u00e9e en 1998 en tant qu\u2019Organisation Non Gouvernementale (ONG) humanitaire. Historiquement, APH est issue de la section du Bas-Rhin d\u2019une autre ONG allemande appel\u00e9e comit\u00e9 <a href=\"https:\/\/www.cap-anamur.org\/\">CAP ANAMUR<\/a>, fond\u00e9e par le couple Christel et Dr. Rupert Neudeck (\u2020). Ils furent \u00e0 l\u2019origine tant de la naissance que du d\u00e9veloppement d\u2019Action Pour l\u2019Humanit\u00e9.<\/p>\n<p>APH est engag\u00e9e dans des projets m\u00e9dicaux et sociaux qu\u2019elle a initi\u00e9s au B\u00e9nin et au Niger, deux pays d'Afrique de l'Ouest parmi les plus pauvres au monde. Ses b\u00e9n\u00e9voles viennent \u00e9galement en aide aux populations en d\u00e9tresse dans d\u2019autres pays devenus zones de crise, du fait de catastrophes naturelles ou de guerres. Pour ce faire, ils coop\u00e8rent avec diverses organisations partenaires, en Allemagne et sur le terrain.<\/p>\n<p>En 2001, est cr\u00e9\u00e9e la fondation Action Pour l\u2019Humanit\u00e9 (APH). Au d\u00e9part \u00e9troitement li\u00e9e \u00e0 l\u2019ONG, elle seule a finalement perdur\u00e9 simplifiant ainsi l\u2019organisation et la gestion. La fondation APH est donc l'organe op\u00e9rationnel\u00a0; c\u2019est elle qui met en \u0153uvre les actions dans les diff\u00e9rents pays d'intervention. Bien entendu, le statut de fondation permet \u00e9galement de garantir sur le long terme les projets humanitaires d\u2019APH, par le biais de legs ou de donations.<\/p>\n<p>Des membres renomm\u00e9s du monde politique et \u00e9conomique soutiennent activement le travail humanitaire de la fondation et en favorisent la promotion et le d\u00e9veloppement.<\/p>\n<p>Si vous aussi souhaitez faire un don, vous trouverez de plus amples informations ici. Ensemble, gr\u00e2ce \u00e0 nos donateurs, nous agissons de mani\u00e8re concr\u00e8te, efficace et p\u00e9renne.<\/p>\n<\/div><\/section><\/p><\/div>\n\n<\/div><\/div><\/div><!-- close content main div --><\/div><\/div><div id='icongrid-orange'  class='avia-section av-kbvx2u31-8fbb72020524b41b2c99bacf183af65f alternate_color avia-section-default avia-no-border-styling  avia-builder-el-6  el_after_av_section  el_before_av_section  av-desktop-hide av-medium-hide av-small-hide av-mini-hide avia-bg-style-scroll container_wrap sidebar_right'  ><div class='container av-section-cont-open' ><div class='template-page content  av-content-small alpha units'><div class='post-entry post-entry-type-page post-entry-11'><div class='entry-content-wrapper clearfix'>\n\n<style type=\"text\/css\" data-created_by=\"avia_inline_auto\" id=\"style-css-av-kbvx4638-5f30d3bd28caad49c9ab2a0048a6b7c4\">\n.flex_column.av-kbvx4638-5f30d3bd28caad49c9ab2a0048a6b7c4{\n-webkit-border-radius:0px 0px 0px 0px;\n-moz-border-radius:0px 0px 0px 0px;\nborder-radius:0px 0px 0px 0px;\npadding:0px 10% 0px 10%;\n}\n<\/style>\n<div class='flex_column av-kbvx4638-5f30d3bd28caad49c9ab2a0048a6b7c4 av_one_full  avia-builder-el-7  el_before_av_icongrid  avia-builder-el-first  first flex_column_div'     ><p>\n<style type=\"text\/css\" data-created_by=\"avia_inline_auto\" id=\"style-css-av-dr8-13-77ad35a3f0db308209f8ae0bb0f5a024\">\n#top .hr.hr-invisible.av-dr8-13-77ad35a3f0db308209f8ae0bb0f5a024{\nheight:70px;\n}\n<\/style>\n<div  class='hr av-dr8-13-77ad35a3f0db308209f8ae0bb0f5a024 hr-invisible  avia-builder-el-8  el_before_av_textblock  avia-builder-el-first'><span class='hr-inner'><span class=\"hr-inner-style\"><\/span><\/span><\/div><br \/>\n<section  class='av_textblock_section av-k9v8z92v-14-f100e8b144ff0745ff83a87555ea6489'  itemscope=\"itemscope\" itemtype=\"https:\/\/schema.org\/CreativeWork\" ><div class='avia_textblock'  itemprop=\"text\" ><h3 style=\"text-align: center;\">Aktion Pro Humanit\u00e4t<\/h3>\n<h4 style=\"text-align: center;\">Chiffres - Donn\u00e9es - Faits<\/h4>\n<\/div><\/section><br \/>\n\n<style type=\"text\/css\" data-created_by=\"avia_inline_auto\" id=\"style-css-av-dr8-11-eec275d51a1002d8110d2fb76f9e74de\">\n#top .hr.hr-invisible.av-dr8-11-eec275d51a1002d8110d2fb76f9e74de{\nheight:50px;\n}\n<\/style>\n<div  class='hr av-dr8-11-eec275d51a1002d8110d2fb76f9e74de hr-invisible  avia-builder-el-10  el_after_av_textblock  avia-builder-el-last'><span class='hr-inner'><span class=\"hr-inner-style\"><\/span><\/span><\/div><\/p><\/div>\n<style type=\"text\/css\" data-created_by=\"avia_inline_auto\" id=\"style-css-av-kbi9ctml-5e88323ba47643338d4fd25cd0c80df2\">\n.avia-icon-grid-container.av-kbi9ctml-5e88323ba47643338d4fd25cd0c80df2 .avia-icongrid{\njustify-content:space-between;\n}\n<\/style>\n<div  class='avia-icon-grid-container av-kbi9ctml-5e88323ba47643338d4fd25cd0c80df2  avia-builder-el-11  el_after_av_one_full  el_before_av_one_full' ><ul id='avia-icongrid-69ea064ce56b2' class='avia-icongrid clearfix avia_animate_when_almost_visible avia-icongrid-flipbox avia-icongrid-numrow-4 avia-cell-space-between av-flex-cells av-break-767 av-can-break-50'>\n<li class='av-icon-cell-item av-row-with-4-cells av-row-nr-1 av-cell-1 av-first-cell-row av-first-cell-item'><div class='avia-icongrid-wrapper av-2bqcz-b4eeacba3db49bd6d1e9090ef5508c5b'><article class='article-icon-entry'  itemscope=\"itemscope\" itemtype=\"https:\/\/schema.org\/CreativeWork\" ><div class='avia-icongrid-front'><div class=\"avia-icongrid-inner\"><div class='avia-icongrid-icon avia-font-svg-font'><span class='icongrid-char' aria-hidden='true' data-av_icon='\ue12c' data-av_iconfont='svg-font'><\/span><\/div><header class=\"entry-content-header\"><h4 class='av_icongrid_title icongrid_title'  itemprop=\"headline\" >1993<\/h4><\/header><\/div><\/div><div class='avia-icongrid-flipback'><div class=\"avia-icongrid-inner\"><div class='avia-icongrid-text'  itemprop=\"text\" ><p>wurde die Aktion Pro Humanit\u00e4t als Sektion Niederrhein des Komitee CAP ANANUR gegr\u00fcndet.<\/p>\n<\/div><\/div><\/div><\/article><\/div><\/li>\n<li class='av-icon-cell-item av-row-with-4-cells av-row-nr-1 av-cell-2 av-first-cell-row av-inner-cell-item'><div class='avia-icongrid-wrapper av-1n73r-5b06db8588ea34410509450638007045'><article class='article-icon-entry'  itemscope=\"itemscope\" itemtype=\"https:\/\/schema.org\/CreativeWork\" ><div class='avia-icongrid-front'><div class=\"avia-icongrid-inner\"><div class='avia-icongrid-icon avia-font-svg-font'><span class='icongrid-char' aria-hidden='true' data-av_icon='\ue0df' data-av_iconfont='svg-font'><\/span><\/div><header class=\"entry-content-header\"><h4 class='av_icongrid_title icongrid_title'  itemprop=\"headline\" >300.000 D-Mark<\/h4><\/header><\/div><\/div><div class='avia-icongrid-flipback'><div class=\"avia-icongrid-inner\"><div class='avia-icongrid-text'  itemprop=\"text\" ><p>waren die Kosten f\u00fcr den Bau des kleinen Buschkrankenhauses in Benin, das 1994 bis 1995 errichtet wurde.<\/p>\n<\/div><\/div><\/div><\/article><\/div><\/li>\n<li class='av-icon-cell-item av-row-with-4-cells av-row-nr-1 av-cell-3 av-first-cell-row av-inner-cell-item'><div class='avia-icongrid-wrapper av-14xjj-372ad0702bbcdb1a34934f1524d4fc49'><article class='article-icon-entry'  itemscope=\"itemscope\" itemtype=\"https:\/\/schema.org\/CreativeWork\" ><div class='avia-icongrid-front'><div class=\"avia-icongrid-inner\"><div class='avia-icongrid-icon avia-font-svg-font'><span class='icongrid-char' aria-hidden='true' data-av_icon='\ue0f1' data-av_iconfont='svg-font'><\/span><\/div><header class=\"entry-content-header\"><h4 class='av_icongrid_title icongrid_title'  itemprop=\"headline\" >1995<\/h4><\/header><\/div><\/div><div class='avia-icongrid-flipback'><div class=\"avia-icongrid-inner\"><div class='avia-icongrid-text'  itemprop=\"text\" ><p>Einweihung der Krankenstation in Gohomey<\/p>\n<\/div><\/div><\/div><\/article><\/div><\/li>\n<li class='av-icon-cell-item av-row-with-4-cells av-row-nr-1 av-cell-4 av-first-cell-row av-last-cell-item'><div class='avia-icongrid-wrapper av-104s3-1c04e7a5e16b1aa1be9d783e7ca545c2'><article class='article-icon-entry'  itemscope=\"itemscope\" itemtype=\"https:\/\/schema.org\/CreativeWork\" ><div class='avia-icongrid-front'><div class=\"avia-icongrid-inner\"><div class='avia-icongrid-icon avia-font-svg-font'><span class='icongrid-char' aria-hidden='true' data-av_icon='\ue06e' data-av_iconfont='svg-font'><\/span><\/div><header class=\"entry-content-header\"><h4 class='av_icongrid_title icongrid_title'  itemprop=\"headline\" >5 Millionen<\/h4><\/header><\/div><\/div><div class='avia-icongrid-flipback'><div class=\"avia-icongrid-inner\"><div class='avia-icongrid-text'  itemprop=\"text\" ><p>Euro Spendengelder sind in den letzten 25 Jahren f\u00fcr die Menschen in Benin, im Niger und in die Krisenregionen durch APH geflossen.<\/p>\n<\/div><\/div><\/div><\/article><\/div><\/li>\n<\/ul><\/div>\n\n<style type=\"text\/css\" data-created_by=\"avia_inline_auto\" id=\"style-css-av-y2w4-1478d958636fe007bdfd32a6561aa79e\">\n.flex_column.av-y2w4-1478d958636fe007bdfd32a6561aa79e{\n-webkit-border-radius:0px 0px 0px 0px;\n-moz-border-radius:0px 0px 0px 0px;\nborder-radius:0px 0px 0px 0px;\npadding:0px 0px 0px 0px;\n}\n<\/style>\n<div class='flex_column av-y2w4-1478d958636fe007bdfd32a6561aa79e av_one_full  avia-builder-el-12  el_after_av_icongrid  el_before_av_hr  first flex_column_div av-zero-column-padding'     ><p>\n<style type=\"text\/css\" data-created_by=\"avia_inline_auto\" id=\"style-css-av-dr8-9-50baad8f11833c7b23dbe1a5c3b51c59\">\n#top .hr.hr-invisible.av-dr8-9-50baad8f11833c7b23dbe1a5c3b51c59{\nheight:25px;\n}\n<\/style>\n<div  class='hr av-dr8-9-50baad8f11833c7b23dbe1a5c3b51c59 hr-invisible  avia-builder-el-13  el_before_av_textblock  avia-builder-el-first'><span class='hr-inner'><span class=\"hr-inner-style\"><\/span><\/span><\/div><br \/>\n<section  class='av_textblock_section av-ke8byvoq-c56d0b99dc49abe7854947ecb3f46191'  itemscope=\"itemscope\" itemtype=\"https:\/\/schema.org\/CreativeWork\" ><div class='avia_textblock'  itemprop=\"text\" ><div style=\"font-size: 0.6em; text-align: center;\">Icons erstellt von <a title=\"Dave Gandy\" href=\"https:\/\/www.flaticon.com\/de\/autoren\/dave-gandy\">Dave Gandy<\/a> from <a title=\"Flaticon\" href=\"https:\/\/www.flaticon.com\/de\/\">www.flaticon.com<\/a><\/div>\n<\/div><\/section><\/p><\/div>\n<style type=\"text\/css\" data-created_by=\"avia_inline_auto\" id=\"style-css-av-dr8-8-b4c0207546908a6da5f88ecabe2e508b\">\n#top .hr.hr-invisible.av-dr8-8-b4c0207546908a6da5f88ecabe2e508b{\nheight:70px;\n}\n<\/style>\n<div  class='hr av-dr8-8-b4c0207546908a6da5f88ecabe2e508b hr-invisible  avia-builder-el-15  el_after_av_one_full  avia-builder-el-last'><span class='hr-inner'><span class=\"hr-inner-style\"><\/span><\/span><\/div>\n\n<\/div><\/div><\/div><!-- close content main div --><\/div><\/div><div id='av_section_3'  class='avia-section av-2h1s-16-3a1f78638e5eb014c6914bca0991f103 alternate_color avia-section-large avia-no-border-styling  avia-builder-el-16  el_after_av_section  el_before_av_section  avia-bg-style-scroll container_wrap sidebar_right'  ><div class='container av-section-cont-open' ><div class='template-page content  av-content-small alpha units'><div class='post-entry post-entry-type-page post-entry-11'><div class='entry-content-wrapper clearfix'>\n\n<style type=\"text\/css\" data-created_by=\"avia_inline_auto\" id=\"style-css-av-om16-15-170b6599dbc516daeb39fe208a58d513\">\n.flex_column.av-om16-15-170b6599dbc516daeb39fe208a58d513{\n-webkit-border-radius:0px 0px 0px 0px;\n-moz-border-radius:0px 0px 0px 0px;\nborder-radius:0px 0px 0px 0px;\npadding:0px 10% 0px 10%;\n}\n<\/style>\n<div class='flex_column av-om16-15-170b6599dbc516daeb39fe208a58d513 av_one_full  avia-builder-el-17  avia-builder-el-no-sibling  first av-break-at-tablet flex_column_div'     ><section  class='av_textblock_section av-k9v8z92v-10-195102d357d9179cd9c4734928b275b2'  itemscope=\"itemscope\" itemtype=\"https:\/\/schema.org\/CreativeWork\" ><div class='avia_textblock'  itemprop=\"text\" ><h3 style=\"text-align: center;\">Jahresberichte &amp; APH Journal<\/h3>\n<\/div><\/section><br \/>\n\n<style type=\"text\/css\" data-created_by=\"avia_inline_auto\" id=\"style-css-av-dr8-7-1a342f09f0206f58c8b3ef1c31f01b29\">\n#top .hr.hr-invisible.av-dr8-7-1a342f09f0206f58c8b3ef1c31f01b29{\nheight:20px;\n}\n<\/style>\n<div  class='hr av-dr8-7-1a342f09f0206f58c8b3ef1c31f01b29 hr-invisible  avia-builder-el-19  el_after_av_textblock  el_before_av_textblock'><span class='hr-inner'><span class=\"hr-inner-style\"><\/span><\/span><\/div><br \/>\n<section  class='av_textblock_section av-k60w-12-f81dda2e87c652a8866f67a53139db36'  itemscope=\"itemscope\" itemtype=\"https:\/\/schema.org\/CreativeWork\" ><div class='avia_textblock'  itemprop=\"text\" ><p>Im Downloadbereich stehen Ihnen unsere Jahresberichte mit einem R\u00fcckblick auf unsere Arbeit in vergangenen Zeiten zur freien Verf\u00fcgung. Des Weiteren finden Sie auf dieser Seite unser APH Journal zum Herunterladen. Darin informieren wir Sie \u00fcber Neuigkeiten im Rahmen unserer Projektarbeit sowie \u00fcber wichtige Termine. Schauen Sie doch einfach mal rein.<\/p>\n<\/div><\/section><br \/>\n\n<style type=\"text\/css\" data-created_by=\"avia_inline_auto\" id=\"style-css-av-dr8-4-5112cfbbb19ecf5676e701c8c643e488\">\n#top .hr.hr-invisible.av-dr8-4-5112cfbbb19ecf5676e701c8c643e488{\nheight:50px;\n}\n<\/style>\n<div  class='hr av-dr8-4-5112cfbbb19ecf5676e701c8c643e488 hr-invisible  avia-builder-el-21  el_after_av_textblock  el_before_av_button'><span class='hr-inner'><span class=\"hr-inner-style\"><\/span><\/span><\/div><br \/>\n<div  class='avia-button-wrap av-kbjid3z1-8af1a08fe4899426dfadbd34ed6eed35-wrap avia-button-center  avia-builder-el-22  el_after_av_hr  avia-builder-el-last'><a href='https:\/\/pro-humanitaet.de\/fr\/downloads\/'  class='avia-button av-kbjid3z1-8af1a08fe4899426dfadbd34ed6eed35 avia-icon_select-no avia-size-x-large avia-position-center avia-color-theme-color'  ><span class='avia_iconbox_title' >Downloads<\/span><\/a><\/div><\/p><\/div>\n\n<\/div><\/div><\/div><!-- close content main div --><\/div><\/div><div id='av_section_4'  class='avia-section av-13zcz-a7429bc6fef4c4b257e077830731b36b main_color avia-section-default avia-no-border-styling  avia-builder-el-23  el_after_av_section  avia-builder-el-last  avia-bg-style-scroll container_wrap sidebar_right'  ><div class='container av-section-cont-open' ><div class='template-page content  av-content-small alpha units'><div class='post-entry post-entry-type-page post-entry-11'><div class='entry-content-wrapper clearfix'>\n\n<style type=\"text\/css\" data-created_by=\"avia_inline_auto\" id=\"style-css-av-om16-6-fb2cb03871ddbbf7513bde5e8ab7fd32\">\n.flex_column.av-om16-6-fb2cb03871ddbbf7513bde5e8ab7fd32{\n-webkit-border-radius:0px 0px 0px 0px;\n-moz-border-radius:0px 0px 0px 0px;\nborder-radius:0px 0px 0px 0px;\npadding:0px 10% 0px 10%;\n}\n<\/style>\n<div class='flex_column av-om16-6-fb2cb03871ddbbf7513bde5e8ab7fd32 av_one_full  avia-builder-el-24  el_before_av_masonry_gallery  avia-builder-el-no-sibling  first av-break-at-tablet flex_column_div'     ><p>\n<style type=\"text\/css\" data-created_by=\"avia_inline_auto\" id=\"style-css-av-dr8-3-975dbf47b7993ed59afd7ccda9c0876a\">\n#top .hr.hr-invisible.av-dr8-3-975dbf47b7993ed59afd7ccda9c0876a{\nheight:50px;\n}\n<\/style>\n<div  class='hr av-dr8-3-975dbf47b7993ed59afd7ccda9c0876a hr-invisible  avia-builder-el-25  el_before_av_textblock  avia-builder-el-first'><span class='hr-inner'><span class=\"hr-inner-style\"><\/span><\/span><\/div><br \/>\n<section  class='av_textblock_section av-k9v8z92v-5-9343bfe802b75c5b197190da676de939'  itemscope=\"itemscope\" itemtype=\"https:\/\/schema.org\/CreativeWork\" ><div class='avia_textblock'  itemprop=\"text\" ><h3 style=\"text-align: center;\">Erfahren Sie mehr<\/h3>\n<h4 style=\"text-align: center;\">\u00dcber uns und unser Projektgeschehen<\/h4>\n<\/div><\/section><br \/>\n\n<style type=\"text\/css\" data-created_by=\"avia_inline_auto\" id=\"style-css-av-dr8-2-0f058066fac4213b1929a956c83302ab\">\n#top .hr.hr-invisible.av-dr8-2-0f058066fac4213b1929a956c83302ab{\nheight:50px;\n}\n<\/style>\n<div  class='hr av-dr8-2-0f058066fac4213b1929a956c83302ab hr-invisible  avia-builder-el-27  el_after_av_textblock  avia-builder-el-last'><span class='hr-inner'><span class=\"hr-inner-style\"><\/span><\/span><\/div><\/p><\/div><div id='av-masonry-1' class='av-masonry av-t9o2-83fd6419345b36d38760ae0ef88d243f noHover av-flex-size av-large-gap av-hover-overlay-active av-masonry-animation-active av-masonry-col-2 av-caption-always av-caption-style- av-masonry-gallery' data-post_id=\"11\"><div class=\"av-masonry-container isotope av-js-disabled\"><div class='av-masonry-entry isotope-item av-masonry-item-no-image'><\/div><a href=\"https:\/\/pro-humanitaet.de\/fr\/ueber-uns\/stiftung\/\"  aria-label=\"image Stiftung und Stiftungskuratorium\"  id='av-masonry-1-item-9415' data-av-masonry-item='9415' class='av-masonry-entry isotope-item post-9415 attachment type-attachment status-inherit hentry  av-masonry-item-with-image' title=\"Stiftung und Stiftungskuratorium\" alt=\"\"  data-av-masonry-custom-link=\"https:\/\/pro-humanitaet.de\/ueber-uns\/stiftung\/\"  itemprop=\"thumbnailUrl\" ><div class='av-inner-masonry-sizer'><\/div><figure class='av-inner-masonry main_color'><div class=\"av-masonry-outerimage-container\"><div class='av-masonry-image-container'   ><img decoding=\"async\" width=\"600\" height=\"400\" class=\"wp-image-9415 avia-img-lazy-loading-not-9415\"  src=\"https:\/\/pro-humanitaet.de\/wp-content\/uploads\/2025\/12\/aph_stiftung-kuratorium-thumbnail.jpg\" title=\"Stiftung und Stiftungskuratorium\" alt=\"\" srcset=\"https:\/\/pro-humanitaet.de\/wp-content\/uploads\/2025\/12\/aph_stiftung-kuratorium-thumbnail.jpg 600w, https:\/\/pro-humanitaet.de\/wp-content\/uploads\/2025\/12\/aph_stiftung-kuratorium-thumbnail-300x200.jpg 300w, https:\/\/pro-humanitaet.de\/wp-content\/uploads\/2025\/12\/aph_stiftung-kuratorium-thumbnail-18x12.jpg 18w\" sizes=\"(max-width: 600px) 100vw, 600px\" \/><\/div><\/div><figcaption class='av-inner-masonry-content site-background'><div class='av-inner-masonry-content-pos'><div class='av-inner-masonry-content-pos-content'><div class='avia-arrow'><\/div><h3 class='av-masonry-entry-title entry-title'  itemprop=\"headline\" >Stiftung und Stiftungskuratorium<\/h3><\/div><\/div><\/figcaption><\/figure><\/a><!--end av-masonry entry--><a href=\"https:\/\/pro-humanitaet.de\/fr\/ueber-uns\/zeittafel-projektgeschehen\/\"  aria-label=\"image Unsere Geschichte\"  id='av-masonry-1-item-5250' data-av-masonry-item='5250' class='av-masonry-entry isotope-item post-5250 attachment type-attachment status-inherit hentry  av-masonry-item-with-image' title=\"Unsere Geschichte\" alt=\"\"  data-av-masonry-custom-link=\"https:\/\/pro-humanitaet.de\/?page_id=56\"  itemprop=\"thumbnailUrl\" ><div class='av-inner-masonry-sizer'><\/div><figure class='av-inner-masonry main_color'><div class=\"av-masonry-outerimage-container\"><div class='av-masonry-image-container'   ><img decoding=\"async\" width=\"600\" height=\"400\" class=\"wp-image-5250 avia-img-lazy-loading-not-5250\"  src=\"https:\/\/pro-humanitaet.de\/wp-content\/uploads\/2020\/06\/thumbnail_geschichte.jpg\" title=\"Unsere Geschichte\" alt=\"\" srcset=\"https:\/\/pro-humanitaet.de\/wp-content\/uploads\/2020\/06\/thumbnail_geschichte.jpg 600w, https:\/\/pro-humanitaet.de\/wp-content\/uploads\/2020\/06\/thumbnail_geschichte-300x200.jpg 300w\" sizes=\"(max-width: 600px) 100vw, 600px\" \/><\/div><\/div><figcaption class='av-inner-masonry-content site-background'><div class='av-inner-masonry-content-pos'><div class='av-inner-masonry-content-pos-content'><div class='avia-arrow'><\/div><h3 class='av-masonry-entry-title entry-title'  itemprop=\"headline\" >Unsere Geschichte<\/h3><\/div><\/div><\/figcaption><\/figure><\/a><!--end av-masonry entry--><\/div><\/div>\n\n<style type=\"text\/css\" data-created_by=\"avia_inline_auto\" id=\"style-css-av-dr8-1-6898a0ee847036ee461fd358a546c00a\">\n#top .hr.hr-invisible.av-dr8-1-6898a0ee847036ee461fd358a546c00a{\nheight:100px;\n}\n<\/style>\n<div  class='hr av-dr8-1-6898a0ee847036ee461fd358a546c00a hr-invisible  avia-builder-el-29  el_after_av_masonry_gallery  avia-builder-el-no-sibling'><span class='hr-inner'><span class=\"hr-inner-style\"><\/span><\/span><\/div>\n<\/div><\/div><\/div><!-- close content main div --><\/div><\/div><div id='after_section_4'  class='main_color av_default_container_wrap container_wrap sidebar_right'  ><div class='container av-section-cont-open' ><div class='template-page content  av-content-small alpha units'><div class='post-entry post-entry-type-page post-entry-11'><div class='entry-content-wrapper clearfix'>","protected":false},"excerpt":{"rendered":"","protected":false},"author":6,"featured_media":0,"parent":0,"menu_order":0,"comment_status":"open","ping_status":"closed","template":"","meta":[],"acf":[],"_links":{"self":[{"href":"https:\/\/pro-humanitaet.de\/fr\/wp-json\/wp\/v2\/pages\/11"}],"collection":[{"href":"https:\/\/pro-humanitaet.de\/fr\/wp-json\/wp\/v2\/pages"}],"about":[{"href":"https:\/\/pro-humanitaet.de\/fr\/wp-json\/wp\/v2\/types\/page"}],"author":[{"embeddable":true,"href":"https:\/\/pro-humanitaet.de\/fr\/wp-json\/wp\/v2\/users\/6"}],"replies":[{"embeddable":true,"href":"https:\/\/pro-humanitaet.de\/fr\/wp-json\/wp\/v2\/comments?post=11"}],"version-history":[{"count":106,"href":"https:\/\/pro-humanitaet.de\/fr\/wp-json\/wp\/v2\/pages\/11\/revisions"}],"predecessor-version":[{"id":9419,"href":"https:\/\/pro-humanitaet.de\/fr\/wp-json\/wp\/v2\/pages\/11\/revisions\/9419"}],"wp:attachment":[{"href":"https:\/\/pro-humanitaet.de\/fr\/wp-json\/wp\/v2\/media?parent=11"}],"curies":[{"name":"wp","href":"https:\/\/api.w.org\/{rel}","templated":true}]}}