{"id":235,"date":"2014-06-12T17:37:03","date_gmt":"2014-06-12T16:37:03","guid":{"rendered":"http:\/\/prohumanitaet.tradino-gbr.de\/?page_id=235"},"modified":"2020-12-09T11:06:20","modified_gmt":"2020-12-09T10:06:20","slug":"aids-projektarbeit","status":"publish","type":"page","link":"https:\/\/pro-humanitaet.de\/fr\/projekte\/in-benin\/aids-projektarbeit\/","title":{"rendered":"Sida"},"content":{"rendered":"<div id='full_slider_1'  class='avia-fullwidth-slider main_color avia-shadow   avia-builder-el-0  el_before_av_section  avia-builder-el-first   container_wrap sidebar_right'  ><div  class='avia-slideshow av-kbtb70t5-e25c789179866e5730f60a5ac4b35b3a avia-slideshow-featured_large av_slideshow_full avia-slide-slider av-slideshow-ui av-control-default av-slideshow-manual av-loop-once av-loop-manual-endless av-default-height-applied   avia-slideshow-1' data-slideshow-options=\"{&quot;animation&quot;:&quot;slide&quot;,&quot;autoplay&quot;:false,&quot;loop_autoplay&quot;:&quot;once&quot;,&quot;interval&quot;:5,&quot;loop_manual&quot;:&quot;manual-endless&quot;,&quot;autoplay_stopper&quot;:false,&quot;noNavigation&quot;:false,&quot;bg_slider&quot;:false,&quot;keep_padding&quot;:false,&quot;hoverpause&quot;:false,&quot;show_slide_delay&quot;:0}\"  itemprop=\"image\" itemscope=\"itemscope\" itemtype=\"https:\/\/schema.org\/ImageObject\" ><ul class='avia-slideshow-inner' style='padding-bottom: 42%;'><li  class='avia-slideshow-slide av-kbtb70t5-e25c789179866e5730f60a5ac4b35b3a__0  av-single-slide slide-1 slide-odd'><div data-rel='slideshow-1' class='avia-slide-wrap'   ><img decoding=\"async\" class=\"wp-image-7135 avia-img-lazy-loading-not-7135\"  src=\"https:\/\/pro-humanitaet.de\/wp-content\/uploads\/2020\/08\/aph-benin_aids-header-1500x630.jpg\" width=\"1500\" height=\"630\" title='Ein Arzt untersucht einen Patienten' alt=''  itemprop=\"thumbnailUrl\" srcset=\"https:\/\/pro-humanitaet.de\/wp-content\/uploads\/2020\/08\/aph-benin_aids-header-1500x630.jpg 1500w, https:\/\/pro-humanitaet.de\/wp-content\/uploads\/2020\/08\/aph-benin_aids-header-300x125.jpg 300w\" sizes=\"(max-width: 1500px) 100vw, 1500px\" \/><\/div><\/li><\/ul><\/div><\/div>\n<div id='av_section_1'  class='avia-section av-2h1s-3f80a172665769766d6b09f234de0132 main_color avia-section-large avia-no-border-styling  avia-builder-el-1  el_after_av_slideshow_full  el_before_av_section  avia-bg-style-scroll container_wrap sidebar_right'  ><div class='container av-section-cont-open' ><div class='template-page content  av-content-small alpha units'><div class='post-entry post-entry-type-page post-entry-235'><div class='entry-content-wrapper clearfix'>\n\n<style type=\"text\/css\" data-created_by=\"avia_inline_auto\" id=\"style-css-av-om16-49603b053088c06551551828238ed421\">\n.flex_column.av-om16-49603b053088c06551551828238ed421{\n-webkit-border-radius:0px 0px 0px 0px;\n-moz-border-radius:0px 0px 0px 0px;\nborder-radius:0px 0px 0px 0px;\npadding:0px 10% 0px 10%;\n}\n<\/style>\n<div class='flex_column av-om16-49603b053088c06551551828238ed421 av_one_full  avia-builder-el-2  avia-builder-el-no-sibling  first av-break-at-tablet flex_column_div'     ><section  class='av_textblock_section av-k9v8z92v-14a976d1e6391983a798dab28a40adf0'  itemscope=\"itemscope\" itemtype=\"https:\/\/schema.org\/CreativeWork\" ><div class='avia_textblock'  itemprop=\"text\" ><h1 style=\"text-align: center;\">Sida<\/h1>\n<h2 style=\"text-align: center;\">Du diagnostic \u00e0 la th\u00e9rapie<\/h2>\n<\/div><\/section><br \/>\n\n<style type=\"text\/css\" data-created_by=\"avia_inline_auto\" id=\"style-css-av-dr8-a6370266303e52f4b5c1e39a44d9b4a3\">\n#top .hr.hr-invisible.av-dr8-a6370266303e52f4b5c1e39a44d9b4a3{\nheight:20px;\n}\n<\/style>\n<div  class='hr av-dr8-a6370266303e52f4b5c1e39a44d9b4a3 hr-invisible  avia-builder-el-4  el_after_av_textblock  el_before_av_textblock'><span class='hr-inner'><span class=\"hr-inner-style\"><\/span><\/span><\/div><br \/>\n<section  class='av_textblock_section av-k60w-b02aaf5ba09e877398fe611c8d170bde'  itemscope=\"itemscope\" itemtype=\"https:\/\/schema.org\/CreativeWork\" ><div class='avia_textblock'  itemprop=\"text\" ><p style=\"text-align: left;\">Le Centre M\u00e9dico-Social de Gohomey est situ\u00e9 dans l'une des zones les plus \u00e0 risques au B\u00e9nin pour ce qui concerne la transmission du SIDA. La r\u00e9gion du Couffo est en effet l'un des \u00ab\u00a0\u00e9picentres du VIH\u00a0\u00bb dans ce petit pays d'Afrique de l'Ouest. Ceci explique qu\u2019une part importante de l\u2019action du Centre M\u00e9dico-Social de Gohomey est tourn\u00e9e vers ces patients.<\/p>\n<p>Dans les pays voisins aussi, le nombre de personnes infect\u00e9es par le SIDA a augment\u00e9, m\u00eame si les proportions sont encore bien moindres que dans certains pays de l\u2019Est ou du Sud de l\u2019Afrique. Actuellement, le nombre de cas positifs d\u00e9pist\u00e9s conna\u00eet une nouvelle recrudescence au B\u00e9nin, notamment dans le d\u00e9partement du Couffo. La raison invoqu\u00e9e par les organisations de la soci\u00e9t\u00e9 civile est l\u2019augmentation de la prostitution, surtout chez les jeunes filles, par manque de ressources et d\u2019emploi.<\/p>\n<p style=\"text-align: left;\">Jusqu'\u00e0 pr\u00e9sent, APH a pu atteindre plus de 30 000 personnes gr\u00e2ce \u00e0 ses campagnes d'information et de sensibilisation. Gr\u00e2ce \u00e0 des mesures d'information dans les \u00e9coles, \u00e0 des groupes d'entraide, \u00e0 des consultations individuelles et collectives au Centre M\u00e9dico-Social de Gohomey, plusieurs milliers de personnes viennent s\u2019ajouter \u00e0 cet effectif.<span class=\"Apple-converted-space\">\u00a0<\/span><\/p>\n<p style=\"text-align: left;\">La mission sociale, m\u00e9dicale et d\u2019accompagnement individuel du Centre M\u00e9dico-Social de Gohomey s\u2019est fait accepter et conna\u00eetre au fil des ann\u00e9es. Outre la p\u00e9rennit\u00e9 du travail men\u00e9 par le Centre M\u00e9dico-Social, le fait que son action ne se limite pas au d\u00e9pistage et \u00e0 l\u2019information du patient, mais qu'il soit \u00e9galement possible pour les personnes infect\u00e9es d\u2019\u00eatre ensuite prises en charge et de b\u00e9n\u00e9ficier d\u2019un traitement, a contribu\u00e9 de mani\u00e8re d\u00e9cisive \u00e0 cette \u00e9volution.<\/p>\n<p style=\"text-align: left;\">En raison des difficult\u00e9s d\u2019acc\u00e8s aux soins pour les personnes diagnostiqu\u00e9es s\u00e9ropositives, APH a tr\u00e8s t\u00f4t engag\u00e9 ses ressources pour optimiser les conditions de prise en charge de ces patients.<\/p>\n<p style=\"text-align: left;\">L\u2019association d\u2019APH et de deux partenaires en particulier a largement contribu\u00e9 au d\u00e9veloppement de cette prise en charge au sein du Centre M\u00e9dico-Social de Gohomey. Il s'agit d'une part du professeur Wolfgang G\u00f6hde de l'Universit\u00e9 de M\u00fcnster pour le diagnostic du SIDA et d'autre part de l'organisation allemande <a href=\"https:\/\/medeor.de\/de\/?gclid=EAIaIQobChMItMmk-vGD6wIV1OJ3Ch0VCQUpEAAYASAAEgJ0sPD_BwE\" target=\"_blank\" rel=\"noopener\">Action Medeor<\/a>. Le professeur G\u00f6hde a mis au point un cytom\u00e8tre en flux permettant de d\u00e9terminer de mani\u00e8re \u00e9conomique, s\u00fbre et simple le taux de CD4, qui indique le statut immunitaire du patient, appareil dont APH a fait l\u2019acquisition d\u00e8s 2003. Dans le domaine du traitement du SIDA, APH coop\u00e8re avec l'organisation allemande d'aide m\u00e9dicale Action Medeor. Gr\u00e2ce \u00e0 ce partenariat, des m\u00e9dicaments antir\u00e9troviraux financ\u00e9s par Action Medeor ont \u00e9t\u00e9 rendus accessibles durant les trois premi\u00e8res ann\u00e9es pour les besoins du dispensaire. Aujourd'hui, les m\u00e9dicaments sont fournis par le Fonds mondial via le Programme National de Lutte contre le SIDA (PNLS).<\/p>\n<\/div><\/section><br \/>\n\n<style type=\"text\/css\" data-created_by=\"avia_inline_auto\" id=\"style-css-av-dr8-a6370266303e52f4b5c1e39a44d9b4a3\">\n#top .hr.hr-invisible.av-dr8-a6370266303e52f4b5c1e39a44d9b4a3{\nheight:20px;\n}\n<\/style>\n<div  class='hr av-dr8-a6370266303e52f4b5c1e39a44d9b4a3 hr-invisible  avia-builder-el-6  el_after_av_textblock  avia-builder-el-last'><span class='hr-inner'><span class=\"hr-inner-style\"><\/span><\/span><\/div><\/p><\/div>\n\n<\/div><\/div><\/div><!-- close content main div --><\/div><\/div><div id='icongrid-orange'  class='avia-section av-kbvx2u31-dc247305a05351876059a3f6e10821b6 alternate_color avia-section-default avia-no-border-styling  avia-builder-el-7  el_after_av_section  el_before_av_section  avia-bg-style-scroll container_wrap sidebar_right'  ><div class='container av-section-cont-open' ><div class='template-page content  av-content-small alpha units'><div class='post-entry post-entry-type-page post-entry-235'><div class='entry-content-wrapper clearfix'>\n\n<style type=\"text\/css\" data-created_by=\"avia_inline_auto\" id=\"style-css-av-kbvx4638-5f30d3bd28caad49c9ab2a0048a6b7c4\">\n.flex_column.av-kbvx4638-5f30d3bd28caad49c9ab2a0048a6b7c4{\n-webkit-border-radius:0px 0px 0px 0px;\n-moz-border-radius:0px 0px 0px 0px;\nborder-radius:0px 0px 0px 0px;\npadding:0px 10% 0px 10%;\n}\n<\/style>\n<div class='flex_column av-kbvx4638-5f30d3bd28caad49c9ab2a0048a6b7c4 av_one_full  avia-builder-el-8  el_before_av_icongrid  avia-builder-el-first  first flex_column_div'     ><p>\n<style type=\"text\/css\" data-created_by=\"avia_inline_auto\" id=\"style-css-av-dr8-522199a988477927e8c4fd7e2253fef0\">\n#top .hr.hr-invisible.av-dr8-522199a988477927e8c4fd7e2253fef0{\nheight:50px;\n}\n<\/style>\n<div  class='hr av-dr8-522199a988477927e8c4fd7e2253fef0 hr-invisible  avia-builder-el-9  el_before_av_textblock  avia-builder-el-first'><span class='hr-inner'><span class=\"hr-inner-style\"><\/span><\/span><\/div><br \/>\n<section  class='av_textblock_section av-k9v8z92v-14a976d1e6391983a798dab28a40adf0'  itemscope=\"itemscope\" itemtype=\"https:\/\/schema.org\/CreativeWork\" ><div class='avia_textblock'  itemprop=\"text\" ><h3 style=\"text-align: center;\">Le SIDA au B\u00e9nin<\/h3>\n<h4 style=\"text-align: center;\">Chiffres - Donn\u00e9es - Faits<\/h4>\n<\/div><\/section><br \/>\n<section  class='av_textblock_section av-k9v8z92v-dd3c3168f0908e47ba194ac7b57c489c'  itemscope=\"itemscope\" itemtype=\"https:\/\/schema.org\/CreativeWork\" ><div class='avia_textblock caption'  itemprop=\"text\" ><p style=\"text-align: center;\"><em>Daten: APH &amp; <a href=\"https:\/\/www.unaids.org\/en\" target=\"_blank\" rel=\"noopener\">UNAIDS<\/a><\/em><\/p>\n<\/div><\/section><\/p><\/div>\n<style type=\"text\/css\" data-created_by=\"avia_inline_auto\" id=\"style-css-av-kbi9ctml-249cbe896fb670edb3b9e8dc4641ef78\">\n.avia-icon-grid-container.av-kbi9ctml-249cbe896fb670edb3b9e8dc4641ef78 .avia-icongrid{\njustify-content:space-between;\n}\n<\/style>\n<div  class='avia-icon-grid-container av-kbi9ctml-249cbe896fb670edb3b9e8dc4641ef78  avia-builder-el-12  el_after_av_one_full  avia-builder-el-last' ><ul id='avia-icongrid-69ea064b1cfc0' class='avia-icongrid clearfix avia_animate_when_almost_visible avia-icongrid-flipbox avia-icongrid-numrow-5 avia-cell-space-between av-flex-cells av-break-767 av-can-break-50'>\n<li class='av-icon-cell-item av-row-with-5-cells av-row-nr-1 av-cell-1 av-first-cell-row av-first-cell-item'><div class='avia-icongrid-wrapper av-d9wnn-3a950c00829c565b96dc81380752756b'><article class='article-icon-entry'  itemscope=\"itemscope\" itemtype=\"https:\/\/schema.org\/CreativeWork\" ><div class='avia-icongrid-front'><div class=\"avia-icongrid-inner\"><div class='avia-icongrid-icon avia-font-entypo-fontello'><span class='icongrid-char' aria-hidden='true' data-av_icon='\ue80a' data-av_iconfont='entypo-fontello'><\/span><\/div><header class=\"entry-content-header\"><h4 class='av_icongrid_title icongrid_title'  itemprop=\"headline\" >75.000<\/h4><\/header><\/div><\/div><div class='avia-icongrid-flipback'><div class=\"avia-icongrid-inner\"><div class='avia-icongrid-text'  itemprop=\"text\" ><p>personnes s\u00e9ropositives au B\u00e9nin en 2019<\/p>\n<\/div><\/div><\/div><\/article><\/div><\/li>\n<li class='av-icon-cell-item av-row-with-5-cells av-row-nr-1 av-cell-2 av-first-cell-row av-inner-cell-item'><div class='avia-icongrid-wrapper av-96scz-b5da56b1c073f963bae4aa2d9a5ef1d8'><article class='article-icon-entry'  itemscope=\"itemscope\" itemtype=\"https:\/\/schema.org\/CreativeWork\" ><div class='avia-icongrid-front'><div class=\"avia-icongrid-inner\"><div class='avia-icongrid-icon avia-font-entypo-fontello'><span class='icongrid-char' aria-hidden='true' data-av_icon='\ue813' data-av_iconfont='entypo-fontello'><\/span><\/div><header class=\"entry-content-header\"><h4 class='av_icongrid_title icongrid_title'  itemprop=\"headline\" >2300<\/h4><\/header><\/div><\/div><div class='avia-icongrid-flipback'><div class=\"avia-icongrid-inner\"><div class='avia-icongrid-text'  itemprop=\"text\" ><p>d\u00e9c\u00e8s dus au SIDA enregistr\u00e9s en 2019<\/p>\n<\/div><\/div><\/div><\/article><\/div><\/li>\n<li class='av-icon-cell-item av-row-with-5-cells av-row-nr-1 av-cell-3 av-first-cell-row av-inner-cell-item'><div class='avia-icongrid-wrapper av-cn4fv-d897fd8e7f67b53ffb78b37301d84e6f'><article class='article-icon-entry'  itemscope=\"itemscope\" itemtype=\"https:\/\/schema.org\/CreativeWork\" ><div class='avia-icongrid-front'><div class=\"avia-icongrid-inner\"><div class='avia-icongrid-icon avia-font-entypo-fontello'><span class='icongrid-char' aria-hidden='true' data-av_icon='\ue83b' data-av_iconfont='entypo-fontello'><\/span><\/div><header class=\"entry-content-header\"><h4 class='av_icongrid_title icongrid_title'  itemprop=\"headline\" >30.000<\/h4><\/header><\/div><\/div><div class='avia-icongrid-flipback'><div class=\"avia-icongrid-inner\"><div class='avia-icongrid-text'  itemprop=\"text\" ><p>Menschen konnten bisher durch die Aids-Kampagnen von APH aufgekl\u00e4rt werden.<\/p>\n<\/div><\/div><\/div><\/article><\/div><\/li>\n<li class='av-icon-cell-item av-row-with-5-cells av-row-nr-1 av-cell-4 av-first-cell-row av-inner-cell-item'><div class='avia-icongrid-wrapper av-8i83n-713e8680e820eae35ef8cd535e0ae2ea'><article class='article-icon-entry'  itemscope=\"itemscope\" itemtype=\"https:\/\/schema.org\/CreativeWork\" ><div class='avia-icongrid-front'><div class=\"avia-icongrid-inner\"><div class='avia-icongrid-icon avia-font-flaticon'><span class='icongrid-char' aria-hidden='true' data-av_icon='\uf10c' data-av_iconfont='flaticon'><\/span><\/div><header class=\"entry-content-header\"><h4 class='av_icongrid_title icongrid_title'  itemprop=\"headline\" >3300<\/h4><\/header><\/div><\/div><div class='avia-icongrid-flipback'><div class=\"avia-icongrid-inner\"><div class='avia-icongrid-text'  itemprop=\"text\" ><p>patients re\u00e7oivent leur traitement \u00e0 APH<\/p>\n<div class=\"special-heading-border\"><\/div>\n<\/div><\/div><\/div><\/article><\/div><\/li>\n<li class='av-icon-cell-item av-row-with-5-cells av-row-nr-1 av-cell-5 av-first-cell-row av-last-cell-item'><div class='avia-icongrid-wrapper av-895pn-2f1766a8a075a78270e5d1e9150ffa95'><article class='article-icon-entry'  itemscope=\"itemscope\" itemtype=\"https:\/\/schema.org\/CreativeWork\" ><div class='avia-icongrid-front'><div class=\"avia-icongrid-inner\"><div class='avia-icongrid-icon avia-font-entypo-fontello'><span class='icongrid-char' aria-hidden='true' data-av_icon='\ue80b' data-av_iconfont='entypo-fontello'><\/span><\/div><header class=\"entry-content-header\"><h4 class='av_icongrid_title icongrid_title'  itemprop=\"headline\" >45.000<\/h4><\/header><\/div><\/div><div class='avia-icongrid-flipback'><div class=\"avia-icongrid-inner\"><div class='avia-icongrid-text'  itemprop=\"text\" ><p>Kinder sind aufgrund von Aids Waisen in Benin.<\/p>\n<\/div><\/div><\/div><\/article><\/div><\/li>\n<\/ul><\/div>\n\n<\/div><\/div><\/div><!-- close content main div --><\/div><\/div><div id='project-links-section'  class='avia-section av-2h1s-587422763fb6d26973a4a66e60bd3a23 main_color avia-section-large avia-no-border-styling  avia-builder-el-13  el_after_av_section  avia-builder-el-last  avia-bg-style-scroll container_wrap sidebar_right'  ><div class='container av-section-cont-open' ><div class='template-page content  av-content-small alpha units'><div class='post-entry post-entry-type-page post-entry-235'><div class='entry-content-wrapper clearfix'>\n\n<style type=\"text\/css\" data-created_by=\"avia_inline_auto\" id=\"style-css-av-om16-49603b053088c06551551828238ed421\">\n.flex_column.av-om16-49603b053088c06551551828238ed421{\n-webkit-border-radius:0px 0px 0px 0px;\n-moz-border-radius:0px 0px 0px 0px;\nborder-radius:0px 0px 0px 0px;\npadding:0px 10% 0px 10%;\n}\n<\/style>\n<div class='flex_column av-om16-49603b053088c06551551828238ed421 av_one_full  avia-builder-el-14  el_before_av_masonry_gallery  avia-builder-el-no-sibling  first av-break-at-tablet flex_column_div'     ><p>\n<style type=\"text\/css\" data-created_by=\"avia_inline_auto\" id=\"style-css-av-dr8-522199a988477927e8c4fd7e2253fef0\">\n#top .hr.hr-invisible.av-dr8-522199a988477927e8c4fd7e2253fef0{\nheight:50px;\n}\n<\/style>\n<div  class='hr av-dr8-522199a988477927e8c4fd7e2253fef0 hr-invisible  avia-builder-el-15  el_before_av_textblock  avia-builder-el-first'><span class='hr-inner'><span class=\"hr-inner-style\"><\/span><\/span><\/div><br \/>\n<section  class='av_textblock_section av-k60w-b02aaf5ba09e877398fe611c8d170bde'  itemscope=\"itemscope\" itemtype=\"https:\/\/schema.org\/CreativeWork\" ><div class='avia_textblock'  itemprop=\"text\" ><h3 style=\"text-align: center;\">Autres projets au B\u00e9nin<\/h3>\n<\/div><\/section><br \/>\n\n<style type=\"text\/css\" data-created_by=\"avia_inline_auto\" id=\"style-css-av-dr8-522199a988477927e8c4fd7e2253fef0\">\n#top .hr.hr-invisible.av-dr8-522199a988477927e8c4fd7e2253fef0{\nheight:50px;\n}\n<\/style>\n<div  class='hr av-dr8-522199a988477927e8c4fd7e2253fef0 hr-invisible  avia-builder-el-17  el_after_av_textblock  avia-builder-el-last'><span class='hr-inner'><span class=\"hr-inner-style\"><\/span><\/span><\/div><\/p><\/div><div id='av-masonry-1' class='av-masonry av-t9o2-3811c73cf93abb1ae002738dfbea6ade noHover av-fixed-size av-large-gap av-hover-overlay-active av-masonry-animation-active av-masonry-col-4 av-caption-always av-caption-style- av-masonry-gallery masonry-gallery-orange' data-post_id=\"235\"><div class=\"av-masonry-container isotope av-js-disabled\"><div class='av-masonry-entry isotope-item av-masonry-item-no-image'><\/div><a href=\"https:\/\/pro-humanitaet.de\/fr\/projekte\/in-benin\/krankenhaus\/\"  aria-label=\"image Krankenstation\"  id='av-masonry-1-item-5188' data-av-masonry-item='5188' class='av-masonry-entry isotope-item post-5188 attachment type-attachment status-inherit hentry  av-masonry-item-with-image' title=\"Centre M\u00e9dico-Social &lt;\/br&gt;de Gohomey\" alt=\"\"  data-av-masonry-custom-link=\"https:\/\/pro-humanitaet.de\/?page_id=229\"  itemprop=\"thumbnailUrl\" ><div class='av-inner-masonry-sizer'><\/div><figure class='av-inner-masonry main_color'><div class=\"av-masonry-outerimage-container\"><div class='av-masonry-image-container' style=\"background-image: url(https:\/\/pro-humanitaet.de\/wp-content\/uploads\/2020\/06\/thumbnail_benin_krankenstation.jpg);\"  title=\"Centre M\u00e9dico-Social &lt;\/br&gt;de Gohomey\"  ><\/div><\/div><figcaption class='av-inner-masonry-content site-background'><div class='av-inner-masonry-content-pos'><div class='av-inner-masonry-content-pos-content'><div class='avia-arrow'><\/div><h3 class='av-masonry-entry-title entry-title'  itemprop=\"headline\" >Centre M\u00e9dico-Social <\/br>de Gohomey<\/h3><\/div><\/div><\/figcaption><\/figure><\/a><!--end av-masonry entry--><a href=\"https:\/\/pro-humanitaet.de\/fr\/projekte\/in-benin\/waisenhaeuser-2\/\"  aria-label=\"image Waisen\"  id='av-masonry-1-item-5189' data-av-masonry-item='5189' class='av-masonry-entry isotope-item post-5189 attachment type-attachment status-inherit hentry  av-masonry-item-with-image' title=\"Les orphelins\" alt=\"\"  data-av-masonry-custom-link=\"https:\/\/pro-humanitaet.de\/?page_id=547\"  itemprop=\"thumbnailUrl\" ><div class='av-inner-masonry-sizer'><\/div><figure class='av-inner-masonry main_color'><div class=\"av-masonry-outerimage-container\"><div class='av-masonry-image-container' style=\"background-image: url(https:\/\/pro-humanitaet.de\/wp-content\/uploads\/2020\/06\/thumbnail_benin_waisen.jpg);\"  title=\"Les orphelins\"  ><\/div><\/div><figcaption class='av-inner-masonry-content site-background'><div class='av-inner-masonry-content-pos'><div class='av-inner-masonry-content-pos-content'><div class='avia-arrow'><\/div><h3 class='av-masonry-entry-title entry-title'  itemprop=\"headline\" >Les orphelins<\/h3><\/div><\/div><\/figcaption><\/figure><\/a><!--end av-masonry entry--><a href=\"https:\/\/pro-humanitaet.de\/fr\/projekte\/in-benin\/bau-von-grundschulen\/\"  aria-label=\"image Schulprojekte &#038; Kinder\"  id='av-masonry-1-item-5186' data-av-masonry-item='5186' class='av-masonry-entry isotope-item post-5186 attachment type-attachment status-inherit hentry  av-masonry-item-with-image' title=\"Schulprojekte &#038; Kinder\" alt=\"\"  data-av-masonry-custom-link=\"https:\/\/pro-humanitaet.de\/?page_id=251\"  itemprop=\"thumbnailUrl\" ><div class='av-inner-masonry-sizer'><\/div><figure class='av-inner-masonry main_color'><div class=\"av-masonry-outerimage-container\"><div class='av-masonry-image-container' style=\"background-image: url(https:\/\/pro-humanitaet.de\/wp-content\/uploads\/2020\/06\/thubnail_benin_schulprojekte-kinder.jpg);\"  title=\"Schulprojekte &#038; Kinder\"  ><\/div><\/div><figcaption class='av-inner-masonry-content site-background'><div class='av-inner-masonry-content-pos'><div class='av-inner-masonry-content-pos-content'><div class='avia-arrow'><\/div><h3 class='av-masonry-entry-title entry-title'  itemprop=\"headline\" >Les projets d\u2019aide \u00e0 la scolarit\u00e9 et aux enfants<\/h3><\/div><\/div><\/figcaption><\/figure><\/a><!--end av-masonry entry--><a href=\"https:\/\/pro-humanitaet.de\/fr\/projekte\/in-benin\/fraungruppe\/\"  aria-label=\"image Frauen\"  id='av-masonry-1-item-5185' data-av-masonry-item='5185' class='av-masonry-entry isotope-item post-5185 attachment type-attachment status-inherit hentry  av-masonry-item-with-image' title=\"Les femmes\" alt=\"\"  data-av-masonry-custom-link=\"https:\/\/pro-humanitaet.de\/?page_id=557\"  itemprop=\"thumbnailUrl\" ><div class='av-inner-masonry-sizer'><\/div><figure class='av-inner-masonry main_color'><div class=\"av-masonry-outerimage-container\"><div class='av-masonry-image-container' style=\"background-image: url(https:\/\/pro-humanitaet.de\/wp-content\/uploads\/2020\/06\/thubnail_benin_frauen.jpg);\"  title=\"Les femmes\"  ><\/div><\/div><figcaption class='av-inner-masonry-content site-background'><div class='av-inner-masonry-content-pos'><div class='av-inner-masonry-content-pos-content'><div class='avia-arrow'><\/div><h3 class='av-masonry-entry-title entry-title'  itemprop=\"headline\" >Les femmes<\/h3><\/div><\/div><\/figcaption><\/figure><\/a><!--end av-masonry entry--><\/div><\/div>\n\n<style type=\"text\/css\" data-created_by=\"avia_inline_auto\" id=\"style-css-av-dr8-4666732cf98343d30d01c69e4f7a75b4\">\n#top .hr.hr-invisible.av-dr8-4666732cf98343d30d01c69e4f7a75b4{\nheight:100px;\n}\n<\/style>\n<div  class='hr av-dr8-4666732cf98343d30d01c69e4f7a75b4 hr-invisible  avia-builder-el-19  el_after_av_masonry_gallery  avia-builder-el-no-sibling'><span class='hr-inner'><span class=\"hr-inner-style\"><\/span><\/span><\/div>\n<\/div><\/div><\/div><!-- close content main div --><\/div><\/div><div id='after_section_3'  class='main_color av_default_container_wrap container_wrap sidebar_right'  ><div class='container av-section-cont-open' ><div class='template-page content  av-content-small alpha units'><div class='post-entry post-entry-type-page post-entry-235'><div class='entry-content-wrapper clearfix'>","protected":false},"excerpt":{"rendered":"","protected":false},"author":6,"featured_media":0,"parent":52,"menu_order":0,"comment_status":"closed","ping_status":"closed","template":"","meta":[],"acf":[],"_links":{"self":[{"href":"https:\/\/pro-humanitaet.de\/fr\/wp-json\/wp\/v2\/pages\/235"}],"collection":[{"href":"https:\/\/pro-humanitaet.de\/fr\/wp-json\/wp\/v2\/pages"}],"about":[{"href":"https:\/\/pro-humanitaet.de\/fr\/wp-json\/wp\/v2\/types\/page"}],"author":[{"embeddable":true,"href":"https:\/\/pro-humanitaet.de\/fr\/wp-json\/wp\/v2\/users\/6"}],"replies":[{"embeddable":true,"href":"https:\/\/pro-humanitaet.de\/fr\/wp-json\/wp\/v2\/comments?post=235"}],"version-history":[{"count":63,"href":"https:\/\/pro-humanitaet.de\/fr\/wp-json\/wp\/v2\/pages\/235\/revisions"}],"predecessor-version":[{"id":8000,"href":"https:\/\/pro-humanitaet.de\/fr\/wp-json\/wp\/v2\/pages\/235\/revisions\/8000"}],"up":[{"embeddable":true,"href":"https:\/\/pro-humanitaet.de\/fr\/wp-json\/wp\/v2\/pages\/52"}],"wp:attachment":[{"href":"https:\/\/pro-humanitaet.de\/fr\/wp-json\/wp\/v2\/media?parent=235"}],"curies":[{"name":"wp","href":"https:\/\/api.w.org\/{rel}","templated":true}]}}