{"id":30,"date":"2014-06-10T15:04:28","date_gmt":"2014-06-10T14:04:28","guid":{"rendered":"http:\/\/prohumanitaet.tradino-gbr.de\/?page_id=30"},"modified":"2025-12-18T10:56:57","modified_gmt":"2025-12-18T09:56:57","slug":"impressum","status":"publish","type":"page","link":"https:\/\/pro-humanitaet.de\/fr\/impressum\/","title":{"rendered":"Impressum"},"content":{"rendered":"<div id='av_section_1'  class='avia-section av-2h1s-b1edb767034af3cf4cef363ecea4ac26 alternate_color avia-section-large avia-no-border-styling  avia-builder-el-0  el_before_av_section  avia-builder-el-first  avia-bg-style-scroll container_wrap sidebar_right'  ><div class='container av-section-cont-open' ><main  role=\"main\" itemprop=\"mainContentOfPage\"  class='template-page content  av-content-small alpha units'><div class='post-entry post-entry-type-page post-entry-30'><div class='entry-content-wrapper clearfix'>\n\n<style type=\"text\/css\" data-created_by=\"avia_inline_auto\" id=\"style-css-av-om16-49603b053088c06551551828238ed421\">\n.flex_column.av-om16-49603b053088c06551551828238ed421{\n-webkit-border-radius:0px 0px 0px 0px;\n-moz-border-radius:0px 0px 0px 0px;\nborder-radius:0px 0px 0px 0px;\npadding:0px 10% 0px 10%;\n}\n<\/style>\n<div class='flex_column av-om16-49603b053088c06551551828238ed421 av_one_full  avia-builder-el-1  avia-builder-el-no-sibling  first av-break-at-tablet flex_column_div'     ><p>\n<style type=\"text\/css\" data-created_by=\"avia_inline_auto\" id=\"style-css-av-dr8-522199a988477927e8c4fd7e2253fef0\">\n#top .hr.hr-invisible.av-dr8-522199a988477927e8c4fd7e2253fef0{\nheight:50px;\n}\n<\/style>\n<div  class='hr av-dr8-522199a988477927e8c4fd7e2253fef0 hr-invisible  avia-builder-el-2  el_before_av_textblock  avia-builder-el-first'><span class='hr-inner'><span class=\"hr-inner-style\"><\/span><\/span><\/div><br \/>\n<section  class='av_textblock_section av-k9v8z92v-14a976d1e6391983a798dab28a40adf0'  itemscope=\"itemscope\" itemtype=\"https:\/\/schema.org\/CreativeWork\" ><div class='avia_textblock'  itemprop=\"text\" ><h1 style=\"text-align: center;\">Impressum<\/h1>\n<\/div><\/section><\/p><\/div>\n\n<\/div><\/div><\/main><!-- close content main element --><\/div><\/div><div id='impressum'  class='avia-section av-s2qy-cbe497683d8646f9f26ab2b9f30fed42 main_color avia-section-default avia-no-border-styling  avia-builder-el-4  el_after_av_section  avia-builder-el-last  avia-bg-style-scroll container_wrap sidebar_right'  ><div class='container av-section-cont-open' ><div class='template-page content  av-content-small alpha units'><div class='post-entry post-entry-type-page post-entry-30'><div class='entry-content-wrapper clearfix'>\n\n<style type=\"text\/css\" data-created_by=\"avia_inline_auto\" id=\"style-css-av-om16-f6e80a7c783b7e3ef56718979f146121\">\n.flex_column.av-om16-f6e80a7c783b7e3ef56718979f146121{\n-webkit-border-radius:0px 0px 0px 0px;\n-moz-border-radius:0px 0px 0px 0px;\nborder-radius:0px 0px 0px 0px;\npadding:0px 0px 0px 0px;\n}\n<\/style>\n<div class='flex_column av-om16-f6e80a7c783b7e3ef56718979f146121 av_two_fifth  avia-builder-el-5  el_before_av_three_fifth  avia-builder-el-first  first av-break-at-tablet flex_column_div av-zero-column-padding'     ><section  class='av_textblock_section av-25742-8caa650f531e8552c6dae702a0d3fa75'  itemscope=\"itemscope\" itemtype=\"https:\/\/schema.org\/CreativeWork\" ><div class='avia_textblock'  itemprop=\"text\" ><h2>Angaben gem\u00e4\u00df \u00a7 5 TMG<\/h2>\n<p>Stiftung Aktion Pro Humanit\u00e4t<br \/>\nFriedensstra\u00dfe 32-34<br \/>\n47623 Kevelaer<\/p>\n<p>Handelsregister: 15.2.1-St. 879<br \/>\nRegistergericht: eingetragen im Verzeichnis selbst\u00e4ndiger Stiftungen im Regierungsbezirk D\u00fcsseldorf<\/p>\n<p><strong>Vertreten durch:<\/strong><\/p>\n<p style=\"font-weight: bold;\">Vorstand<\/p>\n<p>Dr. Elke Kleuren-Schryvers, Vorstandsvorsitzende<br \/>\nDr. R\u00fcdiger Kerner, stellv. Vorstandsvorsitzender<br \/>\nHans-Gerd Janssen, Finanzen<br \/>\nPeter Tervooren, Finanzen u. technisches Management<br \/>\nHeike Waldor-Sch\u00e4fer, Presse u. Medien<\/p>\n<p style=\"font-weight: bold;\">Kuratorium<\/p>\n<p>Werner van Briel (Vorsitzender), Uedem<br \/>\nDr. Johannes Kohler (stv. Vorsitzender), Baden-Baden<br \/>\nBernd Zevens, Kleve<br \/>\nSteffi Neu, Uedem \u2013 Keppeln<br \/>\nDr. Barbara Hendricks, BM a.D. ,Kleve<br \/>\nRolf Lohmann, Kevelaer<br \/>\nProf. Dr. Reiner K\u00f6rfer, D\u00fcsseldorf<br \/>\nJudith Welbers, Kleve<br \/>\nAngelika Fedke, Kevelaer<br \/>\nTheo Kr\u00f6ll, Bedburg-Hau<br \/>\nSigrid Baum, Issum<br \/>\nBirgit C. Schryvers, Leonberg<\/p>\n<h2>Kontakt<\/h2>\n<p>Telefon: +49 2832\u00a0976032<br \/>\nE-Mail: <a href=\"mailto:aktionph@gmail.com\">aktionph@gmail.com<\/a><\/p>\n<h2>Postadresse<\/h2>\n<p style=\"font-weight: bold;\">Ansprechpartner f\u00fcr R\u00fcckfragen:<\/p>\n<p>Hans-Gerd Janssen, Fa. Kamps Kevelaer,<br \/>\nGewerbering 1, 47623 Kevelaer<br \/>\nTelefon: +49 2832 976032<br \/>\nE-Mail: <a href=\"mailto:aktionph@gmail.com\">aktionph@gmail.com<\/a><\/p>\n<h2>Verantwortlich f\u00fcr den Inhalt nach \u00a7 55 Abs. 2 RStV<\/h2>\n<p>Christoph M\u00f6ders<br \/>\nTheodor-Heuss-Ring 18<br \/>\n47623 Kevelaer<\/p>\n<h2>Verbraucher\u00adstreit\u00adbeilegung\/Universal\u00adschlichtungs\u00adstelle<\/h2>\n<p>Wir sind nicht bereit oder verpflichtet, an Streitbeilegungsverfahren vor einer Verbraucherschlichtungsstelle teilzunehmen.<\/p>\n<\/div><\/section><\/div>\n<style type=\"text\/css\" data-created_by=\"avia_inline_auto\" id=\"style-css-av-om16-fe8463404b15f2132c7431271ff6bba0\">\n.flex_column.av-om16-fe8463404b15f2132c7431271ff6bba0{\n-webkit-border-radius:0px 0px 0px 0px;\n-moz-border-radius:0px 0px 0px 0px;\nborder-radius:0px 0px 0px 0px;\npadding:0px 0px 0px 0px;\n}\n<\/style>\n<div class='flex_column av-om16-fe8463404b15f2132c7431271ff6bba0 av_three_fifth  avia-builder-el-7  el_after_av_two_fifth  avia-builder-el-last  av-break-at-tablet flex_column_div av-zero-column-padding'     ><section  class='av_textblock_section av-25742-aef619e1d6cca0d0420ff87f7e1a35bf'  itemscope=\"itemscope\" itemtype=\"https:\/\/schema.org\/CreativeWork\" ><div class='avia_textblock'  itemprop=\"text\" ><h3>Haftung f\u00fcr Inhalte<\/h3>\n<p>Als Diensteanbieter sind wir gem\u00e4\u00df \u00a7 7 Abs.1 TMG f\u00fcr eigene Inhalte auf diesen Seiten nach den allgemeinen Gesetzen verantwortlich. Nach \u00a7\u00a7 8 bis 10 TMG sind wir als Diensteanbieter jedoch nicht verpflichtet, \u00fcbermittelte oder gespeicherte fremde Informationen zu \u00fcberwachen oder nach Umst\u00e4nden zu forschen, die auf eine rechtswidrige T\u00e4tigkeit hinweisen.<\/p>\n<p>Verpflichtungen zur Entfernung oder Sperrung der Nutzung von Informationen nach den allgemeinen Gesetzen bleiben hiervon unber\u00fchrt. Eine diesbez\u00fcgliche Haftung ist jedoch erst ab dem Zeitpunkt der Kenntnis einer konkreten Rechtsverletzung m\u00f6glich. Bei Bekanntwerden von entsprechenden Rechtsverletzungen werden wir diese Inhalte umgehend entfernen.<\/p>\n<h3>Haftung f\u00fcr Links<\/h3>\n<p>Unser Angebot enth\u00e4lt Links zu externen Websites Dritter, auf deren Inhalte wir keinen Einfluss haben. Deshalb k\u00f6nnen wir f\u00fcr diese fremden Inhalte auch keine Gew\u00e4hr \u00fcbernehmen. F\u00fcr die Inhalte der verlinkten Seiten ist stets der jeweilige Anbieter oder Betreiber der Seiten verantwortlich. Die verlinkten Seiten wurden zum Zeitpunkt der Verlinkung auf m\u00f6gliche Rechtsverst\u00f6\u00dfe \u00fcberpr\u00fcft. Rechtswidrige Inhalte waren zum Zeitpunkt der Verlinkung nicht erkennbar.<\/p>\n<p>Eine permanente inhaltliche Kontrolle der verlinkten Seiten ist jedoch ohne konkrete Anhaltspunkte einer Rechtsverletzung nicht zumutbar. Bei Bekanntwerden von Rechtsverletzungen werden wir derartige Links umgehend entfernen.<\/p>\n<h3>Urheberrecht<\/h3>\n<p>Die durch die Seitenbetreiber erstellten Inhalte und Werke auf diesen Seiten unterliegen dem deutschen Urheberrecht. Die Vervielf\u00e4ltigung, Bearbeitung, Verbreitung und jede Art der Verwertung au\u00dferhalb der Grenzen des Urheberrechtes bed\u00fcrfen der schriftlichen Zustimmung des jeweiligen Autors bzw. Erstellers. Downloads und Kopien dieser Seite sind nur f\u00fcr den privaten, nicht kommerziellen Gebrauch gestattet.<\/p>\n<p>Soweit die Inhalte auf dieser Seite nicht vom Betreiber erstellt wurden, werden die Urheberrechte Dritter beachtet. Insbesondere werden Inhalte Dritter als solche gekennzeichnet. Sollten Sie trotzdem auf eine Urheberrechtsverletzung aufmerksam werden, bitten wir um einen entsprechenden Hinweis. Bei Bekanntwerden von Rechtsverletzungen werden wir derartige Inhalte umgehend entfernen.<\/p>\n<\/div><\/section><br \/>\n\n<style type=\"text\/css\" data-created_by=\"avia_inline_auto\" id=\"style-css-av-dr8-522199a988477927e8c4fd7e2253fef0\">\n#top .hr.hr-invisible.av-dr8-522199a988477927e8c4fd7e2253fef0{\nheight:50px;\n}\n<\/style>\n<div  class='hr av-dr8-522199a988477927e8c4fd7e2253fef0 hr-invisible  avia-builder-el-9  el_after_av_textblock  el_before_av_textblock'><span class='hr-inner'><span class=\"hr-inner-style\"><\/span><\/span><\/div><br \/>\n<section  class='av_textblock_section av-25742-aef619e1d6cca0d0420ff87f7e1a35bf'  itemscope=\"itemscope\" itemtype=\"https:\/\/schema.org\/CreativeWork\" ><div class='avia_textblock'  itemprop=\"text\" ><div class=\"av-special-heading av-special-heading-h3 avia-builder-el-5 el_before_av_textblock avia-builder-el-first\">\n<h4 class=\"av-special-heading-tag\">Stiftung Aktion Pro Humanit\u00e4t<\/h4>\n<\/div>\n<\/div><\/section><br \/>\n\n<style type=\"text\/css\" data-created_by=\"avia_inline_auto\" id=\"style-css-av-dr8-a6370266303e52f4b5c1e39a44d9b4a3\">\n#top .hr.hr-invisible.av-dr8-a6370266303e52f4b5c1e39a44d9b4a3{\nheight:20px;\n}\n<\/style>\n<div  class='hr av-dr8-a6370266303e52f4b5c1e39a44d9b4a3 hr-invisible  avia-builder-el-11  el_after_av_textblock  el_before_av_textblock'><span class='hr-inner'><span class=\"hr-inner-style\"><\/span><\/span><\/div><br \/>\n<section  class='av_textblock_section av-25742-aef619e1d6cca0d0420ff87f7e1a35bf'  itemscope=\"itemscope\" itemtype=\"https:\/\/schema.org\/CreativeWork\" ><div class='avia_textblock'  itemprop=\"text\" ><p>Die <strong>Stiftung Aktion pro Humanit\u00e4t <\/strong>\u00fcbernimmt ab dem 01. Januar 2016 auch das operative Gesch\u00e4ft des bisherigen Vereins Aktion pro Humanit\u00e4t e.V. Damit wird es zur Vereinfachung des b\u00fcrokratischen Aufwands nur noch das eine Organ geben: die <strong>Stiftung Aktion pro Humanit\u00e4t<\/strong><\/p>\n<p>Sie besteht bereits seit dem Jahre 2001 neben dem Verein Aktion pro Humanit\u00e4t e.V. Gegr\u00fcndet wurde die <strong>Stiftung Aktion pro Humanit\u00e4t <\/strong>von Frau Gertrud Peters, welche bis heute im Kuratorium aktiv ist.<\/p>\n<p>F\u00fcr Fragen zu den M\u00f6glichkeiten der Unterst\u00fctzung der Stiftung und den damit verbundenen rechtlichen und steuerlichen Komplexen steht Interessenten mit dem Vorsitzenden der Stiftung der Gesch\u00e4ftsf\u00fchrer der Stiftung Hans-Gerd Janssen als kompetenter Ansprechpartner zur Verf\u00fcgung.Jede <strong>Spende ist steuerlich absetzbar<\/strong>, f\u00fcr eine <strong>automatische Zusendung<\/strong> der <strong>Spendenquittung<\/strong> wird selbstverst\u00e4ndlich Sorge getragen.<\/p>\n<p>Mit den von der Stiftung gef\u00f6rderten Hilfsprojekten leistet die APH e.V. dringend erforderliche Akut- und Langzeithilfe f\u00fcr die Menschen in Benin. Die Entscheidung der Spender, diese Arbeit durch Spenden zu erm\u00f6glichen und zu unterst\u00fctzen, ist f\u00fcr diese Menschen ein wichtiger Augenblick, oftmals der wichtigste im ganzen Leben, denn diese Entscheidung bedeutet f\u00fcr sie<\/p>\n<ul>\n<li>Arbeit und ein kleines Einkommen anstelle von Betteln, Prostitution, Kriminalit\u00e4t und Armut Bildung statt Analphabetentum,<br \/>\nGesundheit anstelle von Krankheit, Leben statt Tod.<\/li>\n<\/ul>\n<p>Dabei sind Zeit und Schnelligkeit angesichts der dramatischen Ausbreitung von AIDS und der drohenden Ausrottung einer gesamten Generation ein wesentlicher Faktor. Franz Werfel hat einmal gesagt:<\/p>\n<blockquote>\n<p>\u201eZwischen zu fr\u00fch und zu sp\u00e4t liegt immer nur ein Augenblick\u201c<\/p>\n<\/blockquote>\n<p>Die Stiftung und die APH setzen sich daf\u00fcr ein, im Interesse der Menschen jetzt die Notwendigkeit f\u00fcr ein humanit\u00e4res Eingreifen in Benin wahrzunehmen, um \u00fcberhaupt noch wirksam helfen zu k\u00f6nnen und nicht durch zu sp\u00e4tes Handeln nur noch die Folgen weiterer Unt\u00e4tigkeit hinnehmen zu m\u00fcssen.<\/p>\n<\/div><\/section><br \/>\n\n<style type=\"text\/css\" data-created_by=\"avia_inline_auto\" id=\"style-css-av-dr8-4666732cf98343d30d01c69e4f7a75b4\">\n#top .hr.hr-invisible.av-dr8-4666732cf98343d30d01c69e4f7a75b4{\nheight:100px;\n}\n<\/style>\n<div  class='hr av-dr8-4666732cf98343d30d01c69e4f7a75b4 hr-invisible  avia-builder-el-13  el_after_av_textblock  avia-builder-el-last'><span class='hr-inner'><span class=\"hr-inner-style\"><\/span><\/span><\/div><\/p><\/div><\/div><\/div><\/div><!-- close content main div --><\/div><\/div><div id='after_section_2'  class='main_color av_default_container_wrap container_wrap sidebar_right'  ><div class='container av-section-cont-open' ><div class='template-page content  av-content-small alpha units'><div class='post-entry post-entry-type-page post-entry-30'><div class='entry-content-wrapper clearfix'>","protected":false},"excerpt":{"rendered":"","protected":false},"author":6,"featured_media":0,"parent":0,"menu_order":0,"comment_status":"open","ping_status":"closed","template":"","meta":[],"acf":[],"_links":{"self":[{"href":"https:\/\/pro-humanitaet.de\/fr\/wp-json\/wp\/v2\/pages\/30"}],"collection":[{"href":"https:\/\/pro-humanitaet.de\/fr\/wp-json\/wp\/v2\/pages"}],"about":[{"href":"https:\/\/pro-humanitaet.de\/fr\/wp-json\/wp\/v2\/types\/page"}],"author":[{"embeddable":true,"href":"https:\/\/pro-humanitaet.de\/fr\/wp-json\/wp\/v2\/users\/6"}],"replies":[{"embeddable":true,"href":"https:\/\/pro-humanitaet.de\/fr\/wp-json\/wp\/v2\/comments?post=30"}],"version-history":[{"count":67,"href":"https:\/\/pro-humanitaet.de\/fr\/wp-json\/wp\/v2\/pages\/30\/revisions"}],"predecessor-version":[{"id":9404,"href":"https:\/\/pro-humanitaet.de\/fr\/wp-json\/wp\/v2\/pages\/30\/revisions\/9404"}],"wp:attachment":[{"href":"https:\/\/pro-humanitaet.de\/fr\/wp-json\/wp\/v2\/media?parent=30"}],"curies":[{"name":"wp","href":"https:\/\/api.w.org\/{rel}","templated":true}]}}