{"id":4092,"date":"2020-05-05T15:12:56","date_gmt":"2020-05-05T14:12:56","guid":{"rendered":"https:\/\/pro-humanitaet.de\/relaunch\/?page_id=4092"},"modified":"2025-08-18T15:46:04","modified_gmt":"2025-08-18T14:46:04","slug":"stories","status":"publish","type":"page","link":"https:\/\/pro-humanitaet.de\/fr\/stories\/","title":{"rendered":"Stories"},"content":{"rendered":"<div id='full_slider_1'  class='avia-fullwidth-slider main_color avia-shadow   avia-builder-el-0  el_before_av_section  avia-builder-el-first   container_wrap sidebar_right'  ><div  class='avia-slideshow av-kbs1qlr4-d34664de13a5074c7f0ebeb2c00710bb avia-slideshow-featured_large av_slideshow_full avia-fade-slider av-slideshow-ui av-control-default av-slideshow-manual av-loop-once av-loop-manual-endless av-default-height-applied   avia-slideshow-1' data-slideshow-options=\"{&quot;animation&quot;:&quot;fade&quot;,&quot;autoplay&quot;:false,&quot;loop_autoplay&quot;:&quot;once&quot;,&quot;interval&quot;:1,&quot;loop_manual&quot;:&quot;manual-endless&quot;,&quot;autoplay_stopper&quot;:false,&quot;noNavigation&quot;:false,&quot;bg_slider&quot;:false,&quot;keep_padding&quot;:false,&quot;hoverpause&quot;:false,&quot;show_slide_delay&quot;:0}\"  itemprop=\"image\" itemscope=\"itemscope\" itemtype=\"https:\/\/schema.org\/ImageObject\" ><ul class='avia-slideshow-inner' style='padding-bottom: 42%;'><li  class='avia-slideshow-slide av-kbs1qlr4-d34664de13a5074c7f0ebeb2c00710bb__0  av-single-slide slide-1 slide-odd'><div data-rel='slideshow-1' class='avia-slide-wrap'   ><img decoding=\"async\" class=\"wp-image-5129 avia-img-lazy-loading-not-5129\"  src=\"https:\/\/pro-humanitaet.de\/wp-content\/uploads\/2020\/06\/header_benin_stories-1500x630.jpg\" width=\"1500\" height=\"630\" title='header_benin_stories' alt=''  itemprop=\"thumbnailUrl\"   \/><\/div><\/li><\/ul><\/div><\/div>\n<div id='av_section_1'  class='avia-section av-2h1s-3f80a172665769766d6b09f234de0132 main_color avia-section-large avia-no-border-styling  avia-builder-el-1  el_after_av_slideshow_full  avia-builder-el-last  avia-bg-style-scroll container_wrap sidebar_right'  ><div class='container av-section-cont-open' ><div class='template-page content  av-content-small alpha units'><div class='post-entry post-entry-type-page post-entry-4092'><div class='entry-content-wrapper clearfix'>\n\n<style type=\"text\/css\" data-created_by=\"avia_inline_auto\" id=\"style-css-av-om16-49603b053088c06551551828238ed421\">\n.flex_column.av-om16-49603b053088c06551551828238ed421{\n-webkit-border-radius:0px 0px 0px 0px;\n-moz-border-radius:0px 0px 0px 0px;\nborder-radius:0px 0px 0px 0px;\npadding:0px 10% 0px 10%;\n}\n<\/style>\n<div class='flex_column av-om16-49603b053088c06551551828238ed421 av_one_full  avia-builder-el-2  avia-builder-el-no-sibling  first av-break-at-tablet flex_column_div'     ><section  class='av_textblock_section av-k9v8z92v-14a976d1e6391983a798dab28a40adf0'  itemscope=\"itemscope\" itemtype=\"https:\/\/schema.org\/CreativeWork\" ><div class='avia_textblock'  itemprop=\"text\" ><h1 style=\"text-align: center;\">Geschichten und Aktuelles<\/h1>\n<h2 style=\"text-align: center;\">Die Stiftung in Aktion<\/h2>\n<\/div><\/section><br \/>\n\n<style type=\"text\/css\" data-created_by=\"avia_inline_auto\" id=\"style-css-av-dr8-a6370266303e52f4b5c1e39a44d9b4a3\">\n#top .hr.hr-invisible.av-dr8-a6370266303e52f4b5c1e39a44d9b4a3{\nheight:20px;\n}\n<\/style>\n<div  class='hr av-dr8-a6370266303e52f4b5c1e39a44d9b4a3 hr-invisible  avia-builder-el-4  el_after_av_textblock  el_before_av_textblock'><span class='hr-inner'><span class=\"hr-inner-style\"><\/span><\/span><\/div><br \/>\n<section  class='av_textblock_section av-k60w-b02aaf5ba09e877398fe611c8d170bde'  itemscope=\"itemscope\" itemtype=\"https:\/\/schema.org\/CreativeWork\" ><div class='avia_textblock'  itemprop=\"text\" ><p>\u2026und Action! Auf den folgenden Seiten erhalten Sie einen Einblick in die Arbeit unserer Stiftung. Sie haben die Wahl: Zum einen k\u00f6nnen Sie mit Fotos gef\u00fctterte spannende Berichte in unserem Blog lesen. Zum anderen erm\u00f6glicht Ihnen das multimediale Scrollytelling, die Stiftung Aktion Pro Humanit\u00e4t mit Video- und Audiodateien, Bildern und Texten zu erleben und spielerisch selbst zu entdecken.<span class=\"Apple-converted-space\">\u00a0<\/span><\/p>\n<\/div><\/section><br \/>\n\n<style type=\"text\/css\" data-created_by=\"avia_inline_auto\" id=\"style-css-av-dr8-a6370266303e52f4b5c1e39a44d9b4a3\">\n#top .hr.hr-invisible.av-dr8-a6370266303e52f4b5c1e39a44d9b4a3{\nheight:20px;\n}\n<\/style>\n<div  class='hr av-dr8-a6370266303e52f4b5c1e39a44d9b4a3 hr-invisible  avia-builder-el-6  el_after_av_textblock  el_before_av_masonry_gallery  avia-builder-el-last'><span class='hr-inner'><span class=\"hr-inner-style\"><\/span><\/span><\/div><br \/>\n<div id='av-masonry-1' class='av-masonry av-kbs147o1-0cbe2818de8b89fcd881e025d7f36ecd noHover av-fixed-size av-large-gap av-hover-overlay-active av-masonry-animation-active av-masonry-col-2 av-caption-always av-caption-style- av-masonry-gallery' data-post_id=\"4092\"><div class=\"av-masonry-container isotope av-js-disabled\"><div class='av-masonry-entry isotope-item av-masonry-item-no-image'><\/div><a href=\"https:\/\/pro-humanitaet.de\/fr\/stories\/blog\/\"  aria-label=\"image Blog\"  id='av-masonry-1-item-6464' data-av-masonry-item='6464' class='av-masonry-entry isotope-item post-6464 attachment type-attachment status-inherit hentry  av-masonry-item-with-image' title=\"Blog\" alt=\"\"  data-av-masonry-custom-link=\"https:\/\/pro-humanitaet.de\/?page_id=4115\"  itemprop=\"thumbnailUrl\" ><div class='av-inner-masonry-sizer'><\/div><figure class='av-inner-masonry main_color'><div class=\"av-masonry-outerimage-container\"><div class='av-masonry-image-container' style=\"background-image: url(https:\/\/pro-humanitaet.de\/wp-content\/uploads\/2020\/08\/thumbnail_benin_stories.jpg);\"  title=\"Blog\"  ><\/div><\/div><figcaption class='av-inner-masonry-content site-background'><div class='av-inner-masonry-content-pos'><div class='av-inner-masonry-content-pos-content'><div class='avia-arrow'><\/div><h3 class='av-masonry-entry-title entry-title'  itemprop=\"headline\" >Blog<\/h3><\/div><\/div><\/figcaption><\/figure><\/a><!--end av-masonry entry--><a href=\"https:\/\/aktion-pro-humanitaet.pageflow.io\/aph-erleben#247196\"  aria-label=\"image APH erleben\"  id='av-masonry-1-item-4278' data-av-masonry-item='4278' class='av-masonry-entry isotope-item post-4278 attachment type-attachment status-inherit hentry  av-masonry-item-with-image' title=\"APH erleben\" alt=\"Das Krankenhaus in Gohomey aus der Luft\"  data-av-masonry-custom-link=\"https:\/\/aktion-pro-humanitaet.pageflow.io\/aph-erleben#247196\"  itemprop=\"thumbnailUrl\" ><div class='av-inner-masonry-sizer'><\/div><figure class='av-inner-masonry main_color'><div class=\"av-masonry-outerimage-container\"><div class='av-masonry-image-container' style=\"background-image: url(https:\/\/pro-humanitaet.de\/wp-content\/uploads\/2020\/05\/APH_erleben-705x354.jpg);\"  title=\"APH erleben\"   alt=\"Das Krankenhaus in Gohomey aus der Luft\" ><\/div><\/div><figcaption class='av-inner-masonry-content site-background'><div class='av-inner-masonry-content-pos'><div class='av-inner-masonry-content-pos-content'><div class='avia-arrow'><\/div><h3 class='av-masonry-entry-title entry-title'  itemprop=\"headline\" >APH erleben<\/h3><\/div><\/div><\/figcaption><\/figure><\/a><!--end av-masonry entry--><\/div><\/div><br \/>\n\n<style type=\"text\/css\" data-created_by=\"avia_inline_auto\" id=\"style-css-av-dr8-4666732cf98343d30d01c69e4f7a75b4\">\n#top .hr.hr-invisible.av-dr8-4666732cf98343d30d01c69e4f7a75b4{\nheight:100px;\n}\n<\/style>\n<div  class='hr av-dr8-4666732cf98343d30d01c69e4f7a75b4 hr-invisible  avia-builder-el-8  el_after_av_masonry_gallery  avia-builder-el-no-sibling'><span class='hr-inner'><span class=\"hr-inner-style\"><\/span><\/span><\/div><\/p><\/div><\/div><\/div><\/div><!-- close content main div --><\/div><\/div><div id='after_section_1'  class='main_color av_default_container_wrap container_wrap sidebar_right'  ><div class='container av-section-cont-open' ><div class='template-page content  av-content-small alpha units'><div class='post-entry post-entry-type-page post-entry-4092'><div class='entry-content-wrapper clearfix'>","protected":false},"excerpt":{"rendered":"","protected":false},"author":6,"featured_media":0,"parent":0,"menu_order":0,"comment_status":"closed","ping_status":"closed","template":"","meta":[],"acf":[],"_links":{"self":[{"href":"https:\/\/pro-humanitaet.de\/fr\/wp-json\/wp\/v2\/pages\/4092"}],"collection":[{"href":"https:\/\/pro-humanitaet.de\/fr\/wp-json\/wp\/v2\/pages"}],"about":[{"href":"https:\/\/pro-humanitaet.de\/fr\/wp-json\/wp\/v2\/types\/page"}],"author":[{"embeddable":true,"href":"https:\/\/pro-humanitaet.de\/fr\/wp-json\/wp\/v2\/users\/6"}],"replies":[{"embeddable":true,"href":"https:\/\/pro-humanitaet.de\/fr\/wp-json\/wp\/v2\/comments?post=4092"}],"version-history":[{"count":69,"href":"https:\/\/pro-humanitaet.de\/fr\/wp-json\/wp\/v2\/pages\/4092\/revisions"}],"predecessor-version":[{"id":9320,"href":"https:\/\/pro-humanitaet.de\/fr\/wp-json\/wp\/v2\/pages\/4092\/revisions\/9320"}],"wp:attachment":[{"href":"https:\/\/pro-humanitaet.de\/fr\/wp-json\/wp\/v2\/media?parent=4092"}],"curies":[{"name":"wp","href":"https:\/\/api.w.org\/{rel}","templated":true}]}}