{"id":4834,"date":"2020-06-22T13:40:26","date_gmt":"2020-06-22T12:40:26","guid":{"rendered":"https:\/\/pro-humanitaet.de\/relaunch\/?page_id=4834"},"modified":"2025-08-18T16:36:26","modified_gmt":"2025-08-18T15:36:26","slug":"projekte","status":"publish","type":"page","link":"https:\/\/pro-humanitaet.de\/fr\/projekte\/","title":{"rendered":"Projets"},"content":{"rendered":"<div id='hotspot-image'  class='avia-section av-5qp2-009305c0a4fe1ff5bfdf8bd4f26702d9 alternate_color avia-section-small avia-no-border-styling  avia-builder-el-0  el_before_av_section  avia-builder-el-first  avia-bg-style-scroll container_wrap sidebar_right'  ><div class='container av-section-cont-open' ><main  role=\"main\" itemprop=\"mainContentOfPage\"  class='template-page content  av-content-small alpha units'><div class='post-entry post-entry-type-page post-entry-4834'><div class='entry-content-wrapper clearfix'>\n\n<style type=\"text\/css\" data-created_by=\"avia_inline_auto\" id=\"style-css-sub-av-av_image_hotspot-879b24545d613d7a8d2bad39ad0d47aa\">\n.av-hotspot-image-container .av-image-hotspot.av-av_image_spot-b01d562fc4387516c23927cbf7aae6fc{\ntop:49.3%;\nleft:49.5%;\n}\n.av-hotspot-image-container .av-image-hotspot.av-av_image_spot-1cefb1de08199ccff368fd258275ac5a{\ntop:53.4%;\nleft:47.5%;\n}\n.av-hotspot-image-container .av-image-hotspot.av-av_image_spot-71d362049a57f397f88ed8a61ec150d6{\ntop:39.6%;\nleft:52.3%;\n}\n.av-hotspot-image-container .av-image-hotspot.av-av_image_spot-a217e467105bad54f18f0c72455f0b4e{\ntop:41.6%;\nleft:55.1%;\n}\n.av-hotspot-image-container .av-image-hotspot.av-av_image_spot-1782d539582864878aff875a1ca07acb{\ntop:42.9%;\nleft:56.2%;\n}\n.av-hotspot-image-container .av-image-hotspot.av-av_image_spot-9c824d181efad96d818bf62ac43b2672{\ntop:40.3%;\nleft:56.6%;\n}\n.av-hotspot-image-container .av-image-hotspot.av-av_image_spot-988de2c9ca55252fac3c26b7e213bb37{\ntop:32.5%;\nleft:55.1%;\n}\n<\/style>\n<div  class='av-hotspot-image-container av-av_image_hotspot-879b24545d613d7a8d2bad39ad0d47aa  avia-builder-el-1  avia-builder-el-no-sibling  av-hotspot-blank  av-non-fullwidth-hotspot-image'  itemprop=\"image\" itemscope=\"itemscope\" itemtype=\"https:\/\/schema.org\/ImageObject\" ><div class='av-hotspot-container'><div class='av-hotspot-container-inner-cell'><div class='av-hotspot-container-inner-wrap'><div class='av-image-hotspot av-av_image_spot-b01d562fc4387516c23927cbf7aae6fc av-image-hotspot-1' data-avia-tooltip-position='left' data-avia-tooltip-alignment='bottom' data-avia-tooltip-class='av-tt-large-width av-tt-pos-left av-tt-align-bottom  transparent_dark av-tt-hotspot' data-avia-tooltip='&lt;h4 style=&quot;text-align: left;&quot;&gt;NIGER&lt;\/h4&gt;&lt;p style=&quot;text-align: left; color: #e08703;&quot;&gt;Erfahren Sie mehr \u00fcber unsere Projekte im Niger&lt;\/p&gt;'><a href=\"https:\/\/pro-humanitaet.de\/fr\/projekte\/im-niger\/\"  class='av-image-hotspot_inner'>1<\/a><div class='av-image-hotspot-pulse'><\/div><\/div><div class='av-image-hotspot av-av_image_spot-1cefb1de08199ccff368fd258275ac5a av-image-hotspot-2' data-avia-tooltip-position='bottom' data-avia-tooltip-alignment='left' data-avia-tooltip-class='av-tt-large-width av-tt-pos-below av-tt-align-left  transparent_dark av-tt-hotspot' data-avia-tooltip='&lt;h4 style=&quot;text-align: left;&quot;&gt;BENIN&lt;\/h4&gt;&lt;p style=&quot;text-align: left; color: #e08703;&quot;&gt;Erfahren Sie mehr \u00fcber unsere Projekte in Benin&lt;\/p&gt;'><a href=\"https:\/\/pro-humanitaet.de\/fr\/projekte\/in-benin\/\"  class='av-image-hotspot_inner'>2<\/a><div class='av-image-hotspot-pulse'><\/div><\/div><div class='av-image-hotspot av-av_image_spot-71d362049a57f397f88ed8a61ec150d6 av-image-hotspot-3' data-avia-tooltip-position='bottom' data-avia-tooltip-alignment='left' data-avia-tooltip-class='av-tt-large-width av-tt-pos-below av-tt-align-left  transparent_dark av-tt-hotspot' data-avia-tooltip='&lt;h4 style=&quot;text-align: left;&quot;&gt;KRISEN-&lt;br \/&gt;INTERVENTION&lt;\/h4&gt;&lt;p style=&quot;text-align: left; color: #e08703;&quot;&gt;Erfahren Sie mehr \u00fcber unsere Projekte&lt;\/p&gt;'><a href=\"https:\/\/pro-humanitaet.de\/fr\/projekte\/krisenintervention\/\"  class='av-image-hotspot_inner'>3<\/a><div class='av-image-hotspot-pulse'><\/div><\/div><div class='av-image-hotspot av-av_image_spot-a217e467105bad54f18f0c72455f0b4e av-image-hotspot-4' data-avia-tooltip-position='top' data-avia-tooltip-alignment='left' data-avia-tooltip-class='av-tt-default-width av-tt-pos-above av-tt-align-left  transparent_dark av-tt-hotspot' data-avia-tooltip='&lt;h4&gt;GAZA&lt;\/h4&gt;'><div class='av-image-hotspot_inner'>4<\/div><div class='av-image-hotspot-pulse'><\/div><\/div><div class='av-image-hotspot av-av_image_spot-1782d539582864878aff875a1ca07acb av-image-hotspot-5' data-avia-tooltip-position='top' data-avia-tooltip-alignment='left' data-avia-tooltip-class='av-tt-default-width av-tt-pos-above av-tt-align-left  transparent_dark av-tt-hotspot' data-avia-tooltip='&lt;h4&gt;HEILIGES LAND&lt;\/h4&gt;'><div class='av-image-hotspot_inner'>5<\/div><div class='av-image-hotspot-pulse'><\/div><\/div><div class='av-image-hotspot av-av_image_spot-9c824d181efad96d818bf62ac43b2672 av-image-hotspot-6' data-avia-tooltip-position='top' data-avia-tooltip-alignment='left' data-avia-tooltip-class='av-tt-default-width av-tt-pos-above av-tt-align-left  transparent_dark av-tt-hotspot' data-avia-tooltip='&lt;h4&gt;SYRIEN&lt;\/h4&gt;'><div class='av-image-hotspot_inner'>6<\/div><div class='av-image-hotspot-pulse'><\/div><\/div><div class='av-image-hotspot av-av_image_spot-988de2c9ca55252fac3c26b7e213bb37 av-image-hotspot-7' data-avia-tooltip-position='top' data-avia-tooltip-alignment='left' data-avia-tooltip-class='av-tt-default-width av-tt-pos-above av-tt-align-left  transparent_dark av-tt-hotspot' data-avia-tooltip='&lt;h4&gt;UKRAINE&lt;\/h4&gt;'><div class='av-image-hotspot_inner'>7<\/div><div class='av-image-hotspot-pulse'><\/div><\/div><img decoding=\"async\" class='wp-image-4713 avia-img-lazy-loading-not-4713 avia_image' src=\"https:\/\/pro-humanitaet.de\/wp-content\/uploads\/2020\/06\/aph_worldmap.png-e1592838103896.png\" alt='' title='aph_worldmap.png'  height=\"900\" width=\"1500\"  itemprop=\"thumbnailUrl\" srcset=\"https:\/\/pro-humanitaet.de\/wp-content\/uploads\/2020\/06\/aph_worldmap.png-e1592838103896.png 1500w, https:\/\/pro-humanitaet.de\/wp-content\/uploads\/2020\/06\/aph_worldmap.png-e1592838103896-300x180.png 300w, https:\/\/pro-humanitaet.de\/wp-content\/uploads\/2020\/06\/aph_worldmap.png-e1592838103896-1030x618.png 1030w, https:\/\/pro-humanitaet.de\/wp-content\/uploads\/2020\/06\/aph_worldmap.png-e1592838103896-768x461.png 768w, https:\/\/pro-humanitaet.de\/wp-content\/uploads\/2020\/06\/aph_worldmap.png-e1592838103896-705x423.png 705w\" sizes=\"(max-width: 1500px) 100vw, 1500px\" \/><\/div><\/div><\/div><\/div>\n<\/div><\/div><\/main><!-- close content main element --><\/div><\/div><div id='av_section_2'  class='avia-section av-2h1s-3f80a172665769766d6b09f234de0132 main_color avia-section-large avia-no-border-styling  avia-builder-el-2  el_after_av_section  el_before_av_section  avia-bg-style-scroll container_wrap sidebar_right'  ><div class='container av-section-cont-open' ><div class='template-page content  av-content-small alpha units'><div class='post-entry post-entry-type-page post-entry-4834'><div class='entry-content-wrapper clearfix'>\n\n<style type=\"text\/css\" data-created_by=\"avia_inline_auto\" id=\"style-css-av-om16-49603b053088c06551551828238ed421\">\n.flex_column.av-om16-49603b053088c06551551828238ed421{\n-webkit-border-radius:0px 0px 0px 0px;\n-moz-border-radius:0px 0px 0px 0px;\nborder-radius:0px 0px 0px 0px;\npadding:0px 10% 0px 10%;\n}\n<\/style>\n<div class='flex_column av-om16-49603b053088c06551551828238ed421 av_one_full  avia-builder-el-3  avia-builder-el-no-sibling  first av-break-at-tablet flex_column_div'     ><section  class='av_textblock_section av-k9v8z92v-14a976d1e6391983a798dab28a40adf0'  itemscope=\"itemscope\" itemtype=\"https:\/\/schema.org\/CreativeWork\" ><div class='avia_textblock'  itemprop=\"text\" ><h1 style=\"text-align: center;\">Nous sommes actifs ici<\/h1>\n<h2 style=\"text-align: center;\">Informieren Sie sich \u00fcber unsere Projekte<\/h2>\n<\/div><\/section><br \/>\n\n<style type=\"text\/css\" data-created_by=\"avia_inline_auto\" id=\"style-css-av-dr8-a6370266303e52f4b5c1e39a44d9b4a3\">\n#top .hr.hr-invisible.av-dr8-a6370266303e52f4b5c1e39a44d9b4a3{\nheight:20px;\n}\n<\/style>\n<div  class='hr av-dr8-a6370266303e52f4b5c1e39a44d9b4a3 hr-invisible  avia-builder-el-5  el_after_av_textblock  el_before_av_textblock'><span class='hr-inner'><span class=\"hr-inner-style\"><\/span><\/span><\/div><br \/>\n<section  class='av_textblock_section av-k60w-b02aaf5ba09e877398fe611c8d170bde'  itemscope=\"itemscope\" itemtype=\"https:\/\/schema.org\/CreativeWork\" ><div class='avia_textblock'  itemprop=\"text\" ><p style=\"text-align: left;\">Im westafrikanischen Benin k\u00fcmmert sich Aktion Pro Humanit\u00e4t um die medizinische Basisversorgung und die Behandlung von HIV-erkrankten Menschen. Wir helfen und unterst\u00fctzen dort Menschen in schwierigen sozialen Situationen, hier besonders Kinder und Frauen.<\/p>\n<p style=\"text-align: left;\">Im Niger engagiert sich Aktion Pro Humanit\u00e4t im Kampf gegen Durst, Hunger und gesundheitliche Unterversorgung.<\/p>\n<p style=\"text-align: left;\">Auch im Bereich der Krisenintervention ist APH seit einigen Jahren zunehmend aktiv. Durch die Zusammenarbeit mit diversen Partnerorganisationen steht Aktion Pro Humanit\u00e4t den hilfsbed\u00fcrftigen Menschen in den von Kriegen und Naturkatastrophen betroffenen Gebieten in erster Linie mit finanzieller Unterst\u00fctzung zur Seite.<\/p>\n<\/div><\/section><\/p><\/div>\n<\/p>\n<\/div><\/div><\/div><!-- close content main div --><\/div><\/div><div id='av_section_3'  class='avia-section av-2h1s-b1edb767034af3cf4cef363ecea4ac26 alternate_color avia-section-large avia-no-border-styling  avia-builder-el-7  el_after_av_section  avia-builder-el-last  avia-bg-style-scroll container_wrap sidebar_right'  ><div class='container av-section-cont-open' ><div class='template-page content  av-content-small alpha units'><div class='post-entry post-entry-type-page post-entry-4834'><div class='entry-content-wrapper clearfix'>\n\n<style type=\"text\/css\" data-created_by=\"avia_inline_auto\" id=\"style-css-av-om16-49603b053088c06551551828238ed421\">\n.flex_column.av-om16-49603b053088c06551551828238ed421{\n-webkit-border-radius:0px 0px 0px 0px;\n-moz-border-radius:0px 0px 0px 0px;\nborder-radius:0px 0px 0px 0px;\npadding:0px 10% 0px 10%;\n}\n<\/style>\n<div class='flex_column av-om16-49603b053088c06551551828238ed421 av_one_full  avia-builder-el-8  el_before_av_masonry_gallery  avia-builder-el-no-sibling  first av-break-at-tablet flex_column_div'     ><section  class='av_textblock_section av-k60w-b02aaf5ba09e877398fe611c8d170bde'  itemscope=\"itemscope\" itemtype=\"https:\/\/schema.org\/CreativeWork\" ><div class='avia_textblock'  itemprop=\"text\" ><h3 style=\"text-align: center;\">Erfahren Sie mehr<br \/>\n\u00fcber unsere Projekte<\/h3>\n<\/div><\/section><br \/>\n\n<style type=\"text\/css\" data-created_by=\"avia_inline_auto\" id=\"style-css-av-dr8-522199a988477927e8c4fd7e2253fef0\">\n#top .hr.hr-invisible.av-dr8-522199a988477927e8c4fd7e2253fef0{\nheight:50px;\n}\n<\/style>\n<div  class='hr av-dr8-522199a988477927e8c4fd7e2253fef0 hr-invisible  avia-builder-el-10  el_after_av_textblock  avia-builder-el-last'><span class='hr-inner'><span class=\"hr-inner-style\"><\/span><\/span><\/div><\/p><\/div><div id='av-masonry-1' class='av-masonry av-t9o2-bb33ca7f826190aeb7929fb4a0774195 noHover av-fixed-size av-large-gap av-hover-overlay-active av-masonry-animation-active av-masonry-col-3 av-caption-always av-caption-style- av-masonry-gallery' data-post_id=\"4834\"><div class=\"av-masonry-container isotope av-js-disabled\"><div class='av-masonry-entry isotope-item av-masonry-item-no-image'><\/div><a href=\"https:\/\/pro-humanitaet.de\/fr\/projekte\/in-benin\/\"  aria-label=\"image Benin\"  id='av-masonry-1-item-5183' data-av-masonry-item='5183' class='av-masonry-entry isotope-item post-5183 attachment type-attachment status-inherit hentry  av-masonry-item-with-image' title=\"B\u00e9nin\" alt=\"\"  data-av-masonry-custom-link=\"https:\/\/pro-humanitaet.de\/?page_id=52\"  itemprop=\"thumbnailUrl\" ><div class='av-inner-masonry-sizer'><\/div><figure class='av-inner-masonry main_color'><div class=\"av-masonry-outerimage-container\"><div class='av-masonry-image-container' style=\"background-image: url(https:\/\/pro-humanitaet.de\/wp-content\/uploads\/2020\/06\/thubnail_benin.jpg);\"  title=\"B\u00e9nin\"  ><\/div><\/div><figcaption class='av-inner-masonry-content site-background'><div class='av-inner-masonry-content-pos'><div class='av-inner-masonry-content-pos-content'><div class='avia-arrow'><\/div><h3 class='av-masonry-entry-title entry-title'  itemprop=\"headline\" >B\u00e9nin<\/h3><\/div><\/div><\/figcaption><\/figure><\/a><!--end av-masonry entry--><a href=\"https:\/\/pro-humanitaet.de\/fr\/projekte\/im-niger\/\"  aria-label=\"image Niger\"  id='av-masonry-1-item-5190' data-av-masonry-item='5190' class='av-masonry-entry isotope-item post-5190 attachment type-attachment status-inherit hentry  av-masonry-item-with-image' title=\"Niger\" alt=\"\"  data-av-masonry-custom-link=\"https:\/\/pro-humanitaet.de\/?page_id=54\"  itemprop=\"thumbnailUrl\" ><div class='av-inner-masonry-sizer'><\/div><figure class='av-inner-masonry main_color'><div class=\"av-masonry-outerimage-container\"><div class='av-masonry-image-container' style=\"background-image: url(https:\/\/pro-humanitaet.de\/wp-content\/uploads\/2020\/06\/thumbnail_niger.jpg);\"  title=\"Niger\"  ><\/div><\/div><figcaption class='av-inner-masonry-content site-background'><div class='av-inner-masonry-content-pos'><div class='av-inner-masonry-content-pos-content'><div class='avia-arrow'><\/div><h3 class='av-masonry-entry-title entry-title'  itemprop=\"headline\" >Niger<\/h3><\/div><\/div><\/figcaption><\/figure><\/a><!--end av-masonry entry--><a href=\"https:\/\/pro-humanitaet.de\/fr\/projekte\/krisenintervention\/\"  aria-label=\"image Krisenintervention\"  id='av-masonry-1-item-3887' data-av-masonry-item='3887' class='av-masonry-entry isotope-item post-3887 attachment type-attachment status-inherit hentry  av-masonry-item-with-image' title=\"Interventions de crise\" alt=\"\"  data-av-masonry-custom-link=\"https:\/\/pro-humanitaet.de\/?page_id=4390\"  itemprop=\"thumbnailUrl\" ><div class='av-inner-masonry-sizer'><\/div><figure class='av-inner-masonry main_color'><div class=\"av-masonry-outerimage-container\"><div class='av-masonry-image-container' style=\"background-image: url(https:\/\/pro-humanitaet.de\/wp-content\/uploads\/2019\/07\/MOAS-5-705x470.jpg);\"  title=\"Interventions de crise\"  ><\/div><\/div><figcaption class='av-inner-masonry-content site-background'><div class='av-inner-masonry-content-pos'><div class='av-inner-masonry-content-pos-content'><div class='avia-arrow'><\/div><h3 class='av-masonry-entry-title entry-title'  itemprop=\"headline\" >Interventions de crise<\/h3><\/div><\/div><\/figcaption><\/figure><\/a><!--end av-masonry entry--><\/div><\/div>\n\n<style type=\"text\/css\" data-created_by=\"avia_inline_auto\" id=\"style-css-av-dr8-4666732cf98343d30d01c69e4f7a75b4\">\n#top .hr.hr-invisible.av-dr8-4666732cf98343d30d01c69e4f7a75b4{\nheight:100px;\n}\n<\/style>\n<div  class='hr av-dr8-4666732cf98343d30d01c69e4f7a75b4 hr-invisible  avia-builder-el-12  el_after_av_masonry_gallery  avia-builder-el-no-sibling'><span class='hr-inner'><span class=\"hr-inner-style\"><\/span><\/span><\/div>\n<\/div><\/div><\/div><!-- close content main div --><\/div><\/div><div id='after_section_3'  class='main_color av_default_container_wrap container_wrap sidebar_right'  ><div class='container av-section-cont-open' ><div class='template-page content  av-content-small alpha units'><div class='post-entry post-entry-type-page post-entry-4834'><div class='entry-content-wrapper clearfix'>","protected":false},"excerpt":{"rendered":"","protected":false},"author":6,"featured_media":0,"parent":0,"menu_order":0,"comment_status":"closed","ping_status":"closed","template":"","meta":[],"acf":[],"_links":{"self":[{"href":"https:\/\/pro-humanitaet.de\/fr\/wp-json\/wp\/v2\/pages\/4834"}],"collection":[{"href":"https:\/\/pro-humanitaet.de\/fr\/wp-json\/wp\/v2\/pages"}],"about":[{"href":"https:\/\/pro-humanitaet.de\/fr\/wp-json\/wp\/v2\/types\/page"}],"author":[{"embeddable":true,"href":"https:\/\/pro-humanitaet.de\/fr\/wp-json\/wp\/v2\/users\/6"}],"replies":[{"embeddable":true,"href":"https:\/\/pro-humanitaet.de\/fr\/wp-json\/wp\/v2\/comments?post=4834"}],"version-history":[{"count":46,"href":"https:\/\/pro-humanitaet.de\/fr\/wp-json\/wp\/v2\/pages\/4834\/revisions"}],"predecessor-version":[{"id":9333,"href":"https:\/\/pro-humanitaet.de\/fr\/wp-json\/wp\/v2\/pages\/4834\/revisions\/9333"}],"wp:attachment":[{"href":"https:\/\/pro-humanitaet.de\/fr\/wp-json\/wp\/v2\/media?parent=4834"}],"curies":[{"name":"wp","href":"https:\/\/api.w.org\/{rel}","templated":true}]}}