{"id":557,"date":"2014-06-18T11:25:16","date_gmt":"2014-06-18T10:25:16","guid":{"rendered":"http:\/\/prohumanitaet.tradino-gbr.de\/?page_id=557"},"modified":"2020-12-09T15:07:59","modified_gmt":"2020-12-09T14:07:59","slug":"fraungruppe","status":"publish","type":"page","link":"https:\/\/pro-humanitaet.de\/fr\/projekte\/in-benin\/fraungruppe\/","title":{"rendered":"Les femmes"},"content":{"rendered":"<div id='full_slider_1'  class='avia-fullwidth-slider main_color avia-shadow   avia-builder-el-0  el_before_av_section  avia-builder-el-first   container_wrap sidebar_right'  ><div  class='avia-slideshow av-kbtb70t5-e25c789179866e5730f60a5ac4b35b3a avia-slideshow-featured_large av_slideshow_full avia-slide-slider av-slideshow-ui av-control-default av-slideshow-manual av-loop-once av-loop-manual-endless av-default-height-applied   avia-slideshow-1' data-slideshow-options=\"{&quot;animation&quot;:&quot;slide&quot;,&quot;autoplay&quot;:false,&quot;loop_autoplay&quot;:&quot;once&quot;,&quot;interval&quot;:5,&quot;loop_manual&quot;:&quot;manual-endless&quot;,&quot;autoplay_stopper&quot;:false,&quot;noNavigation&quot;:false,&quot;bg_slider&quot;:false,&quot;keep_padding&quot;:false,&quot;hoverpause&quot;:false,&quot;show_slide_delay&quot;:0}\"  itemprop=\"image\" itemscope=\"itemscope\" itemtype=\"https:\/\/schema.org\/ImageObject\" ><ul class='avia-slideshow-inner' style='padding-bottom: 42%;'><li  class='avia-slideshow-slide av-kbtb70t5-e25c789179866e5730f60a5ac4b35b3a__0  av-single-slide slide-1 slide-odd'><div data-rel='slideshow-1' class='avia-slide-wrap'   ><img decoding=\"async\" class=\"wp-image-7137 avia-img-lazy-loading-not-7137\"  src=\"https:\/\/pro-humanitaet.de\/wp-content\/uploads\/2020\/08\/aph-benin-frauen-header-1500x630.jpg\" width=\"1500\" height=\"630\" title='Frauen in Benin' alt=''  itemprop=\"thumbnailUrl\" srcset=\"https:\/\/pro-humanitaet.de\/wp-content\/uploads\/2020\/08\/aph-benin-frauen-header-1500x630.jpg 1500w, https:\/\/pro-humanitaet.de\/wp-content\/uploads\/2020\/08\/aph-benin-frauen-header-300x125.jpg 300w\" sizes=\"(max-width: 1500px) 100vw, 1500px\" \/><\/div><\/li><\/ul><\/div><\/div>\n<div id='av_section_1'  class='avia-section av-2h1s-3f80a172665769766d6b09f234de0132 main_color avia-section-large avia-no-border-styling  avia-builder-el-1  el_after_av_slideshow_full  el_before_av_section  avia-bg-style-scroll container_wrap sidebar_right'  ><div class='container av-section-cont-open' ><div class='template-page content  av-content-small alpha units'><div class='post-entry post-entry-type-page post-entry-557'><div class='entry-content-wrapper clearfix'>\n\n<style type=\"text\/css\" data-created_by=\"avia_inline_auto\" id=\"style-css-av-om16-49603b053088c06551551828238ed421\">\n.flex_column.av-om16-49603b053088c06551551828238ed421{\n-webkit-border-radius:0px 0px 0px 0px;\n-moz-border-radius:0px 0px 0px 0px;\nborder-radius:0px 0px 0px 0px;\npadding:0px 10% 0px 10%;\n}\n<\/style>\n<div class='flex_column av-om16-49603b053088c06551551828238ed421 av_one_full  avia-builder-el-2  avia-builder-el-no-sibling  first av-break-at-tablet flex_column_div'     ><section  class='av_textblock_section av-k9v8z92v-14a976d1e6391983a798dab28a40adf0'  itemscope=\"itemscope\" itemtype=\"https:\/\/schema.org\/CreativeWork\" ><div class='avia_textblock'  itemprop=\"text\" ><h1 style=\"text-align: center;\">Les femmes<\/h1>\n<h2 style=\"text-align: center;\">Le chemin vers l'autonomie<\/h2>\n<\/div><\/section><br \/>\n\n<style type=\"text\/css\" data-created_by=\"avia_inline_auto\" id=\"style-css-av-dr8-a6370266303e52f4b5c1e39a44d9b4a3\">\n#top .hr.hr-invisible.av-dr8-a6370266303e52f4b5c1e39a44d9b4a3{\nheight:20px;\n}\n<\/style>\n<div  class='hr av-dr8-a6370266303e52f4b5c1e39a44d9b4a3 hr-invisible  avia-builder-el-4  el_after_av_textblock  el_before_av_textblock'><span class='hr-inner'><span class=\"hr-inner-style\"><\/span><\/span><\/div><br \/>\n<section  class='av_textblock_section av-k60w-b02aaf5ba09e877398fe611c8d170bde'  itemscope=\"itemscope\" itemtype=\"https:\/\/schema.org\/CreativeWork\" ><div class='avia_textblock'  itemprop=\"text\" ><p style=\"text-align: left;\">Action Pour l\u2019Humanit\u00e9 a rapidement pris conscience de l'importance particuli\u00e8re des femmes dans le d\u00e9veloppement, de leur d\u00e9termination, de leur capacit\u00e9 d\u2019adaptation et de leur engagement pour leur propre formation et leur propre \u00e9volution. C'est pourquoi la cr\u00e9ation de groupements de femmes dans les villages de Gohomey et ses environs a commenc\u00e9, d\u00e8s 1998. A ce jour, de nombreux groupements ont \u00e9t\u00e9 constitu\u00e9s, avec environ 300 femmes accompagn\u00e9es, qui font leur travail de mani\u00e8re engag\u00e9e et de plus en plus autonome.<\/p>\n<p style=\"text-align: left;\">Le travail d\u2019APH envers les groupements de femmes poursuit plusieurs objectifs. Tout d\u2019abord, il s\u2019agit d\u2019amener les femmes \u00e0 mieux comprendre leurs propres maladies et celles de leurs enfants, \u00e0 reconna\u00eetre les situations de sant\u00e9 critiques, en particulier pour les enfants en bas \u00e2ge, et r\u00e9agir en cons\u00e9quence. \u00c9galement, il s'agit d'am\u00e9liorer le taux de vaccination des m\u00e8res et des enfants et de les informer sur les m\u00e9thodes de planification familiale et la prophylaxie du SIDA et autres MST\/IST. Ainsi, les femmes apprennent beaucoup en mati\u00e8re de sant\u00e9 et de nutrition.<span class=\"Apple-converted-space\">\u00a0<\/span><\/p>\n<p style=\"text-align: left;\">Les groupements de femmes ont tr\u00e8s vite connu un grand succ\u00e8s et les premiers n\u00e9s sont devenus des coop\u00e9ratives f\u00e9minines. Celles-ci permettent aux femmes d'acqu\u00e9rir une ind\u00e9pendance \u00e9conomique dans un syst\u00e8me social polygame domin\u00e9 par le patriarcat.<\/p>\n<p style=\"text-align: left;\">Dans ce contexte, le <b>microcr\u00e9dit<\/b> joue \u00e9galement un r\u00f4le important. Il s\u2019agit l\u00e0 \u00e9galement d\u2019un succ\u00e8s d'APH\u00a0: l\u2019octroi de microcr\u00e9dits \u00e0 taux z\u00e9ro assure aux femmes et \u00e0 leurs enfants la possibilit\u00e9 de se construire par la mise en \u0153uvre d\u2019activit\u00e9s g\u00e9n\u00e9ratrices de revenus et les aide \u00e0 organiser leur quotidien de mani\u00e8re autonome sur le plan \u00e9conomique.<\/p>\n<p style=\"text-align: left;\">Les chiffres jusqu\u2019\u00e0 ce jour sont tr\u00e8s encourageants : seules quelques rares femmes auxquelles des microcr\u00e9dits ont \u00e9t\u00e9 accord\u00e9s abandonnent leur projet avant terme. La tr\u00e8s grande majorit\u00e9 utilise leur cr\u00e9dit comme v\u00e9ritable levier de leur existence \u00e9conomique, et fondement d'une vie plus ind\u00e9pendante.<\/p>\n<p style=\"text-align: left;\">Aujourd'hui, outre les cr\u00e9dits individuels, ce sont surtout des cr\u00e9dits de groupe qui sont octroy\u00e9s, \u00e9galement \u00e0 taux z\u00e9ro, et \u00e0 rembourser collectivement. Ce dispositif reposant sur la solidarit\u00e9 permet un remboursement plus efficace, m\u00eame en cas de maladie des femmes ou de leurs enfants.<\/p>\n<p style=\"text-align: left;\">Une \u00e9quipe compos\u00e9e de deux travailleurs sociaux et de quelques auxiliaires conduit ce projet sous la direction d'experts. Les femmes peuvent s'adresser \u00e0 ces membres de l'\u00e9quipe si elles rencontrent des probl\u00e8mes, si elle ont des questions, ou encore si elles souhaitent \u00eatre conseill\u00e9es sur des strat\u00e9gies d'avenir.<span class=\"Apple-converted-space\">\u00a0<\/span><\/p>\n<\/div><\/section><br \/>\n\n<style type=\"text\/css\" data-created_by=\"avia_inline_auto\" id=\"style-css-av-dr8-522199a988477927e8c4fd7e2253fef0\">\n#top .hr.hr-invisible.av-dr8-522199a988477927e8c4fd7e2253fef0{\nheight:50px;\n}\n<\/style>\n<div  class='hr av-dr8-522199a988477927e8c4fd7e2253fef0 hr-invisible  avia-builder-el-6  el_after_av_textblock  el_before_av_masonry_gallery  avia-builder-el-last'><span class='hr-inner'><span class=\"hr-inner-style\"><\/span><\/span><\/div><br \/>\n<div id='av-masonry-1' class='av-masonry av-t9o2-37358f429e2c496e4ed261a0525e6852 noHover av-fixed-size av-large-gap av-hover-overlay-active av-masonry-animation-active av-masonry-col-4 av-caption-always av-caption-style- av-masonry-gallery av-orientation-square' data-post_id=\"557\"><div class=\"av-masonry-container isotope av-js-disabled\"><div class='av-masonry-entry isotope-item av-masonry-item-no-image'><\/div><div id='av-masonry-1-item-5676' data-av-masonry-item='5676' class='av-masonry-entry isotope-item post-5676 attachment type-attachment status-inherit hentry  av-masonry-item-with-image'    itemprop=\"thumbnailUrl\" ><div class='av-inner-masonry-sizer'><\/div><figure class='av-inner-masonry main_color'><div class=\"av-masonry-outerimage-container\"><div class='av-masonry-image-container' style=\"background-image: url(https:\/\/pro-humanitaet.de\/wp-content\/uploads\/2020\/07\/aph-benin-frauen-03-705x467.jpg);\"  title=\"aph-benin-frauen-03\"  ><\/div><\/div><\/figure><\/div><!--end av-masonry entry--><div id='av-masonry-1-item-5680' data-av-masonry-item='5680' class='av-masonry-entry isotope-item post-5680 attachment type-attachment status-inherit hentry  av-masonry-item-with-image'    itemprop=\"thumbnailUrl\" ><div class='av-inner-masonry-sizer'><\/div><figure class='av-inner-masonry main_color'><div class=\"av-masonry-outerimage-container\"><div class='av-masonry-image-container' style=\"background-image: url(https:\/\/pro-humanitaet.de\/wp-content\/uploads\/2020\/07\/aph-benin-frauen-07-705x470.jpg);\"  title=\"aph-benin-frauen-07\"  ><\/div><\/div><\/figure><\/div><!--end av-masonry entry--><div id='av-masonry-1-item-5677' data-av-masonry-item='5677' class='av-masonry-entry isotope-item post-5677 attachment type-attachment status-inherit hentry  av-masonry-item-with-image'    itemprop=\"thumbnailUrl\" ><div class='av-inner-masonry-sizer'><\/div><figure class='av-inner-masonry main_color'><div class=\"av-masonry-outerimage-container\"><div class='av-masonry-image-container' style=\"background-image: url(https:\/\/pro-humanitaet.de\/wp-content\/uploads\/2020\/07\/aph-benin-frauen-04-470x705.jpg);\"  title=\"aph-benin-frauen-04\"  ><\/div><\/div><\/figure><\/div><!--end av-masonry entry--><div id='av-masonry-1-item-5678' data-av-masonry-item='5678' class='av-masonry-entry isotope-item post-5678 attachment type-attachment status-inherit hentry  av-masonry-item-with-image'    itemprop=\"thumbnailUrl\" ><div class='av-inner-masonry-sizer'><\/div><figure class='av-inner-masonry main_color'><div class=\"av-masonry-outerimage-container\"><div class='av-masonry-image-container' style=\"background-image: url(https:\/\/pro-humanitaet.de\/wp-content\/uploads\/2020\/07\/aph-benin-frauen-05-470x705.jpg);\"  title=\"aph-benin-frauen-05\"  ><\/div><\/div><\/figure><\/div><!--end av-masonry entry--><div id='av-masonry-1-item-5674' data-av-masonry-item='5674' class='av-masonry-entry isotope-item post-5674 attachment type-attachment status-inherit hentry  av-masonry-item-with-image'    itemprop=\"thumbnailUrl\" ><div class='av-inner-masonry-sizer'><\/div><figure class='av-inner-masonry main_color'><div class=\"av-masonry-outerimage-container\"><div class='av-masonry-image-container' style=\"background-image: url(https:\/\/pro-humanitaet.de\/wp-content\/uploads\/2020\/07\/aph-benin-frauen-01-705x467.jpg);\"  title=\"aph-benin-frauen-01\"  ><\/div><\/div><\/figure><\/div><!--end av-masonry entry--><div id='av-masonry-1-item-5675' data-av-masonry-item='5675' class='av-masonry-entry isotope-item post-5675 attachment type-attachment status-inherit hentry  av-masonry-item-with-image'    itemprop=\"thumbnailUrl\" ><div class='av-inner-masonry-sizer'><\/div><figure class='av-inner-masonry main_color'><div class=\"av-masonry-outerimage-container\"><div class='av-masonry-image-container' style=\"background-image: url(https:\/\/pro-humanitaet.de\/wp-content\/uploads\/2020\/07\/aph-benin-frauen-02-467x705.jpg);\"  title=\"aph-benin-frauen-02\"  ><\/div><\/div><\/figure><\/div><!--end av-masonry entry--><div id='av-masonry-1-item-5679' data-av-masonry-item='5679' class='av-masonry-entry isotope-item post-5679 attachment type-attachment status-inherit hentry  av-masonry-item-with-image'    itemprop=\"thumbnailUrl\" ><div class='av-inner-masonry-sizer'><\/div><figure class='av-inner-masonry main_color'><div class=\"av-masonry-outerimage-container\"><div class='av-masonry-image-container' style=\"background-image: url(https:\/\/pro-humanitaet.de\/wp-content\/uploads\/2020\/07\/aph-benin-frauen-06-705x470.jpg);\"  title=\"aph-benin-frauen-06\"  ><\/div><\/div><\/figure><\/div><!--end av-masonry entry--><div id='av-masonry-1-item-5683' data-av-masonry-item='5683' class='av-masonry-entry isotope-item post-5683 attachment type-attachment status-inherit hentry  av-masonry-item-with-image'    itemprop=\"thumbnailUrl\" ><div class='av-inner-masonry-sizer'><\/div><figure class='av-inner-masonry main_color'><div class=\"av-masonry-outerimage-container\"><div class='av-masonry-image-container' style=\"background-image: url(https:\/\/pro-humanitaet.de\/wp-content\/uploads\/2020\/07\/aph-benin-frauen-10-705x470.jpg);\"  title=\"aph-benin-frauen-10\"  ><\/div><\/div><\/figure><\/div><!--end av-masonry entry--><\/div><\/div><br \/>\n\n<style type=\"text\/css\" data-created_by=\"avia_inline_auto\" id=\"style-css-av-dr8-522199a988477927e8c4fd7e2253fef0\">\n#top .hr.hr-invisible.av-dr8-522199a988477927e8c4fd7e2253fef0{\nheight:50px;\n}\n<\/style>\n<div  class='hr av-dr8-522199a988477927e8c4fd7e2253fef0 hr-invisible  avia-builder-el-8  el_after_av_masonry_gallery  avia-builder-el-no-sibling'><span class='hr-inner'><span class=\"hr-inner-style\"><\/span><\/span><\/div><\/p><\/div>\n\n<\/div><\/div><\/div><!-- close content main div --><\/div><\/div><div id='project-links-section'  class='avia-section av-2h1s-b2fafc7db7c1a87500b8fc2013983204 alternate_color avia-section-large avia-no-border-styling  avia-builder-el-9  el_after_av_section  avia-builder-el-last  avia-bg-style-scroll container_wrap sidebar_right'  ><div class='container av-section-cont-open' ><div class='template-page content  av-content-small alpha units'><div class='post-entry post-entry-type-page post-entry-557'><div class='entry-content-wrapper clearfix'>\n\n<style type=\"text\/css\" data-created_by=\"avia_inline_auto\" id=\"style-css-av-om16-49603b053088c06551551828238ed421\">\n.flex_column.av-om16-49603b053088c06551551828238ed421{\n-webkit-border-radius:0px 0px 0px 0px;\n-moz-border-radius:0px 0px 0px 0px;\nborder-radius:0px 0px 0px 0px;\npadding:0px 10% 0px 10%;\n}\n<\/style>\n<div class='flex_column av-om16-49603b053088c06551551828238ed421 av_one_full  avia-builder-el-10  el_before_av_masonry_gallery  avia-builder-el-no-sibling  first av-break-at-tablet flex_column_div'     ><section  class='av_textblock_section av-k60w-b02aaf5ba09e877398fe611c8d170bde'  itemscope=\"itemscope\" itemtype=\"https:\/\/schema.org\/CreativeWork\" ><div class='avia_textblock'  itemprop=\"text\" ><h3 style=\"text-align: center;\">Autres projets au B\u00e9nin<\/h3>\n<\/div><\/section><br \/>\n\n<style type=\"text\/css\" data-created_by=\"avia_inline_auto\" id=\"style-css-av-dr8-522199a988477927e8c4fd7e2253fef0\">\n#top .hr.hr-invisible.av-dr8-522199a988477927e8c4fd7e2253fef0{\nheight:50px;\n}\n<\/style>\n<div  class='hr av-dr8-522199a988477927e8c4fd7e2253fef0 hr-invisible  avia-builder-el-12  el_after_av_textblock  avia-builder-el-last'><span class='hr-inner'><span class=\"hr-inner-style\"><\/span><\/span><\/div><\/p><\/div><div id='av-masonry-2' class='av-masonry av-t9o2-8ec6da905f03942c85d01beb648d7ea0 noHover av-fixed-size av-large-gap av-hover-overlay-active av-masonry-animation-active av-masonry-col-4 av-caption-always av-caption-style- av-masonry-gallery masonry-gallery-orange' data-post_id=\"557\"><div class=\"av-masonry-container isotope av-js-disabled\"><div class='av-masonry-entry isotope-item av-masonry-item-no-image'><\/div><a href=\"https:\/\/pro-humanitaet.de\/fr\/projekte\/in-benin\/krankenhaus\/\"  aria-label=\"image Krankenstation\"  id='av-masonry-2-item-5188' data-av-masonry-item='5188' class='av-masonry-entry isotope-item post-5188 attachment type-attachment status-inherit hentry  av-masonry-item-with-image' title=\"Centre M\u00e9dico-Social &lt;\/br&gt;de Gohomey\" alt=\"\"  data-av-masonry-custom-link=\"https:\/\/pro-humanitaet.de\/?page_id=229\"  itemprop=\"thumbnailUrl\" ><div class='av-inner-masonry-sizer'><\/div><figure class='av-inner-masonry main_color'><div class=\"av-masonry-outerimage-container\"><div class='av-masonry-image-container' style=\"background-image: url(https:\/\/pro-humanitaet.de\/wp-content\/uploads\/2020\/06\/thumbnail_benin_krankenstation.jpg);\"  title=\"Centre M\u00e9dico-Social &lt;\/br&gt;de Gohomey\"  ><\/div><\/div><figcaption class='av-inner-masonry-content site-background'><div class='av-inner-masonry-content-pos'><div class='av-inner-masonry-content-pos-content'><div class='avia-arrow'><\/div><h3 class='av-masonry-entry-title entry-title'  itemprop=\"headline\" >Centre M\u00e9dico-Social <\/br>de Gohomey<\/h3><\/div><\/div><\/figcaption><\/figure><\/a><!--end av-masonry entry--><a href=\"https:\/\/pro-humanitaet.de\/fr\/projekte\/in-benin\/aids-projektarbeit\/\"  aria-label=\"image Aids\"  id='av-masonry-2-item-5184' data-av-masonry-item='5184' class='av-masonry-entry isotope-item post-5184 attachment type-attachment status-inherit hentry  av-masonry-item-with-image' title=\"Sida\" alt=\"\"  data-av-masonry-custom-link=\"https:\/\/pro-humanitaet.de\/?page_id=235\"  itemprop=\"thumbnailUrl\" ><div class='av-inner-masonry-sizer'><\/div><figure class='av-inner-masonry main_color'><div class=\"av-masonry-outerimage-container\"><div class='av-masonry-image-container' style=\"background-image: url(https:\/\/pro-humanitaet.de\/wp-content\/uploads\/2020\/06\/thubnail_benin_aids.jpg);\"  title=\"Sida\"  ><\/div><\/div><figcaption class='av-inner-masonry-content site-background'><div class='av-inner-masonry-content-pos'><div class='av-inner-masonry-content-pos-content'><div class='avia-arrow'><\/div><h3 class='av-masonry-entry-title entry-title'  itemprop=\"headline\" >Sida<\/h3><\/div><\/div><\/figcaption><\/figure><\/a><!--end av-masonry entry--><a href=\"https:\/\/pro-humanitaet.de\/fr\/projekte\/in-benin\/waisenhaeuser-2\/\"  aria-label=\"image Waisen\"  id='av-masonry-2-item-5189' data-av-masonry-item='5189' class='av-masonry-entry isotope-item post-5189 attachment type-attachment status-inherit hentry  av-masonry-item-with-image' title=\"Les orphelins\" alt=\"\"  data-av-masonry-custom-link=\"https:\/\/pro-humanitaet.de\/?page_id=547\"  itemprop=\"thumbnailUrl\" ><div class='av-inner-masonry-sizer'><\/div><figure class='av-inner-masonry main_color'><div class=\"av-masonry-outerimage-container\"><div class='av-masonry-image-container' style=\"background-image: url(https:\/\/pro-humanitaet.de\/wp-content\/uploads\/2020\/06\/thumbnail_benin_waisen.jpg);\"  title=\"Les orphelins\"  ><\/div><\/div><figcaption class='av-inner-masonry-content site-background'><div class='av-inner-masonry-content-pos'><div class='av-inner-masonry-content-pos-content'><div class='avia-arrow'><\/div><h3 class='av-masonry-entry-title entry-title'  itemprop=\"headline\" >Les orphelins<\/h3><\/div><\/div><\/figcaption><\/figure><\/a><!--end av-masonry entry--><a href=\"https:\/\/pro-humanitaet.de\/fr\/projekte\/in-benin\/bau-von-grundschulen\/\"  aria-label=\"image Schulprojekte &#038; Kinder\"  id='av-masonry-2-item-5186' data-av-masonry-item='5186' class='av-masonry-entry isotope-item post-5186 attachment type-attachment status-inherit hentry  av-masonry-item-with-image' title=\"Schulprojekte &#038; Kinder\" alt=\"\"  data-av-masonry-custom-link=\"https:\/\/pro-humanitaet.de\/?page_id=251\"  itemprop=\"thumbnailUrl\" ><div class='av-inner-masonry-sizer'><\/div><figure class='av-inner-masonry main_color'><div class=\"av-masonry-outerimage-container\"><div class='av-masonry-image-container' style=\"background-image: url(https:\/\/pro-humanitaet.de\/wp-content\/uploads\/2020\/06\/thubnail_benin_schulprojekte-kinder.jpg);\"  title=\"Schulprojekte &#038; Kinder\"  ><\/div><\/div><figcaption class='av-inner-masonry-content site-background'><div class='av-inner-masonry-content-pos'><div class='av-inner-masonry-content-pos-content'><div class='avia-arrow'><\/div><h3 class='av-masonry-entry-title entry-title'  itemprop=\"headline\" >Les projets d\u2019aide \u00e0 la scolarit\u00e9 et aux enfants<\/h3><\/div><\/div><\/figcaption><\/figure><\/a><!--end av-masonry entry--><\/div><\/div>\n\n<style type=\"text\/css\" data-created_by=\"avia_inline_auto\" id=\"style-css-av-dr8-4666732cf98343d30d01c69e4f7a75b4\">\n#top .hr.hr-invisible.av-dr8-4666732cf98343d30d01c69e4f7a75b4{\nheight:100px;\n}\n<\/style>\n<div  class='hr av-dr8-4666732cf98343d30d01c69e4f7a75b4 hr-invisible  avia-builder-el-14  el_after_av_masonry_gallery  avia-builder-el-no-sibling'><span class='hr-inner'><span class=\"hr-inner-style\"><\/span><\/span><\/div>\n<\/div><\/div><\/div><!-- close content main div --><\/div><\/div><div id='after_section_2'  class='main_color av_default_container_wrap container_wrap sidebar_right'  ><div class='container av-section-cont-open' ><div class='template-page content  av-content-small alpha units'><div class='post-entry post-entry-type-page post-entry-557'><div class='entry-content-wrapper clearfix'>","protected":false},"excerpt":{"rendered":"","protected":false},"author":6,"featured_media":0,"parent":52,"menu_order":0,"comment_status":"closed","ping_status":"closed","template":"","meta":[],"acf":[],"_links":{"self":[{"href":"https:\/\/pro-humanitaet.de\/fr\/wp-json\/wp\/v2\/pages\/557"}],"collection":[{"href":"https:\/\/pro-humanitaet.de\/fr\/wp-json\/wp\/v2\/pages"}],"about":[{"href":"https:\/\/pro-humanitaet.de\/fr\/wp-json\/wp\/v2\/types\/page"}],"author":[{"embeddable":true,"href":"https:\/\/pro-humanitaet.de\/fr\/wp-json\/wp\/v2\/users\/6"}],"replies":[{"embeddable":true,"href":"https:\/\/pro-humanitaet.de\/fr\/wp-json\/wp\/v2\/comments?post=557"}],"version-history":[{"count":49,"href":"https:\/\/pro-humanitaet.de\/fr\/wp-json\/wp\/v2\/pages\/557\/revisions"}],"predecessor-version":[{"id":8058,"href":"https:\/\/pro-humanitaet.de\/fr\/wp-json\/wp\/v2\/pages\/557\/revisions\/8058"}],"up":[{"embeddable":true,"href":"https:\/\/pro-humanitaet.de\/fr\/wp-json\/wp\/v2\/pages\/52"}],"wp:attachment":[{"href":"https:\/\/pro-humanitaet.de\/fr\/wp-json\/wp\/v2\/media?parent=557"}],"curies":[{"name":"wp","href":"https:\/\/api.w.org\/{rel}","templated":true}]}}