{"id":62,"date":"2014-06-10T15:12:44","date_gmt":"2014-06-10T14:12:44","guid":{"rendered":"http:\/\/prohumanitaet.tradino-gbr.de\/?page_id=62"},"modified":"2022-07-13T11:17:35","modified_gmt":"2022-07-13T10:17:35","slug":"individuell-spenden","status":"publish","type":"page","link":"https:\/\/pro-humanitaet.de\/fr\/spenden\/individuell-spenden\/","title":{"rendered":"Individuell Spenden"},"content":{"rendered":"<div id='av_section_1'  class='avia-section av-2h1s-3f80a172665769766d6b09f234de0132 main_color avia-section-large avia-no-border-styling  avia-builder-el-0  avia-builder-el-no-sibling  avia-bg-style-scroll container_wrap sidebar_right'  ><div class='container av-section-cont-open' ><main  role=\"main\" itemprop=\"mainContentOfPage\"  class='template-page content  av-content-small alpha units'><div class='post-entry post-entry-type-page post-entry-62'><div class='entry-content-wrapper clearfix'>\n\n<style type=\"text\/css\" data-created_by=\"avia_inline_auto\" id=\"style-css-av-om16-b5bc48cc8d2234790ef91cdd76dd63e9\">\n.flex_column.av-om16-b5bc48cc8d2234790ef91cdd76dd63e9{\n-webkit-border-radius:0px 0px 0px 0px;\n-moz-border-radius:0px 0px 0px 0px;\nborder-radius:0px 0px 0px 0px;\npadding:0px 10% 0px 10%;\n}\n<\/style>\n<div class='flex_column av-om16-b5bc48cc8d2234790ef91cdd76dd63e9 av_one_full  avia-builder-el-1  el_before_av_hr  avia-builder-el-first  av-contact-form-color first av-break-at-tablet flex_column_div'     ><p>\n<style type=\"text\/css\" data-created_by=\"avia_inline_auto\" id=\"style-css-av-dr8-522199a988477927e8c4fd7e2253fef0\">\n#top .hr.hr-invisible.av-dr8-522199a988477927e8c4fd7e2253fef0{\nheight:50px;\n}\n<\/style>\n<div  class='hr av-dr8-522199a988477927e8c4fd7e2253fef0 hr-invisible  avia-builder-el-2  el_before_av_textblock  avia-builder-el-first'><span class='hr-inner'><span class=\"hr-inner-style\"><\/span><\/span><\/div><br \/>\n<section  class='av_textblock_section av-k9v8z92v-14a976d1e6391983a798dab28a40adf0'  itemscope=\"itemscope\" itemtype=\"https:\/\/schema.org\/CreativeWork\" ><div class='avia_textblock'  itemprop=\"text\" ><h1 style=\"text-align: center;\">Individuell Spenden<\/h1>\n<\/div><\/section><br \/>\n\n<style type=\"text\/css\" data-created_by=\"avia_inline_auto\" id=\"style-css-av-dr8-a6370266303e52f4b5c1e39a44d9b4a3\">\n#top .hr.hr-invisible.av-dr8-a6370266303e52f4b5c1e39a44d9b4a3{\nheight:20px;\n}\n<\/style>\n<div  class='hr av-dr8-a6370266303e52f4b5c1e39a44d9b4a3 hr-invisible  avia-builder-el-4  el_after_av_textblock  el_before_av_textblock'><span class='hr-inner'><span class=\"hr-inner-style\"><\/span><\/span><\/div><br \/>\n<section  class='av_textblock_section av-k60w-b02aaf5ba09e877398fe611c8d170bde'  itemscope=\"itemscope\" itemtype=\"https:\/\/schema.org\/CreativeWork\" ><div class='avia_textblock'  itemprop=\"text\" ><p style=\"text-align: center;\"><strong>Wir danken Ihnen f\u00fcr Ihre Spende, denn jeder noch so kleine Betrag hilft!<br \/>\n<\/strong>Steuer-Nr. 219\/5881\/0409 des Finanzamtes Kleve. Wir sind gem\u00e4\u00df Bescheid des Finanzamtes Kleve vom 26.05.1997 wegen F\u00f6rderung der Hilfe an notleidenden Kindern als ausschlie\u00dflich und unmittelbar gemeinn\u00fctzigen Zwecken dienend nach \u00a7\u00a05 Abs. 1 Nr. 9 KSTG von der K\u00f6rperschaftssteuer befreit.<\/p>\n<\/div><\/section><br \/>\n\n<style type=\"text\/css\" data-created_by=\"avia_inline_auto\" id=\"style-css-av-dr8-522199a988477927e8c4fd7e2253fef0\">\n#top .hr.hr-invisible.av-dr8-522199a988477927e8c4fd7e2253fef0{\nheight:50px;\n}\n<\/style>\n<div  class='hr av-dr8-522199a988477927e8c4fd7e2253fef0 hr-invisible  avia-builder-el-6  el_after_av_textblock  el_before_av_contact'><span class='hr-inner'><span class=\"hr-inner-style\"><\/span><\/span><\/div><br \/>\n<form action=\"https:\/\/pro-humanitaet.de\/fr\/spenden\/individuell-spenden\/\" method=\"post\"  class=\"avia_ajax_form av-form-labels-visible   avia-builder-el-7  el_after_av_hr  el_before_av_notification\" data-avia-form-id=\"1\" data-avia-redirect='' data-trp-original-action=\"https:\/\/pro-humanitaet.de\/fr\/spenden\/individuell-spenden\/\" ><fieldset><p class='first_form  form_element form_fullwidth' id='element_avia_1_1'><label for=\"avia_1_1\">Betrag in Euro <abbr class=\"required\" title=\"requis(e)\">*<\/abbr><\/label> <input name=\"avia_1_1\" class=\"text_input is_empty\" type=\"text\" id=\"avia_1_1\" value=\"\" \/><\/p><p class='first_form  form_element form_element_half' id='element_avia_2_1'><label for=\"avia_2_1\">Zahlungsinformationen <abbr class=\"required\" title=\"requis(e)\">*<\/abbr><\/label><select  name=\"avia_2_1\" class=\"select is_empty\" id=\"avia_2_1\"><option   value='Einmalige Zahlung'>Einmalige Zahlung<\/option><option   value='Monatliche Zahlung'>Monatliche Zahlung<\/option><option   value='Viertelj\u00e4hrliche Zahlung'>Viertelj\u00e4hrliche Zahlung<\/option><\/select><\/p><p class='form_element form_element_half' id='element_avia_3_1'><label for=\"avia_3_1\">Adressart <abbr class=\"required\" title=\"requis(e)\">*<\/abbr><\/label><select  name=\"avia_3_1\" class=\"select is_empty\" id=\"avia_3_1\"><option   value='Privat'>Privat<\/option><option   value='Firma'>Firma<\/option><option   value='Schule'>Schule<\/option><option   value='Organisation'>Organisation<\/option><\/select><\/p><p class='first_form  form_element form_element_half' id='element_avia_4_1'><label for=\"avia_4_1\">Anrede <abbr class=\"required\" title=\"requis(e)\">*<\/abbr><\/label><select  name=\"avia_4_1\" class=\"select is_empty\" id=\"avia_4_1\"><option   value='Herr'>Herr<\/option><option   value='Frau'>Frau<\/option><\/select><\/p><p class='form_element form_element_half' id='element_avia_5_1'><label for=\"avia_5_1\">Titel<\/label><select  name=\"avia_5_1\" class=\"select\" id=\"avia_5_1\"><option   value='kein Titel'>kein Titel<\/option><option   value='Dr.'>Dr.<\/option><option   value='Prof.'>Prof.<\/option><\/select><\/p><p class='first_form  form_element form_element_half' id='element_avia_6_1'><label for=\"avia_6_1\">Vorname <abbr class=\"required\" title=\"requis(e)\">*<\/abbr><\/label> <input name=\"avia_6_1\" class=\"text_input is_empty\" type=\"text\" id=\"avia_6_1\" value=\"\" \/><\/p><p class='form_element form_element_half' id='element_avia_7_1'><label for=\"avia_7_1\">Name <abbr class=\"required\" title=\"requis(e)\">*<\/abbr><\/label> <input name=\"avia_7_1\" class=\"text_input is_empty\" type=\"text\" id=\"avia_7_1\" value=\"\" \/><\/p><p class='first_form  form_element form_element_half' id='element_avia_8_1'><label for=\"avia_8_1\">Stra\u00dfe <abbr class=\"required\" title=\"requis(e)\">*<\/abbr><\/label> <input name=\"avia_8_1\" class=\"text_input is_empty\" type=\"text\" id=\"avia_8_1\" value=\"\" \/><\/p><p class='form_element form_element_half' id='element_avia_9_1'><label for=\"avia_9_1\">Hausnummer <abbr class=\"required\" title=\"requis(e)\">*<\/abbr><\/label> <input name=\"avia_9_1\" class=\"text_input is_empty\" type=\"text\" id=\"avia_9_1\" value=\"\" \/><\/p><p class='first_form  form_element form_element_half' id='element_avia_10_1'><label for=\"avia_10_1\">Postleitzahl <abbr class=\"required\" title=\"requis(e)\">*<\/abbr><\/label> <input name=\"avia_10_1\" class=\"text_input is_empty\" type=\"text\" id=\"avia_10_1\" value=\"\" \/><\/p><p class='form_element form_element_half' id='element_avia_11_1'><label for=\"avia_11_1\">Ort <abbr class=\"required\" title=\"requis(e)\">*<\/abbr><\/label> <input name=\"avia_11_1\" class=\"text_input is_empty\" type=\"text\" id=\"avia_11_1\" value=\"\" \/><\/p><p class='first_form  form_element form_element_half' id='element_avia_12_1'><label for=\"avia_12_1\">Telefon<\/label> <input name=\"avia_12_1\" class=\"text_input\" type=\"text\" id=\"avia_12_1\" value=\"\" \/><\/p><p class='form_element form_element_half' id='element_avia_13_1'><label for=\"avia_13_1\">E-Mail <abbr class=\"required\" title=\"requis(e)\">*<\/abbr><\/label> <input name=\"avia_13_1\" class=\"text_input is_email\" type=\"text\" id=\"avia_13_1\" value=\"\" \/><\/p><p class='first_form  form_element form_fullwidth' id='element_avia_14_1'><label for=\"avia_14_1\">Bank <abbr class=\"required\" title=\"requis(e)\">*<\/abbr><\/label> <input name=\"avia_14_1\" class=\"text_input is_empty\" type=\"text\" id=\"avia_14_1\" value=\"\" \/><\/p><p class='first_form  form_element form_element_half' id='element_avia_15_1'><label for=\"avia_15_1\">IBAN-Nr <abbr class=\"required\" title=\"requis(e)\">*<\/abbr><\/label> <input name=\"avia_15_1\" class=\"text_input is_empty\" type=\"text\" id=\"avia_15_1\" value=\"\" \/><\/p><p class='form_element form_element_half' id='element_avia_16_1'><label for=\"avia_16_1\">BIC <abbr class=\"required\" title=\"requis(e)\">*<\/abbr><\/label> <input name=\"avia_16_1\" class=\"text_input is_empty\" type=\"text\" id=\"avia_16_1\" value=\"\" \/><\/p><p class='first_form  form_element form_fullwidth' id='element_avia_17_1'><label for=\"avia_17_1\" class=\"textare_label hidden textare_label_avia_17_1\">Individuelle Mitteilung<\/label><textarea  name=\"avia_17_1\" class=\"text_area\" cols=\"40\" rows=\"7\" id=\"avia_17_1\" ><\/textarea><\/p><p class=\"hidden\"><input type=\"text\" name=\"avia_18_1\" class=\"hidden\" id=\"avia_18_1\" value=\"\" \/><\/p><p class='form_element form_fullwidth av-last-visible-form-element' id='element_avia_19_1'><span class='value_verifier_label'>0 + 7 = ?<\/span><input name=\"avia_19_1_verifier\" type=\"hidden\" id=\"avia_19_1_verifier\" value=\"676344786\"\/><label for=\"avia_19_1\">Merci de prouver que vous \u00eates un humain en donnant le r\u00e9sultat de cette op\u00e9ration <abbr class=\"required\" title=\"requis(e)\">*<\/abbr><\/label><input name=\"avia_19_1\" class=\"text_input captcha\" type=\"text\" id=\"avia_19_1\" value=\"\"\/><\/p><p class='av_form_privacy_check av_contact_privacy_check first_form  form_element form_fullwidth' id='element_avia_20_1'><input  name=\"avia_20_1\" class=\"input_checkbox is_empty\" type=\"checkbox\" id=\"avia_20_1\" value=\"true\"\/><label class=\"input_checkbox_label\" for=\"avia_20_1\">Ich stimme zu, dass meine Angaben aus dem Kontaktformular zur Beantwortung meiner Anfrage erhoben und verarbeitet werden. Die Daten werden nach abgeschlossener Bearbeitung Ihrer Anfrage gel\u00f6scht. Hinweis: Sie k\u00f6nnen Ihre Einwilligung jederzeit f\u00fcr die Zukunft per E-Mail an <a href=\"mailto:aktionph@gmail.com\">aktionph@gmail.com<\/a> widerrufen. Detaillierte Informationen zum Umgang mit Nutzerdaten finden Sie in unserer Datenschutzerkl\u00e4rung. <abbr class=\"required\" title=\"requis(e)\">*<\/abbr><\/label><\/p><p class=\"form_element\"><input type=\"hidden\" value=\"1\" name=\"avia_generated_form1\" \/><input type=\"submit\" value=\"Senden\" class=\"button\"  data-sending-label=\"Envoi\"\/><\/p><\/fieldset><input type=\"hidden\" name=\"trp-form-language\" value=\"fr\"\/><\/form><div id=\"ajaxresponse_1\" class=\"ajaxresponse ajaxresponse_1 hidden\"><\/div><br \/>\n\n<style type=\"text\/css\" data-created_by=\"avia_inline_auto\" id=\"style-css-av-3nu6-58692d72bb3b9e5ef655ab03ed0870ed\">\n.avia_message_box.av-3nu6-58692d72bb3b9e5ef655ab03ed0870ed{\nbackground-color:#e08603;\ncolor:#ffffff;\n}\n<\/style>\n<div id='avia-messagebox-' class='avia_message_box av_notification av-3nu6-58692d72bb3b9e5ef655ab03ed0870ed avia-color-custom avia-size-large avia-icon_select-no avia-border-solid  avia-builder-el-8  el_after_av_contact  avia-builder-el-last' ><span class='avia_message_box_title' >Hinweis<\/span><div class=\"avia_message_box_content\"><p>Information f\u00fcr unsere Spender<br \/>\nDie steuerliche Absetzbarkeit von Spenden ist vom Gesetzgeber r\u00fcckwirkend attraktiver gestaltet worden. Der vereinfachte Nachweis (Buchungsbest\u00e4tigung auf dem Kontoauszug oder Vorlage eines Bareinzahlung-Beleges) wird seit 2021 bis zu 300 \u20ac zugelassen.<\/p>\n<p>Das bedeutet f\u00fcr Sie als Spender<br \/>\nF\u00fcr Spenden bis 300 \u20ac im Jahr ist eine zus\u00e4tzliche Zuwendungs-Best\u00e4tigung (ehem. Spendenbescheinigung) beim Finanzamt nicht mehr erforderlich.<\/p>\n<p>Wichtig f\u00fcr die Ausstellung einer Spendenbescheinigung: Geben Sie bitte auf der Einzahlung Name und Anschrift an!<\/p>\n<\/div><\/div><\/p><\/div>\n<style type=\"text\/css\" data-created_by=\"avia_inline_auto\" id=\"style-css-av-dr8-4666732cf98343d30d01c69e4f7a75b4\">\n#top .hr.hr-invisible.av-dr8-4666732cf98343d30d01c69e4f7a75b4{\nheight:100px;\n}\n<\/style>\n<div  class='hr av-dr8-4666732cf98343d30d01c69e4f7a75b4 hr-invisible  avia-builder-el-9  el_after_av_one_full  avia-builder-el-last'><span class='hr-inner'><span class=\"hr-inner-style\"><\/span><\/span><\/div>\n<\/div><\/div><\/main><!-- close content main element --><\/div><\/div><div id='after_section_1'  class='main_color av_default_container_wrap container_wrap sidebar_right'  ><div class='container av-section-cont-open' ><div class='template-page content  av-content-small alpha units'><div class='post-entry post-entry-type-page post-entry-62'><div class='entry-content-wrapper clearfix'>","protected":false},"excerpt":{"rendered":"","protected":false},"author":6,"featured_media":0,"parent":6728,"menu_order":0,"comment_status":"open","ping_status":"closed","template":"","meta":[],"acf":[],"_links":{"self":[{"href":"https:\/\/pro-humanitaet.de\/fr\/wp-json\/wp\/v2\/pages\/62"}],"collection":[{"href":"https:\/\/pro-humanitaet.de\/fr\/wp-json\/wp\/v2\/pages"}],"about":[{"href":"https:\/\/pro-humanitaet.de\/fr\/wp-json\/wp\/v2\/types\/page"}],"author":[{"embeddable":true,"href":"https:\/\/pro-humanitaet.de\/fr\/wp-json\/wp\/v2\/users\/6"}],"replies":[{"embeddable":true,"href":"https:\/\/pro-humanitaet.de\/fr\/wp-json\/wp\/v2\/comments?post=62"}],"version-history":[{"count":30,"href":"https:\/\/pro-humanitaet.de\/fr\/wp-json\/wp\/v2\/pages\/62\/revisions"}],"predecessor-version":[{"id":8375,"href":"https:\/\/pro-humanitaet.de\/fr\/wp-json\/wp\/v2\/pages\/62\/revisions\/8375"}],"up":[{"embeddable":true,"href":"https:\/\/pro-humanitaet.de\/fr\/wp-json\/wp\/v2\/pages\/6728"}],"wp:attachment":[{"href":"https:\/\/pro-humanitaet.de\/fr\/wp-json\/wp\/v2\/media?parent=62"}],"curies":[{"name":"wp","href":"https:\/\/api.w.org\/{rel}","templated":true}]}}