{"id":636,"date":"2014-06-18T12:42:16","date_gmt":"2014-06-18T11:42:16","guid":{"rendered":"http:\/\/prohumanitaet.tradino-gbr.de\/?page_id=636"},"modified":"2020-12-09T11:16:18","modified_gmt":"2020-12-09T10:16:18","slug":"636-2","status":"publish","type":"page","link":"https:\/\/pro-humanitaet.de\/fr\/projekte\/im-niger\/636-2\/","title":{"rendered":"Construction de puits"},"content":{"rendered":"<div id='full_slider_1'  class='avia-fullwidth-slider main_color avia-shadow   avia-builder-el-0  el_before_av_section  avia-builder-el-first   container_wrap sidebar_right'  ><div  class='avia-slideshow av-kbtb70t5-e25c789179866e5730f60a5ac4b35b3a avia-slideshow-featured_large av_slideshow_full avia-slide-slider av-slideshow-ui av-control-default av-slideshow-manual av-loop-once av-loop-manual-endless av-default-height-applied   avia-slideshow-1' data-slideshow-options=\"{&quot;animation&quot;:&quot;slide&quot;,&quot;autoplay&quot;:false,&quot;loop_autoplay&quot;:&quot;once&quot;,&quot;interval&quot;:5,&quot;loop_manual&quot;:&quot;manual-endless&quot;,&quot;autoplay_stopper&quot;:false,&quot;noNavigation&quot;:false,&quot;bg_slider&quot;:false,&quot;keep_padding&quot;:false,&quot;hoverpause&quot;:false,&quot;show_slide_delay&quot;:0}\"  itemprop=\"image\" itemscope=\"itemscope\" itemtype=\"https:\/\/schema.org\/ImageObject\" ><ul class='avia-slideshow-inner' style='padding-bottom: 42%;'><li  class='avia-slideshow-slide av-kbtb70t5-e25c789179866e5730f60a5ac4b35b3a__0  av-single-slide slide-1 slide-odd'><div data-rel='slideshow-1' class='avia-slide-wrap'   ><img decoding=\"async\" class=\"wp-image-6607 avia-img-lazy-loading-not-6607\"  src=\"https:\/\/pro-humanitaet.de\/wp-content\/uploads\/2020\/08\/aph-niger-brunnenbau-header-1500x630.jpg\" width=\"1500\" height=\"630\" title='aph-niger-brunnenbau-header' alt=''  itemprop=\"thumbnailUrl\" srcset=\"https:\/\/pro-humanitaet.de\/wp-content\/uploads\/2020\/08\/aph-niger-brunnenbau-header-1500x630.jpg 1500w, https:\/\/pro-humanitaet.de\/wp-content\/uploads\/2020\/08\/aph-niger-brunnenbau-header-300x125.jpg 300w\" sizes=\"(max-width: 1500px) 100vw, 1500px\" \/><\/div><\/li><\/ul><\/div><\/div>\n<div id='av_section_1'  class='avia-section av-2h1s-3f80a172665769766d6b09f234de0132 main_color avia-section-large avia-no-border-styling  avia-builder-el-1  el_after_av_slideshow_full  el_before_av_section  avia-bg-style-scroll container_wrap sidebar_right'  ><div class='container av-section-cont-open' ><div class='template-page content  av-content-small alpha units'><div class='post-entry post-entry-type-page post-entry-636'><div class='entry-content-wrapper clearfix'>\n\n<style type=\"text\/css\" data-created_by=\"avia_inline_auto\" id=\"style-css-av-om16-49603b053088c06551551828238ed421\">\n.flex_column.av-om16-49603b053088c06551551828238ed421{\n-webkit-border-radius:0px 0px 0px 0px;\n-moz-border-radius:0px 0px 0px 0px;\nborder-radius:0px 0px 0px 0px;\npadding:0px 10% 0px 10%;\n}\n<\/style>\n<div class='flex_column av-om16-49603b053088c06551551828238ed421 av_one_full  avia-builder-el-2  avia-builder-el-no-sibling  first av-break-at-tablet flex_column_div'     ><section  class='av_textblock_section av-k9v8z92v-14a976d1e6391983a798dab28a40adf0'  itemscope=\"itemscope\" itemtype=\"https:\/\/schema.org\/CreativeWork\" ><div class='avia_textblock'  itemprop=\"text\" ><h1 style=\"text-align: center;\">Construction de puits<\/h1>\n<h2 style=\"text-align: center;\">De l'eau propre pour les hommes, les animaux et la nature<\/h2>\n<\/div><\/section><br \/>\n\n<style type=\"text\/css\" data-created_by=\"avia_inline_auto\" id=\"style-css-av-dr8-a6370266303e52f4b5c1e39a44d9b4a3\">\n#top .hr.hr-invisible.av-dr8-a6370266303e52f4b5c1e39a44d9b4a3{\nheight:20px;\n}\n<\/style>\n<div  class='hr av-dr8-a6370266303e52f4b5c1e39a44d9b4a3 hr-invisible  avia-builder-el-4  el_after_av_textblock  el_before_av_textblock'><span class='hr-inner'><span class=\"hr-inner-style\"><\/span><\/span><\/div><br \/>\n<section  class='av_textblock_section av-k60w-b02aaf5ba09e877398fe611c8d170bde'  itemscope=\"itemscope\" itemtype=\"https:\/\/schema.org\/CreativeWork\" ><div class='avia_textblock'  itemprop=\"text\" ><p>Le manque d'eau est un probl\u00e8me crucial au Niger, pays situ\u00e9 dans la zone extr\u00eamement aride du Sahel. Pourtant, un seul puits permet d'approvisionner 20 000 personnes en eau propre et potable. De plus, l\u2019eau profite \u00e9galement au b\u00e9tail et aux plantes, permettant ainsi l'autosuffisance alimentaire. Avec le soutien de nombreux donateurs, d'entreprises, d'\u00e9coles et de familles - comme la famille Seibt de l'\u00eele Grav \u00e0 Wesel-Fl\u00fcren et sa fondation, ou encore l'association <a href=\"http:\/\/wir-helfen-kindern-weltweit.de\/\">Wir helfen Kindern weltweit e.V.<\/a>, la famille Janssen et d'autres g\u00e9n\u00e9reux donateurs de Sonsbeck, 42 puits ont pu \u00eatre r\u00e9alis\u00e9s de 2005 \u00e0 aujourd\u2019hui. Ainsi, dans cette r\u00e9gion du Sahel, plus de 800 000 personnes ont d\u00e9sormais acc\u00e8s \u00e0 l'eau.<\/p>\n<p>Les puits sont g\u00e9r\u00e9s de fa\u00e7on autonome par les communaut\u00e9s villageoises.  Des \u00ab\u00a0comit\u00e9s de puits\u00a0\u00bb sont mis en place, qui maintiennent les puits propres, per\u00e7oivent \u00ab\u00a0l'argent de l'eau\u00a0\u00bb aussi bien des individus que des \u00e9leveurs de b\u00e9tail et cr\u00e9ent ainsi les r\u00e9serves n\u00e9cessaires aux r\u00e9parations. Gr\u00e2ce \u00e0 cet entretien r\u00e9gulier ainsi qu\u2019aux expertises hydrog\u00e9ologiques r\u00e9alis\u00e9es avant la construction de chaque puits, tous les puits sont encore fonctionnels depuis 2005. Ni Action Pour l\u2019Humanit\u00e9 ni l'\u00e9v\u00each\u00e9 de Niamey n'ont eu \u00e0 payer d\u2019interventions sp\u00e9cifiques pour des r\u00e9parations ou autres.<\/p>\n<p>Globalement, le principe de de base du Cadev Niger et de l'archev\u00eaque Laurent \u00e0 titre personnel est le suivant\u00a0: tous les projets d'aide au sein des dioc\u00e8ses re\u00e7oivent un financement de d\u00e9part, mais doivent ensuite fonctionner de mani\u00e8re autonome. Gr\u00e2ce \u00e0 un travail approfondi de sensibilisation de la population avant la mise en place du projet, cela fonctionne parfaitement jusqu'\u00e0 pr\u00e9sent. L'archev\u00eaque tient toujours \u00e0 ce que les projets ne r\u00e9pondent pas seulement aux besoins les plus urgents des gens, mais qu'ils contribuent \u00e9galement \u00e0 la paix. Celle-ci malheureusement est souvent fragile dans de nombreux pays d'Afrique. Au Niger, tous les projets d'aide de la fondation Action Pour l\u2019Humanit\u00e9 sont au service de tous les \u00eatres humains : hommes et femmes, enfants et adultes, musulmans, chr\u00e9tiens et toutes ethnies.<\/p>\n<\/div><\/section><br \/>\n\n<style type=\"text\/css\" data-created_by=\"avia_inline_auto\" id=\"style-css-av-dr8-522199a988477927e8c4fd7e2253fef0\">\n#top .hr.hr-invisible.av-dr8-522199a988477927e8c4fd7e2253fef0{\nheight:50px;\n}\n<\/style>\n<div  class='hr av-dr8-522199a988477927e8c4fd7e2253fef0 hr-invisible  avia-builder-el-6  el_after_av_textblock  el_before_av_masonry_gallery  avia-builder-el-last'><span class='hr-inner'><span class=\"hr-inner-style\"><\/span><\/span><\/div><br \/>\n<div id='av-masonry-1' class='av-masonry av-t9o2-416942c94840490a079c7094b188cccd noHover av-fixed-size av-large-gap av-hover-overlay-active av-masonry-animation-active av-masonry-col-4 av-caption-always av-caption-style- av-masonry-gallery av-orientation-square' data-post_id=\"636\"><div class=\"av-masonry-container isotope av-js-disabled\"><div class='av-masonry-entry isotope-item av-masonry-item-no-image'><\/div><a href=\"https:\/\/pro-humanitaet.de\/wp-content\/uploads\/2020\/08\/aph-niger-brunnenbau-01.jpg\" data-srcset=\"https:\/\/pro-humanitaet.de\/wp-content\/uploads\/2020\/08\/aph-niger-brunnenbau-01.jpg 1000w, https:\/\/pro-humanitaet.de\/wp-content\/uploads\/2020\/08\/aph-niger-brunnenbau-01-300x225.jpg 300w, https:\/\/pro-humanitaet.de\/wp-content\/uploads\/2020\/08\/aph-niger-brunnenbau-01-768x576.jpg 768w, https:\/\/pro-humanitaet.de\/wp-content\/uploads\/2020\/08\/aph-niger-brunnenbau-01-705x529.jpg 705w\" data-sizes=\"(max-width: 1000px) 100vw, 1000px\"  aria-label=\"image aph-niger-brunnenbau-01\"  id='av-masonry-1-item-6613' data-av-masonry-item='6613' class='av-masonry-entry isotope-item post-6613 attachment type-attachment status-inherit hentry  av-masonry-item-with-image' title=\"aph-niger-brunnenbau-01\" alt=\"\"    itemprop=\"thumbnailUrl\" ><div class='av-inner-masonry-sizer'><\/div><figure class='av-inner-masonry main_color'><div class=\"av-masonry-outerimage-container\"><div class='av-masonry-image-container' style=\"background-image: url(https:\/\/pro-humanitaet.de\/wp-content\/uploads\/2020\/08\/aph-niger-brunnenbau-01-705x529.jpg);\"  title=\"aph-niger-brunnenbau-01\"  ><\/div><\/div><\/figure><\/a><!--end av-masonry entry--><a href=\"https:\/\/pro-humanitaet.de\/wp-content\/uploads\/2020\/08\/aph-niger-brunnenbau-02.jpg\" data-srcset=\"https:\/\/pro-humanitaet.de\/wp-content\/uploads\/2020\/08\/aph-niger-brunnenbau-02.jpg 1000w, https:\/\/pro-humanitaet.de\/wp-content\/uploads\/2020\/08\/aph-niger-brunnenbau-02-300x225.jpg 300w, https:\/\/pro-humanitaet.de\/wp-content\/uploads\/2020\/08\/aph-niger-brunnenbau-02-768x576.jpg 768w, https:\/\/pro-humanitaet.de\/wp-content\/uploads\/2020\/08\/aph-niger-brunnenbau-02-705x529.jpg 705w\" data-sizes=\"(max-width: 1000px) 100vw, 1000px\"  aria-label=\"image aph-niger-brunnenbau-02\"  id='av-masonry-1-item-6614' data-av-masonry-item='6614' class='av-masonry-entry isotope-item post-6614 attachment type-attachment status-inherit hentry  av-masonry-item-with-image' title=\"aph-niger-brunnenbau-02\" alt=\"\"    itemprop=\"thumbnailUrl\" ><div class='av-inner-masonry-sizer'><\/div><figure class='av-inner-masonry main_color'><div class=\"av-masonry-outerimage-container\"><div class='av-masonry-image-container' style=\"background-image: url(https:\/\/pro-humanitaet.de\/wp-content\/uploads\/2020\/08\/aph-niger-brunnenbau-02-705x529.jpg);\"  title=\"aph-niger-brunnenbau-02\"  ><\/div><\/div><\/figure><\/a><!--end av-masonry entry--><a href=\"https:\/\/pro-humanitaet.de\/wp-content\/uploads\/2020\/08\/aph-niger-brunnenbau-03-685x1030.jpg\" data-srcset=\"https:\/\/pro-humanitaet.de\/wp-content\/uploads\/2020\/08\/aph-niger-brunnenbau-03-685x1030.jpg 685w, https:\/\/pro-humanitaet.de\/wp-content\/uploads\/2020\/08\/aph-niger-brunnenbau-03-199x300.jpg 199w, https:\/\/pro-humanitaet.de\/wp-content\/uploads\/2020\/08\/aph-niger-brunnenbau-03-768x1155.jpg 768w, https:\/\/pro-humanitaet.de\/wp-content\/uploads\/2020\/08\/aph-niger-brunnenbau-03-997x1500.jpg 997w, https:\/\/pro-humanitaet.de\/wp-content\/uploads\/2020\/08\/aph-niger-brunnenbau-03-469x705.jpg 469w, https:\/\/pro-humanitaet.de\/wp-content\/uploads\/2020\/08\/aph-niger-brunnenbau-03.jpg 1000w\" data-sizes=\"(max-width: 685px) 100vw, 685px\"  aria-label=\"image aph-niger-brunnenbau-03\"  id='av-masonry-1-item-6615' data-av-masonry-item='6615' class='av-masonry-entry isotope-item post-6615 attachment type-attachment status-inherit hentry  av-masonry-item-with-image' title=\"aph-niger-brunnenbau-03\" alt=\"\"    itemprop=\"thumbnailUrl\" ><div class='av-inner-masonry-sizer'><\/div><figure class='av-inner-masonry main_color'><div class=\"av-masonry-outerimage-container\"><div class='av-masonry-image-container' style=\"background-image: url(https:\/\/pro-humanitaet.de\/wp-content\/uploads\/2020\/08\/aph-niger-brunnenbau-03-469x705.jpg);\"  title=\"aph-niger-brunnenbau-03\"  ><\/div><\/div><\/figure><\/a><!--end av-masonry entry--><a href=\"https:\/\/pro-humanitaet.de\/wp-content\/uploads\/2020\/08\/aph-niger-brunnenbau-04.jpg\" data-srcset=\"https:\/\/pro-humanitaet.de\/wp-content\/uploads\/2020\/08\/aph-niger-brunnenbau-04.jpg 1000w, https:\/\/pro-humanitaet.de\/wp-content\/uploads\/2020\/08\/aph-niger-brunnenbau-04-300x225.jpg 300w, https:\/\/pro-humanitaet.de\/wp-content\/uploads\/2020\/08\/aph-niger-brunnenbau-04-768x576.jpg 768w, https:\/\/pro-humanitaet.de\/wp-content\/uploads\/2020\/08\/aph-niger-brunnenbau-04-705x529.jpg 705w\" data-sizes=\"(max-width: 1000px) 100vw, 1000px\"  aria-label=\"image aph-niger-brunnenbau-04\"  id='av-masonry-1-item-6616' data-av-masonry-item='6616' class='av-masonry-entry isotope-item post-6616 attachment type-attachment status-inherit hentry  av-masonry-item-with-image' title=\"aph-niger-brunnenbau-04\" alt=\"\"    itemprop=\"thumbnailUrl\" ><div class='av-inner-masonry-sizer'><\/div><figure class='av-inner-masonry main_color'><div class=\"av-masonry-outerimage-container\"><div class='av-masonry-image-container' style=\"background-image: url(https:\/\/pro-humanitaet.de\/wp-content\/uploads\/2020\/08\/aph-niger-brunnenbau-04-705x529.jpg);\"  title=\"aph-niger-brunnenbau-04\"  ><\/div><\/div><\/figure><\/a><!--end av-masonry entry--><a href=\"https:\/\/pro-humanitaet.de\/wp-content\/uploads\/2020\/08\/aph-niger-brunnenbau-05.jpg\" data-srcset=\"https:\/\/pro-humanitaet.de\/wp-content\/uploads\/2020\/08\/aph-niger-brunnenbau-05.jpg 1000w, https:\/\/pro-humanitaet.de\/wp-content\/uploads\/2020\/08\/aph-niger-brunnenbau-05-300x225.jpg 300w, https:\/\/pro-humanitaet.de\/wp-content\/uploads\/2020\/08\/aph-niger-brunnenbau-05-768x576.jpg 768w, https:\/\/pro-humanitaet.de\/wp-content\/uploads\/2020\/08\/aph-niger-brunnenbau-05-705x529.jpg 705w\" data-sizes=\"(max-width: 1000px) 100vw, 1000px\"  aria-label=\"image aph-niger-brunnenbau-05\"  id='av-masonry-1-item-6617' data-av-masonry-item='6617' class='av-masonry-entry isotope-item post-6617 attachment type-attachment status-inherit hentry  av-masonry-item-with-image' title=\"aph-niger-brunnenbau-05\" alt=\"\"    itemprop=\"thumbnailUrl\" ><div class='av-inner-masonry-sizer'><\/div><figure class='av-inner-masonry main_color'><div class=\"av-masonry-outerimage-container\"><div class='av-masonry-image-container' style=\"background-image: url(https:\/\/pro-humanitaet.de\/wp-content\/uploads\/2020\/08\/aph-niger-brunnenbau-05-705x529.jpg);\"  title=\"aph-niger-brunnenbau-05\"  ><\/div><\/div><\/figure><\/a><!--end av-masonry entry--><a href=\"https:\/\/pro-humanitaet.de\/wp-content\/uploads\/2020\/08\/aph-niger-brunnenbau-06.jpg\" data-srcset=\"https:\/\/pro-humanitaet.de\/wp-content\/uploads\/2020\/08\/aph-niger-brunnenbau-06.jpg 1000w, https:\/\/pro-humanitaet.de\/wp-content\/uploads\/2020\/08\/aph-niger-brunnenbau-06-300x225.jpg 300w, https:\/\/pro-humanitaet.de\/wp-content\/uploads\/2020\/08\/aph-niger-brunnenbau-06-768x576.jpg 768w, https:\/\/pro-humanitaet.de\/wp-content\/uploads\/2020\/08\/aph-niger-brunnenbau-06-705x529.jpg 705w\" data-sizes=\"(max-width: 1000px) 100vw, 1000px\"  aria-label=\"image aph-niger-brunnenbau-06\"  id='av-masonry-1-item-6618' data-av-masonry-item='6618' class='av-masonry-entry isotope-item post-6618 attachment type-attachment status-inherit hentry  av-masonry-item-with-image' title=\"aph-niger-brunnenbau-06\" alt=\"\"    itemprop=\"thumbnailUrl\" ><div class='av-inner-masonry-sizer'><\/div><figure class='av-inner-masonry main_color'><div class=\"av-masonry-outerimage-container\"><div class='av-masonry-image-container' style=\"background-image: url(https:\/\/pro-humanitaet.de\/wp-content\/uploads\/2020\/08\/aph-niger-brunnenbau-06-705x529.jpg);\"  title=\"aph-niger-brunnenbau-06\"  ><\/div><\/div><\/figure><\/a><!--end av-masonry entry--><a href=\"https:\/\/pro-humanitaet.de\/wp-content\/uploads\/2020\/08\/aph-niger-brunnenbau-07.jpg\" data-srcset=\"https:\/\/pro-humanitaet.de\/wp-content\/uploads\/2020\/08\/aph-niger-brunnenbau-07.jpg 1000w, https:\/\/pro-humanitaet.de\/wp-content\/uploads\/2020\/08\/aph-niger-brunnenbau-07-300x225.jpg 300w, https:\/\/pro-humanitaet.de\/wp-content\/uploads\/2020\/08\/aph-niger-brunnenbau-07-768x576.jpg 768w, https:\/\/pro-humanitaet.de\/wp-content\/uploads\/2020\/08\/aph-niger-brunnenbau-07-705x529.jpg 705w\" data-sizes=\"(max-width: 1000px) 100vw, 1000px\"  aria-label=\"image aph-niger-brunnenbau-07\"  id='av-masonry-1-item-6619' data-av-masonry-item='6619' class='av-masonry-entry isotope-item post-6619 attachment type-attachment status-inherit hentry  av-masonry-item-with-image' title=\"aph-niger-brunnenbau-07\" alt=\"\"    itemprop=\"thumbnailUrl\" ><div class='av-inner-masonry-sizer'><\/div><figure class='av-inner-masonry main_color'><div class=\"av-masonry-outerimage-container\"><div class='av-masonry-image-container' style=\"background-image: url(https:\/\/pro-humanitaet.de\/wp-content\/uploads\/2020\/08\/aph-niger-brunnenbau-07-705x529.jpg);\"  title=\"aph-niger-brunnenbau-07\"  ><\/div><\/div><\/figure><\/a><!--end av-masonry entry--><\/div><\/div><br \/>\n\n<style type=\"text\/css\" data-created_by=\"avia_inline_auto\" id=\"style-css-av-dr8-522199a988477927e8c4fd7e2253fef0\">\n#top .hr.hr-invisible.av-dr8-522199a988477927e8c4fd7e2253fef0{\nheight:50px;\n}\n<\/style>\n<div  class='hr av-dr8-522199a988477927e8c4fd7e2253fef0 hr-invisible  avia-builder-el-8  el_after_av_masonry_gallery  avia-builder-el-no-sibling'><span class='hr-inner'><span class=\"hr-inner-style\"><\/span><\/span><\/div><\/p><\/div>\n\n<\/div><\/div><\/div><!-- close content main div --><\/div><\/div><div id='project-links-section'  class='avia-section av-2h1s-b2fafc7db7c1a87500b8fc2013983204 alternate_color avia-section-large avia-no-border-styling  avia-builder-el-9  el_after_av_section  avia-builder-el-last  avia-bg-style-scroll container_wrap sidebar_right'  ><div class='container av-section-cont-open' ><div class='template-page content  av-content-small alpha units'><div class='post-entry post-entry-type-page post-entry-636'><div class='entry-content-wrapper clearfix'>\n\n<style type=\"text\/css\" data-created_by=\"avia_inline_auto\" id=\"style-css-av-om16-49603b053088c06551551828238ed421\">\n.flex_column.av-om16-49603b053088c06551551828238ed421{\n-webkit-border-radius:0px 0px 0px 0px;\n-moz-border-radius:0px 0px 0px 0px;\nborder-radius:0px 0px 0px 0px;\npadding:0px 10% 0px 10%;\n}\n<\/style>\n<div class='flex_column av-om16-49603b053088c06551551828238ed421 av_one_full  avia-builder-el-10  el_before_av_masonry_gallery  avia-builder-el-no-sibling  first av-break-at-tablet flex_column_div'     ><section  class='av_textblock_section av-k60w-b02aaf5ba09e877398fe611c8d170bde'  itemscope=\"itemscope\" itemtype=\"https:\/\/schema.org\/CreativeWork\" ><div class='avia_textblock'  itemprop=\"text\" ><h3 style=\"text-align: center;\">Autres projets au Niger<\/h3>\n<\/div><\/section><br \/>\n\n<style type=\"text\/css\" data-created_by=\"avia_inline_auto\" id=\"style-css-av-dr8-522199a988477927e8c4fd7e2253fef0\">\n#top .hr.hr-invisible.av-dr8-522199a988477927e8c4fd7e2253fef0{\nheight:50px;\n}\n<\/style>\n<div  class='hr av-dr8-522199a988477927e8c4fd7e2253fef0 hr-invisible  avia-builder-el-12  el_after_av_textblock  avia-builder-el-last'><span class='hr-inner'><span class=\"hr-inner-style\"><\/span><\/span><\/div><\/p><\/div><div id='av-masonry-2' class='av-masonry av-t9o2-b2d26f36110740e08deac037fb4f69f9 noHover av-fixed-size av-large-gap av-hover-overlay-active av-masonry-animation-active av-masonry-col-4 av-caption-always av-caption-style- av-masonry-gallery' data-post_id=\"636\"><div class=\"av-masonry-container isotope av-js-disabled\"><div class='av-masonry-entry isotope-item av-masonry-item-no-image'><\/div><a href=\"https:\/\/pro-humanitaet.de\/fr\/projekte\/im-niger\/med-basisversorgung\/\"  aria-label=\"image Medizinische Basisversorgung\"  id='av-masonry-2-item-5223' data-av-masonry-item='5223' class='av-masonry-entry isotope-item post-5223 attachment type-attachment status-inherit hentry  av-masonry-item-with-image' title=\"Soins de base\" alt=\"Mann wird im Krankenwagen im Niger behandelt\"  data-av-masonry-custom-link=\"https:\/\/pro-humanitaet.de\/?page_id=653\"  itemprop=\"thumbnailUrl\" ><div class='av-inner-masonry-sizer'><\/div><figure class='av-inner-masonry main_color'><div class=\"av-masonry-outerimage-container\"><div class='av-masonry-image-container' style=\"background-image: url(https:\/\/pro-humanitaet.de\/wp-content\/uploads\/2020\/06\/thumbnail_niger_med-basisversorgung.jpg);\"  title=\"Soins de base\"   alt=\"Mann wird im Krankenwagen im Niger behandelt\" ><\/div><\/div><figcaption class='av-inner-masonry-content site-background'><div class='av-inner-masonry-content-pos'><div class='av-inner-masonry-content-pos-content'><div class='avia-arrow'><\/div><h3 class='av-masonry-entry-title entry-title'  itemprop=\"headline\" >Soins de base<\/h3><\/div><\/div><\/figcaption><\/figure><\/a><!--end av-masonry entry--><a href=\"https:\/\/pro-humanitaet.de\/fr\/projekte\/im-niger\/bildung\/\"  aria-label=\"image Bildung\"  id='av-masonry-2-item-5220' data-av-masonry-item='5220' class='av-masonry-entry isotope-item post-5220 attachment type-attachment status-inherit hentry  av-masonry-item-with-image' title=\"\u00c9ducation\" alt=\"Kinder im Niger\"  data-av-masonry-custom-link=\"https:\/\/pro-humanitaet.de\/?page_id=650\"  itemprop=\"thumbnailUrl\" ><div class='av-inner-masonry-sizer'><\/div><figure class='av-inner-masonry main_color'><div class=\"av-masonry-outerimage-container\"><div class='av-masonry-image-container' style=\"background-image: url(https:\/\/pro-humanitaet.de\/wp-content\/uploads\/2020\/06\/thumbnail_niger_bildung.jpg);\"  title=\"\u00c9ducation\"   alt=\"Kinder im Niger\" ><\/div><\/div><figcaption class='av-inner-masonry-content site-background'><div class='av-inner-masonry-content-pos'><div class='av-inner-masonry-content-pos-content'><div class='avia-arrow'><\/div><h3 class='av-masonry-entry-title entry-title'  itemprop=\"headline\" >\u00c9ducation<\/h3><\/div><\/div><\/figcaption><\/figure><\/a><!--end av-masonry entry--><a href=\"https:\/\/pro-humanitaet.de\/fr\/projekte\/im-niger\/landwirtschaft\/\"  aria-label=\"image Frauenprojekte\"  id='av-masonry-2-item-5222' data-av-masonry-item='5222' class='av-masonry-entry isotope-item post-5222 attachment type-attachment status-inherit hentry  av-masonry-item-with-image' title=\"Frauenprojekte\" alt=\"Frau auf dem Feld im Niger\"  data-av-masonry-custom-link=\"https:\/\/pro-humanitaet.de\/?page_id=645\"  itemprop=\"thumbnailUrl\" ><div class='av-inner-masonry-sizer'><\/div><figure class='av-inner-masonry main_color'><div class=\"av-masonry-outerimage-container\"><div class='av-masonry-image-container' style=\"background-image: url(https:\/\/pro-humanitaet.de\/wp-content\/uploads\/2020\/06\/thumbnail_niger_landwirtschaft.jpg);\"  title=\"Frauenprojekte\"   alt=\"Frau auf dem Feld im Niger\" ><\/div><\/div><figcaption class='av-inner-masonry-content site-background'><div class='av-inner-masonry-content-pos'><div class='av-inner-masonry-content-pos-content'><div class='avia-arrow'><\/div><h3 class='av-masonry-entry-title entry-title'  itemprop=\"headline\" >Frauenprojekte<\/h3><\/div><\/div><\/figcaption><\/figure><\/a><!--end av-masonry entry--><a href=\"https:\/\/pro-humanitaet.de\/fr\/projekte\/im-niger\/fluechtlingshilfe\/\"  aria-label=\"image Fl\u00fcchtlingshilfe\"  id='av-masonry-2-item-6590' data-av-masonry-item='6590' class='av-masonry-entry isotope-item post-6590 attachment type-attachment status-inherit hentry  av-masonry-item-with-image' title=\"Aide aux r\u00e9fugi\u00e9s\" alt=\"Fl\u00fcchtlinge im Niger\"  data-av-masonry-custom-link=\"https:\/\/pro-humanitaet.de\/?page_id=6186\"  itemprop=\"thumbnailUrl\" ><div class='av-inner-masonry-sizer'><\/div><figure class='av-inner-masonry main_color'><div class=\"av-masonry-outerimage-container\"><div class='av-masonry-image-container' style=\"background-image: url(https:\/\/pro-humanitaet.de\/wp-content\/uploads\/2020\/08\/aph-niger-fluechtlingshilfe-thumbnail.jpg);\"  title=\"Aide aux r\u00e9fugi\u00e9s\"   alt=\"Fl\u00fcchtlinge im Niger\" ><\/div><\/div><figcaption class='av-inner-masonry-content site-background'><div class='av-inner-masonry-content-pos'><div class='av-inner-masonry-content-pos-content'><div class='avia-arrow'><\/div><h3 class='av-masonry-entry-title entry-title'  itemprop=\"headline\" >Aide aux r\u00e9fugi\u00e9s<\/h3><\/div><\/div><\/figcaption><\/figure><\/a><!--end av-masonry entry--><\/div><\/div>\n\n<style type=\"text\/css\" data-created_by=\"avia_inline_auto\" id=\"style-css-av-dr8-4666732cf98343d30d01c69e4f7a75b4\">\n#top .hr.hr-invisible.av-dr8-4666732cf98343d30d01c69e4f7a75b4{\nheight:100px;\n}\n<\/style>\n<div  class='hr av-dr8-4666732cf98343d30d01c69e4f7a75b4 hr-invisible  avia-builder-el-14  el_after_av_masonry_gallery  avia-builder-el-no-sibling'><span class='hr-inner'><span class=\"hr-inner-style\"><\/span><\/span><\/div>\n<\/div><\/div><\/div><!-- close content main div --><\/div><\/div><div id='after_section_2'  class='main_color av_default_container_wrap container_wrap sidebar_right'  ><div class='container av-section-cont-open' ><div class='template-page content  av-content-small alpha units'><div class='post-entry post-entry-type-page post-entry-636'><div class='entry-content-wrapper clearfix'>","protected":false},"excerpt":{"rendered":"","protected":false},"author":6,"featured_media":0,"parent":54,"menu_order":0,"comment_status":"closed","ping_status":"closed","template":"","meta":[],"acf":[],"_links":{"self":[{"href":"https:\/\/pro-humanitaet.de\/fr\/wp-json\/wp\/v2\/pages\/636"}],"collection":[{"href":"https:\/\/pro-humanitaet.de\/fr\/wp-json\/wp\/v2\/pages"}],"about":[{"href":"https:\/\/pro-humanitaet.de\/fr\/wp-json\/wp\/v2\/types\/page"}],"author":[{"embeddable":true,"href":"https:\/\/pro-humanitaet.de\/fr\/wp-json\/wp\/v2\/users\/6"}],"replies":[{"embeddable":true,"href":"https:\/\/pro-humanitaet.de\/fr\/wp-json\/wp\/v2\/comments?post=636"}],"version-history":[{"count":34,"href":"https:\/\/pro-humanitaet.de\/fr\/wp-json\/wp\/v2\/pages\/636\/revisions"}],"predecessor-version":[{"id":6612,"href":"https:\/\/pro-humanitaet.de\/fr\/wp-json\/wp\/v2\/pages\/636\/revisions\/6612"}],"up":[{"embeddable":true,"href":"https:\/\/pro-humanitaet.de\/fr\/wp-json\/wp\/v2\/pages\/54"}],"wp:attachment":[{"href":"https:\/\/pro-humanitaet.de\/fr\/wp-json\/wp\/v2\/media?parent=636"}],"curies":[{"name":"wp","href":"https:\/\/api.w.org\/{rel}","templated":true}]}}