{"id":650,"date":"2014-06-18T12:48:00","date_gmt":"2014-06-18T11:48:00","guid":{"rendered":"http:\/\/prohumanitaet.tradino-gbr.de\/?page_id=650"},"modified":"2020-12-09T11:15:19","modified_gmt":"2020-12-09T10:15:19","slug":"bildung","status":"publish","type":"page","link":"https:\/\/pro-humanitaet.de\/fr\/projekte\/im-niger\/bildung\/","title":{"rendered":"\u00c9ducation"},"content":{"rendered":"<div id='full_slider_1'  class='avia-fullwidth-slider main_color avia-shadow   avia-builder-el-0  el_before_av_section  avia-builder-el-first   container_wrap sidebar_right'  ><div  class='avia-slideshow av-kbtb70t5-e564951bc0c59a609bf7378e7475629d avia-slideshow-featured_large av_slideshow_full avia-slide-slider av-slideshow-ui av-control-default av-slideshow-manual av-loop-once av-loop-manual-endless av-default-height-applied   avia-slideshow-1' data-slideshow-options=\"{&quot;animation&quot;:&quot;slide&quot;,&quot;autoplay&quot;:false,&quot;loop_autoplay&quot;:&quot;once&quot;,&quot;interval&quot;:5,&quot;loop_manual&quot;:&quot;manual-endless&quot;,&quot;autoplay_stopper&quot;:false,&quot;noNavigation&quot;:false,&quot;bg_slider&quot;:false,&quot;keep_padding&quot;:false,&quot;hoverpause&quot;:false,&quot;show_slide_delay&quot;:0}\"  itemprop=\"image\" itemscope=\"itemscope\" itemtype=\"https:\/\/schema.org\/ImageObject\" ><ul class='avia-slideshow-inner' style='padding-bottom: 42%;'><li  class='avia-slideshow-slide av-kbtb70t5-e564951bc0c59a609bf7378e7475629d__0  av-single-slide slide-1 slide-odd'><div data-rel='slideshow-1' class='avia-slide-wrap'   ><img decoding=\"async\" class=\"wp-image-5133 avia-img-lazy-loading-not-5133\"  src=\"https:\/\/pro-humanitaet.de\/wp-content\/uploads\/2020\/06\/header_niger_bildung-1500x630.jpg\" width=\"1500\" height=\"630\" title='header_niger_bildung' alt=''  itemprop=\"thumbnailUrl\" srcset=\"https:\/\/pro-humanitaet.de\/wp-content\/uploads\/2020\/06\/header_niger_bildung-1500x630.jpg 1500w, https:\/\/pro-humanitaet.de\/wp-content\/uploads\/2020\/06\/header_niger_bildung-300x125.jpg 300w\" sizes=\"(max-width: 1500px) 100vw, 1500px\" \/><\/div><\/li><\/ul><\/div><\/div>\n<div id='av_section_1'  class='avia-section av-2h1s-3f80a172665769766d6b09f234de0132 main_color avia-section-large avia-no-border-styling  avia-builder-el-1  el_after_av_slideshow_full  el_before_av_section  avia-bg-style-scroll container_wrap sidebar_right'  ><div class='container av-section-cont-open' ><div class='template-page content  av-content-small alpha units'><div class='post-entry post-entry-type-page post-entry-650'><div class='entry-content-wrapper clearfix'>\n\n<style type=\"text\/css\" data-created_by=\"avia_inline_auto\" id=\"style-css-av-om16-49603b053088c06551551828238ed421\">\n.flex_column.av-om16-49603b053088c06551551828238ed421{\n-webkit-border-radius:0px 0px 0px 0px;\n-moz-border-radius:0px 0px 0px 0px;\nborder-radius:0px 0px 0px 0px;\npadding:0px 10% 0px 10%;\n}\n<\/style>\n<div class='flex_column av-om16-49603b053088c06551551828238ed421 av_one_full  avia-builder-el-2  avia-builder-el-no-sibling  first av-break-at-tablet flex_column_div'     ><section  class='av_textblock_section av-k9v8z92v-14a976d1e6391983a798dab28a40adf0'  itemscope=\"itemscope\" itemtype=\"https:\/\/schema.org\/CreativeWork\" ><div class='avia_textblock'  itemprop=\"text\" ><h1 style=\"text-align: center;\">\u00c9ducation<\/h1>\n<h2 style=\"text-align: center;\">Pour un bon d\u00e9part dans la vie<\/h2>\n<\/div><\/section><br \/>\n\n<style type=\"text\/css\" data-created_by=\"avia_inline_auto\" id=\"style-css-av-dr8-a6370266303e52f4b5c1e39a44d9b4a3\">\n#top .hr.hr-invisible.av-dr8-a6370266303e52f4b5c1e39a44d9b4a3{\nheight:20px;\n}\n<\/style>\n<div  class='hr av-dr8-a6370266303e52f4b5c1e39a44d9b4a3 hr-invisible  avia-builder-el-4  el_after_av_textblock  el_before_av_textblock'><span class='hr-inner'><span class=\"hr-inner-style\"><\/span><\/span><\/div><br \/>\n<section  class='av_textblock_section av-k60w-b02aaf5ba09e877398fe611c8d170bde'  itemscope=\"itemscope\" itemtype=\"https:\/\/schema.org\/CreativeWork\" ><div class='avia_textblock'  itemprop=\"text\" ><p>L'engagement de l'ONG APH dans le domaine de la formation se poursuit. En effet, les projets mis en \u0153uvre jusqu'\u00e0 pr\u00e9sent ont port\u00e9 leurs fruits\u00a0: l'\u00e9cole primaire achev\u00e9e en 2010 \u00e0 Niamey, capitale du pays, fonctionne tr\u00e8s bien et offre \u00e0 de nombreux \u00e9l\u00e8ves un d\u00e9part prometteur dans la vie.<\/p>\n<p>Actuellement, une \u00e9cole primaire dans la ville de Torodi est en cours d\u2019agrandissement de trois classes. Toutes les \u00e9coles de la mission sont des \u00e9coles priv\u00e9es. L\u2019enseignement y est r\u00e9put\u00e9 comme \u00e9tant de tr\u00e8s bonne qualit\u00e9. C'est pourquoi autant les parents chr\u00e9tiens que les parents musulmans y inscrivent leurs enfants. Les enseignants eux-m\u00eames sont de l\u2019une ou de l\u2019autre confession. Comme tous les autres projets, celui-ci sert donc \u00e9galement le dialogue interreligieux, de plus en plus important \u00e0 une \u00e9poque comme la n\u00f4tre au Niger et plus largement au Sahel.<\/p>\n<\/div><\/section><br \/>\n\n<style type=\"text\/css\" data-created_by=\"avia_inline_auto\" id=\"style-css-av-dr8-522199a988477927e8c4fd7e2253fef0\">\n#top .hr.hr-invisible.av-dr8-522199a988477927e8c4fd7e2253fef0{\nheight:50px;\n}\n<\/style>\n<div  class='hr av-dr8-522199a988477927e8c4fd7e2253fef0 hr-invisible  avia-builder-el-6  el_after_av_textblock  avia-builder-el-last'><span class='hr-inner'><span class=\"hr-inner-style\"><\/span><\/span><\/div><\/p><\/div>\n\n<\/div><\/div><\/div><!-- close content main div --><\/div><\/div><div id='project-links-section'  class='avia-section av-2h1s-b2fafc7db7c1a87500b8fc2013983204 alternate_color avia-section-large avia-no-border-styling  avia-builder-el-7  el_after_av_section  avia-builder-el-last  avia-bg-style-scroll container_wrap sidebar_right'  ><div class='container av-section-cont-open' ><div class='template-page content  av-content-small alpha units'><div class='post-entry post-entry-type-page post-entry-650'><div class='entry-content-wrapper clearfix'>\n\n<style type=\"text\/css\" data-created_by=\"avia_inline_auto\" id=\"style-css-av-om16-49603b053088c06551551828238ed421\">\n.flex_column.av-om16-49603b053088c06551551828238ed421{\n-webkit-border-radius:0px 0px 0px 0px;\n-moz-border-radius:0px 0px 0px 0px;\nborder-radius:0px 0px 0px 0px;\npadding:0px 10% 0px 10%;\n}\n<\/style>\n<div class='flex_column av-om16-49603b053088c06551551828238ed421 av_one_full  avia-builder-el-8  el_before_av_masonry_gallery  avia-builder-el-no-sibling  first av-break-at-tablet flex_column_div'     ><section  class='av_textblock_section av-k60w-b02aaf5ba09e877398fe611c8d170bde'  itemscope=\"itemscope\" itemtype=\"https:\/\/schema.org\/CreativeWork\" ><div class='avia_textblock'  itemprop=\"text\" ><h3 style=\"text-align: center;\">Autres projets au Niger<\/h3>\n<\/div><\/section><br \/>\n\n<style type=\"text\/css\" data-created_by=\"avia_inline_auto\" id=\"style-css-av-dr8-522199a988477927e8c4fd7e2253fef0\">\n#top .hr.hr-invisible.av-dr8-522199a988477927e8c4fd7e2253fef0{\nheight:50px;\n}\n<\/style>\n<div  class='hr av-dr8-522199a988477927e8c4fd7e2253fef0 hr-invisible  avia-builder-el-10  el_after_av_textblock  avia-builder-el-last'><span class='hr-inner'><span class=\"hr-inner-style\"><\/span><\/span><\/div><\/p><\/div><div id='av-masonry-1' class='av-masonry av-t9o2-c5841b6a01022133e498a11c8fd23381 noHover av-fixed-size av-large-gap av-hover-overlay-active av-masonry-animation-active av-masonry-col-4 av-caption-always av-caption-style- av-masonry-gallery' data-post_id=\"650\"><div class=\"av-masonry-container isotope av-js-disabled\"><div class='av-masonry-entry isotope-item av-masonry-item-no-image'><\/div><a href=\"https:\/\/pro-humanitaet.de\/fr\/projekte\/im-niger\/636-2\/\"  aria-label=\"image Brunnenbau\"  id='av-masonry-1-item-5221' data-av-masonry-item='5221' class='av-masonry-entry isotope-item post-5221 attachment type-attachment status-inherit hentry  av-masonry-item-with-image' title=\"Construction de puits\" alt=\"Frauen am Brunnen im Niger\"  data-av-masonry-custom-link=\"https:\/\/pro-humanitaet.de\/?page_id=636\"  itemprop=\"thumbnailUrl\" ><div class='av-inner-masonry-sizer'><\/div><figure class='av-inner-masonry main_color'><div class=\"av-masonry-outerimage-container\"><div class='av-masonry-image-container' style=\"background-image: url(https:\/\/pro-humanitaet.de\/wp-content\/uploads\/2020\/06\/thumbnail_niger_brunnenbau.jpg);\"  title=\"Construction de puits\"   alt=\"Frauen am Brunnen im Niger\" ><\/div><\/div><figcaption class='av-inner-masonry-content site-background'><div class='av-inner-masonry-content-pos'><div class='av-inner-masonry-content-pos-content'><div class='avia-arrow'><\/div><h3 class='av-masonry-entry-title entry-title'  itemprop=\"headline\" >Construction de puits<\/h3><\/div><\/div><\/figcaption><\/figure><\/a><!--end av-masonry entry--><a href=\"https:\/\/pro-humanitaet.de\/fr\/projekte\/im-niger\/med-basisversorgung\/\"  aria-label=\"image Medizinische Basisversorgung\"  id='av-masonry-1-item-5223' data-av-masonry-item='5223' class='av-masonry-entry isotope-item post-5223 attachment type-attachment status-inherit hentry  av-masonry-item-with-image' title=\"Soins de base\" alt=\"Mann wird im Krankenwagen im Niger behandelt\"  data-av-masonry-custom-link=\"https:\/\/pro-humanitaet.de\/?page_id=653\"  itemprop=\"thumbnailUrl\" ><div class='av-inner-masonry-sizer'><\/div><figure class='av-inner-masonry main_color'><div class=\"av-masonry-outerimage-container\"><div class='av-masonry-image-container' style=\"background-image: url(https:\/\/pro-humanitaet.de\/wp-content\/uploads\/2020\/06\/thumbnail_niger_med-basisversorgung.jpg);\"  title=\"Soins de base\"   alt=\"Mann wird im Krankenwagen im Niger behandelt\" ><\/div><\/div><figcaption class='av-inner-masonry-content site-background'><div class='av-inner-masonry-content-pos'><div class='av-inner-masonry-content-pos-content'><div class='avia-arrow'><\/div><h3 class='av-masonry-entry-title entry-title'  itemprop=\"headline\" >Soins de base<\/h3><\/div><\/div><\/figcaption><\/figure><\/a><!--end av-masonry entry--><a href=\"https:\/\/pro-humanitaet.de\/fr\/projekte\/im-niger\/landwirtschaft\/\"  aria-label=\"image Frauenprojekte\"  id='av-masonry-1-item-5222' data-av-masonry-item='5222' class='av-masonry-entry isotope-item post-5222 attachment type-attachment status-inherit hentry  av-masonry-item-with-image' title=\"Frauenprojekte\" alt=\"Frau auf dem Feld im Niger\"  data-av-masonry-custom-link=\"https:\/\/pro-humanitaet.de\/?page_id=645\"  itemprop=\"thumbnailUrl\" ><div class='av-inner-masonry-sizer'><\/div><figure class='av-inner-masonry main_color'><div class=\"av-masonry-outerimage-container\"><div class='av-masonry-image-container' style=\"background-image: url(https:\/\/pro-humanitaet.de\/wp-content\/uploads\/2020\/06\/thumbnail_niger_landwirtschaft.jpg);\"  title=\"Frauenprojekte\"   alt=\"Frau auf dem Feld im Niger\" ><\/div><\/div><figcaption class='av-inner-masonry-content site-background'><div class='av-inner-masonry-content-pos'><div class='av-inner-masonry-content-pos-content'><div class='avia-arrow'><\/div><h3 class='av-masonry-entry-title entry-title'  itemprop=\"headline\" >Frauenprojekte<\/h3><\/div><\/div><\/figcaption><\/figure><\/a><!--end av-masonry entry--><a href=\"https:\/\/pro-humanitaet.de\/fr\/projekte\/im-niger\/fluechtlingshilfe\/\"  aria-label=\"image Fl\u00fcchtlingshilfe\"  id='av-masonry-1-item-6590' data-av-masonry-item='6590' class='av-masonry-entry isotope-item post-6590 attachment type-attachment status-inherit hentry  av-masonry-item-with-image' title=\"Aide aux r\u00e9fugi\u00e9s\" alt=\"Fl\u00fcchtlinge im Niger\"  data-av-masonry-custom-link=\"https:\/\/pro-humanitaet.de\/?page_id=6186\"  itemprop=\"thumbnailUrl\" ><div class='av-inner-masonry-sizer'><\/div><figure class='av-inner-masonry main_color'><div class=\"av-masonry-outerimage-container\"><div class='av-masonry-image-container' style=\"background-image: url(https:\/\/pro-humanitaet.de\/wp-content\/uploads\/2020\/08\/aph-niger-fluechtlingshilfe-thumbnail.jpg);\"  title=\"Aide aux r\u00e9fugi\u00e9s\"   alt=\"Fl\u00fcchtlinge im Niger\" ><\/div><\/div><figcaption class='av-inner-masonry-content site-background'><div class='av-inner-masonry-content-pos'><div class='av-inner-masonry-content-pos-content'><div class='avia-arrow'><\/div><h3 class='av-masonry-entry-title entry-title'  itemprop=\"headline\" >Aide aux r\u00e9fugi\u00e9s<\/h3><\/div><\/div><\/figcaption><\/figure><\/a><!--end av-masonry entry--><\/div><\/div>\n\n<style type=\"text\/css\" data-created_by=\"avia_inline_auto\" id=\"style-css-av-dr8-4666732cf98343d30d01c69e4f7a75b4\">\n#top .hr.hr-invisible.av-dr8-4666732cf98343d30d01c69e4f7a75b4{\nheight:100px;\n}\n<\/style>\n<div  class='hr av-dr8-4666732cf98343d30d01c69e4f7a75b4 hr-invisible  avia-builder-el-12  el_after_av_masonry_gallery  avia-builder-el-no-sibling'><span class='hr-inner'><span class=\"hr-inner-style\"><\/span><\/span><\/div>\n<\/div><\/div><\/div><!-- close content main div --><\/div><\/div><div id='after_section_2'  class='main_color av_default_container_wrap container_wrap sidebar_right'  ><div class='container av-section-cont-open' ><div class='template-page content  av-content-small alpha units'><div class='post-entry post-entry-type-page post-entry-650'><div class='entry-content-wrapper clearfix'>","protected":false},"excerpt":{"rendered":"","protected":false},"author":6,"featured_media":0,"parent":54,"menu_order":0,"comment_status":"closed","ping_status":"closed","template":"","meta":[],"acf":[],"_links":{"self":[{"href":"https:\/\/pro-humanitaet.de\/fr\/wp-json\/wp\/v2\/pages\/650"}],"collection":[{"href":"https:\/\/pro-humanitaet.de\/fr\/wp-json\/wp\/v2\/pages"}],"about":[{"href":"https:\/\/pro-humanitaet.de\/fr\/wp-json\/wp\/v2\/types\/page"}],"author":[{"embeddable":true,"href":"https:\/\/pro-humanitaet.de\/fr\/wp-json\/wp\/v2\/users\/6"}],"replies":[{"embeddable":true,"href":"https:\/\/pro-humanitaet.de\/fr\/wp-json\/wp\/v2\/comments?post=650"}],"version-history":[{"count":33,"href":"https:\/\/pro-humanitaet.de\/fr\/wp-json\/wp\/v2\/pages\/650\/revisions"}],"predecessor-version":[{"id":6642,"href":"https:\/\/pro-humanitaet.de\/fr\/wp-json\/wp\/v2\/pages\/650\/revisions\/6642"}],"up":[{"embeddable":true,"href":"https:\/\/pro-humanitaet.de\/fr\/wp-json\/wp\/v2\/pages\/54"}],"wp:attachment":[{"href":"https:\/\/pro-humanitaet.de\/fr\/wp-json\/wp\/v2\/media?parent=650"}],"curies":[{"name":"wp","href":"https:\/\/api.w.org\/{rel}","templated":true}]}}