{"id":6728,"date":"2020-08-12T10:51:06","date_gmt":"2020-08-12T09:51:06","guid":{"rendered":"https:\/\/pro-humanitaet.de\/relaunch\/?page_id=6728"},"modified":"2025-12-18T15:47:43","modified_gmt":"2025-12-18T14:47:43","slug":"spenden","status":"publish","type":"page","link":"https:\/\/pro-humanitaet.de\/fr\/spenden\/","title":{"rendered":"Spenden"},"content":{"rendered":"<div id='unterstuetzen-sie-uns'  class='avia-section av-5qp2-6127b996663d12e64d5da206d6313689 alternate_color avia-section-large avia-no-border-styling  avia-builder-el-0  avia-builder-el-no-sibling  avia-bg-style-scroll container_wrap sidebar_right'  ><div class='container av-section-cont-open' ><main  role=\"main\" itemprop=\"mainContentOfPage\"  class='template-page content  av-content-small alpha units'><div class='post-entry post-entry-type-page post-entry-6728'><div class='entry-content-wrapper clearfix'>\n\n<style type=\"text\/css\" data-created_by=\"avia_inline_auto\" id=\"style-css-av-k9vjvqdr-3dc5dfbe4115b0f266325bdf66329520\">\n.flex_column.av-k9vjvqdr-3dc5dfbe4115b0f266325bdf66329520{\n-webkit-border-radius:0px 0px 0px 0px;\n-moz-border-radius:0px 0px 0px 0px;\nborder-radius:0px 0px 0px 0px;\npadding:0px 10% 0px 10%;\n}\n<\/style>\n<div class='flex_column av-k9vjvqdr-3dc5dfbe4115b0f266325bdf66329520 av_one_full  avia-builder-el-1  el_before_av_one_full  avia-builder-el-first  first flex_column_div'     ><p>\n<style type=\"text\/css\" data-created_by=\"avia_inline_auto\" id=\"style-css-av-dr8-522199a988477927e8c4fd7e2253fef0\">\n#top .hr.hr-invisible.av-dr8-522199a988477927e8c4fd7e2253fef0{\nheight:50px;\n}\n<\/style>\n<div  class='hr av-dr8-522199a988477927e8c4fd7e2253fef0 hr-invisible  avia-builder-el-2  el_before_av_textblock  avia-builder-el-first'><span class='hr-inner'><span class=\"hr-inner-style\"><\/span><\/span><\/div><br \/>\n<section  class='av_textblock_section av-k9v8z92v-2fa9e180e50167aa646cf8f0a18ff68f'  itemscope=\"itemscope\" itemtype=\"https:\/\/schema.org\/CreativeWork\" ><div class='avia_textblock'  itemprop=\"text\" ><h3 style=\"text-align: center;\">Unterst\u00fctzen Sie uns!<\/h3>\n<\/div><\/section><br \/>\n<section  id=\"bank\"  class='av_textblock_section av-l5bdj8bw-364d1cd59114b4254f121204458a557c'  itemscope=\"itemscope\" itemtype=\"https:\/\/schema.org\/CreativeWork\" ><div class='avia_textblock'  itemprop=\"text\" ><p style=\"text-align: center;\">Mit vergleichsweise \u00fcberschaubaren Mitteln k\u00f6nnen wir Menschen in Not einen Zugang zum Gesundheitssystem und ein selbstbestimmtes Leben erm\u00f6glichen. Daf\u00fcr sind wir jedoch auf den Einsatz von Spendern angewiesen. Ihr Geld kommt unmittelbar und fast ohne Verwaltungskosten den Menschen zugute.<\/p>\n<\/div><\/section><br \/>\n\n<style type=\"text\/css\" data-created_by=\"avia_inline_auto\" id=\"style-css-av-dr8-6-567a48f51f1205a7291f37dbaaff19b8\">\n#top .hr.hr-invisible.av-dr8-6-567a48f51f1205a7291f37dbaaff19b8{\nheight:50px;\n}\n<\/style>\n<div  class='hr av-dr8-6-567a48f51f1205a7291f37dbaaff19b8 hr-invisible  avia-builder-el-5  el_after_av_textblock  avia-builder-el-last'><span class='hr-inner'><span class=\"hr-inner-style\"><\/span><\/span><\/div><\/p><\/div>\n<style type=\"text\/css\" data-created_by=\"avia_inline_auto\" id=\"style-css-av-k9vdlor9-23074a4e00f7c0fc8ea381150856ae56\">\n.flex_column.av-k9vdlor9-23074a4e00f7c0fc8ea381150856ae56{\n-webkit-border-radius:0px 0px 0px 0px;\n-moz-border-radius:0px 0px 0px 0px;\nborder-radius:0px 0px 0px 0px;\npadding:0px 0px 0px 0px;\n}\n<\/style>\n<div class='flex_column av-k9vdlor9-23074a4e00f7c0fc8ea381150856ae56 av_one_full  avia-builder-el-6  el_after_av_one_full  el_before_av_hr  first flex_column_div av-zero-column-padding column-top-margin'     ><style type=\"text\/css\" data-created_by=\"avia_inline_auto\" id=\"style-css-av-k9vdkq37-29df4c0030aec1dfd7b07e45250b0dad\">\n.iconbox.av-k9vdkq37-29df4c0030aec1dfd7b07e45250b0dad .iconbox_icon{\nbackground-color:#444444;\ncolor:#e08703;\n}\n<\/style>\n<article  class='iconbox iconbox_top av-k9vdkq37-29df4c0030aec1dfd7b07e45250b0dad  avia-builder-el-7  avia-builder-el-no-sibling  main_color'  itemscope=\"itemscope\" itemtype=\"https:\/\/schema.org\/CreativeWork\" ><div class=\"iconbox_content\"><header class=\"entry-content-header\"><div class=\"iconbox_icon heading-color\" aria-hidden='true' data-av_icon='\ue05e' data-av_iconfont='svg-font'><\/div><h3 class='iconbox_content_title'  itemprop=\"headline\" >\u00dcberweisung<\/h3><\/header><div class='iconbox_content_container'  itemprop=\"text\" ><div><span data-olk-copy-source=\"MessageBody\">Stiftung Aktion pro Humanit\u00e4t<\/span> bei der<\/div>\n<div style=\"padding-top: 0.5rem;\">Volksbank an der Niers IBAN: DE39 3206 1384 4330 1300 11<\/div>\n<div style=\"padding-top: 0.5rem; padding-bottom: 1.35rem;\">bei der Sparkasse Kleve IBAN: DE98 3245 0000 0005 0276 51<\/div>\n<\/div><\/div><footer class=\"entry-footer\"><\/footer><\/article><\/div>\n<style type=\"text\/css\" data-created_by=\"avia_inline_auto\" id=\"style-css-av-dr8-5-56443c60315e3cdd93156f06420ef6c8\">\n#top .hr.hr-invisible.av-dr8-5-56443c60315e3cdd93156f06420ef6c8{\nheight:100px;\n}\n<\/style>\n<div  class='hr av-dr8-5-56443c60315e3cdd93156f06420ef6c8 hr-invisible  avia-builder-el-8  el_after_av_one_full  el_before_av_notification'><span class='hr-inner'><span class=\"hr-inner-style\"><\/span><\/span><\/div>\n\n<style type=\"text\/css\" data-created_by=\"avia_inline_auto\" id=\"style-css-av-l5jg9uge-dc7c54d900172d453c5c4e092eca8bde\">\n.avia_message_box.av-l5jg9uge-dc7c54d900172d453c5c4e092eca8bde{\nbackground-color:#e08603;\ncolor:#ffffff;\n}\n<\/style>\n<div id='avia-messagebox-' class='avia_message_box av_notification av-l5jg9uge-dc7c54d900172d453c5c4e092eca8bde avia-color-custom avia-size-large avia-icon_select-no avia-border-solid  avia-builder-el-9  el_after_av_hr  el_before_av_hr  spendenhinweis-neu' ><span class='avia_message_box_title' >Hinweis<\/span><div class=\"avia_message_box_content\"><p>Information f\u00fcr unsere Spender<br \/>\nDie steuerliche Absetzbarkeit von Spenden ist vom Gesetzgeber r\u00fcckwirkend attraktiver gestaltet worden. Der vereinfachte Nachweis (Buchungsbest\u00e4tigung auf dem Kontoauszug oder Vorlage eines Bareinzahlung-Beleges) wird seit 2021 bis zu 300 \u20ac zugelassen.<\/p>\n<p>Das bedeutet f\u00fcr Sie als Spender<br \/>\nF\u00fcr Spenden bis 300 \u20ac im Jahr ist eine zus\u00e4tzliche Zuwendungs-Best\u00e4tigung (ehem. Spendenbescheinigung) beim Finanzamt nicht mehr erforderlich.<\/p>\n<p>Wichtig f\u00fcr die Ausstellung einer Spendenbescheinigung: Geben Sie bitte auf der Einzahlung Name und Anschrift an!<\/p>\n<\/div><\/div>\n\n<style type=\"text\/css\" data-created_by=\"avia_inline_auto\" id=\"style-css-av-2r4tew-73933092146c38b64a4525c316204333\">\n#top .hr.hr-invisible.av-2r4tew-73933092146c38b64a4525c316204333{\nheight:100px;\n}\n<\/style>\n<div  class='hr av-2r4tew-73933092146c38b64a4525c316204333 hr-invisible  avia-builder-el-10  el_after_av_notification  avia-builder-el-last'><span class='hr-inner'><span class=\"hr-inner-style\"><\/span><\/span><\/div>\n<\/div><\/div><\/main><!-- close content main element --><\/div><\/div><div id='after_section_1'  class='main_color av_default_container_wrap container_wrap sidebar_right'  ><div class='container av-section-cont-open' ><div class='template-page content  av-content-small alpha units'><div class='post-entry post-entry-type-page post-entry-6728'><div class='entry-content-wrapper clearfix'>","protected":false},"excerpt":{"rendered":"","protected":false},"author":6,"featured_media":0,"parent":0,"menu_order":0,"comment_status":"closed","ping_status":"closed","template":"","meta":[],"acf":[],"_links":{"self":[{"href":"https:\/\/pro-humanitaet.de\/fr\/wp-json\/wp\/v2\/pages\/6728"}],"collection":[{"href":"https:\/\/pro-humanitaet.de\/fr\/wp-json\/wp\/v2\/pages"}],"about":[{"href":"https:\/\/pro-humanitaet.de\/fr\/wp-json\/wp\/v2\/types\/page"}],"author":[{"embeddable":true,"href":"https:\/\/pro-humanitaet.de\/fr\/wp-json\/wp\/v2\/users\/6"}],"replies":[{"embeddable":true,"href":"https:\/\/pro-humanitaet.de\/fr\/wp-json\/wp\/v2\/comments?post=6728"}],"version-history":[{"count":13,"href":"https:\/\/pro-humanitaet.de\/fr\/wp-json\/wp\/v2\/pages\/6728\/revisions"}],"predecessor-version":[{"id":9408,"href":"https:\/\/pro-humanitaet.de\/fr\/wp-json\/wp\/v2\/pages\/6728\/revisions\/9408"}],"wp:attachment":[{"href":"https:\/\/pro-humanitaet.de\/fr\/wp-json\/wp\/v2\/media?parent=6728"}],"curies":[{"name":"wp","href":"https:\/\/api.w.org\/{rel}","templated":true}]}}