{"id":8336,"date":"2022-07-13T09:32:09","date_gmt":"2022-07-13T08:32:09","guid":{"rendered":"https:\/\/pro-humanitaet.de\/?page_id=8336"},"modified":"2024-12-23T09:55:10","modified_gmt":"2024-12-23T08:55:10","slug":"aktie-fuer-benin-und-niger","status":"publish","type":"page","link":"https:\/\/pro-humanitaet.de\/fr\/spenden\/aktie-fuer-benin-und-niger\/","title":{"rendered":"Aktie f\u00fcr Benin und Niger"},"content":{"rendered":"<div id='av_section_1'  class='avia-section av-dh9bbk-857358e30be572a9127735f1183bf332 main_color avia-section-large avia-no-border-styling  avia-builder-el-0  avia-builder-el-no-sibling  avia-bg-style-scroll container_wrap sidebar_right'  ><div class='container av-section-cont-open' ><main  role=\"main\" itemprop=\"mainContentOfPage\"  class='template-page content  av-content-small alpha units'><div class='post-entry post-entry-type-page post-entry-8336'><div class='entry-content-wrapper clearfix'>\n\n<style type=\"text\/css\" data-created_by=\"avia_inline_auto\" id=\"style-css-av-193z80-80a4df59c0fae84f1f87be8566615f6a\">\n.flex_column.av-193z80-80a4df59c0fae84f1f87be8566615f6a{\n-webkit-border-radius:0px 0px 0px 0px;\n-moz-border-radius:0px 0px 0px 0px;\nborder-radius:0px 0px 0px 0px;\npadding:0px 10% 0px 10%;\n}\n<\/style>\n<div class='flex_column av-193z80-80a4df59c0fae84f1f87be8566615f6a av_one_full  avia-builder-el-1  el_before_av_two_third  avia-builder-el-first  first av-break-at-tablet flex_column_div'     ><p>\n<style type=\"text\/css\" data-created_by=\"avia_inline_auto\" id=\"style-css-av-arang0-4fb6b6353d90242e74fafaadb872dabc\">\n#top .hr.hr-invisible.av-arang0-4fb6b6353d90242e74fafaadb872dabc{\nheight:50px;\n}\n<\/style>\n<div  class='hr av-arang0-4fb6b6353d90242e74fafaadb872dabc hr-invisible  avia-builder-el-2  el_before_av_textblock  avia-builder-el-first'><span class='hr-inner'><span class=\"hr-inner-style\"><\/span><\/span><\/div><br \/>\n<section  class='av_textblock_section av-l5jbffpq-abfa96a9a02eef94e2b40ee55cbf6ea0'  itemscope=\"itemscope\" itemtype=\"https:\/\/schema.org\/CreativeWork\" ><div class='avia_textblock'  itemprop=\"text\" ><h1 style=\"text-align: center;\">Aktie f\u00fcr Benin und\u00a0Niger<\/h1>\n<\/div><\/section><br \/>\n\n<style type=\"text\/css\" data-created_by=\"avia_inline_auto\" id=\"style-css-av-yqlv4-bc07b153b9c7e1ff6eb0a41b6b93fd50\">\n#top .hr.hr-invisible.av-yqlv4-bc07b153b9c7e1ff6eb0a41b6b93fd50{\nheight:20px;\n}\n<\/style>\n<div  class='hr av-yqlv4-bc07b153b9c7e1ff6eb0a41b6b93fd50 hr-invisible  avia-builder-el-4  el_after_av_textblock  avia-builder-el-last  av-small-hide av-mini-hide'><span class='hr-inner'><span class=\"hr-inner-style\"><\/span><\/span><\/div><\/p><\/div><div class='flex_column_table av-l5jblk0m-a48f998ab95aa92ce7a1249360197a05 sc-av_two_third av-break-at-tablet-flextable av-equal-height-column-flextable'>\n<style type=\"text\/css\" data-created_by=\"avia_inline_auto\" id=\"style-css-av-l5jblk0m-a48f998ab95aa92ce7a1249360197a05\">\n#top .flex_column_table.av-equal-height-column-flextable.av-l5jblk0m-a48f998ab95aa92ce7a1249360197a05{\nmargin-top:3%;\nmargin-bottom:3%;\n}\n.flex_column.av-l5jblk0m-a48f998ab95aa92ce7a1249360197a05{\n-webkit-border-radius:0px 0px 0px 0px;\n-moz-border-radius:0px 0px 0px 0px;\nborder-radius:0px 0px 0px 0px;\npadding:3% 3% 3% 3%;\n}\n<\/style>\n<div class='flex_column av-l5jblk0m-a48f998ab95aa92ce7a1249360197a05 av_two_third  avia-builder-el-5  el_after_av_one_full  el_before_av_one_third  first av-break-at-tablet flex_column_table_cell av-equal-height-column av-align-top av-animated-generic fade-in column-top-margin'     id=\"spendenpakete\"  ><p>\n<style type=\"text\/css\" data-created_by=\"avia_inline_auto\" id=\"style-css-av-l5jbghlj-baa4b6006662c91c9c1da73619e1634c\">\n#top .av-special-heading.av-l5jbghlj-baa4b6006662c91c9c1da73619e1634c{\npadding-bottom:10px;\n}\nbody .av-special-heading.av-l5jbghlj-baa4b6006662c91c9c1da73619e1634c .av-special-heading-tag .heading-char{\nfont-size:25px;\n}\n.av-special-heading.av-l5jbghlj-baa4b6006662c91c9c1da73619e1634c .av-subheading{\nfont-size:15px;\n}\n<\/style>\n<div  class='av-special-heading av-l5jbghlj-baa4b6006662c91c9c1da73619e1634c av-special-heading-h4 blockquote modern-quote  avia-builder-el-6  el_before_av_hr  avia-builder-el-first  mobile-h4'><h4 class='av-special-heading-tag'  itemprop=\"headline\"  >Verschenken Sie eine Spende!<\/h4><div class=\"special-heading-border\"><div class=\"special-heading-inner-border\"><\/div><\/div><\/div><br \/>\n\n<style type=\"text\/css\" data-created_by=\"avia_inline_auto\" id=\"style-css-av-7f00o0-bbd4d07a0ec4f2e6a75ee52b733ac98f\">\n#top .hr.hr-invisible.av-7f00o0-bbd4d07a0ec4f2e6a75ee52b733ac98f{\nheight:20px;\n}\n<\/style>\n<div  class='hr av-7f00o0-bbd4d07a0ec4f2e6a75ee52b733ac98f hr-invisible  avia-builder-el-7  el_after_av_heading  el_before_av_textblock'><span class='hr-inner'><span class=\"hr-inner-style\"><\/span><\/span><\/div><br \/>\n\n<style type=\"text\/css\" data-created_by=\"avia_inline_auto\" id=\"style-css-av-l5jbgy1o-285e8d5274e9f050902dae70ee8d52f3\">\n#top .av_textblock_section.av-l5jbgy1o-285e8d5274e9f050902dae70ee8d52f3 .avia_textblock{\ncolor:#888888;\n}\n<\/style>\n<section  class='av_textblock_section av-l5jbgy1o-285e8d5274e9f050902dae70ee8d52f3'  itemscope=\"itemscope\" itemtype=\"https:\/\/schema.org\/CreativeWork\" ><div class='avia_textblock av_inherit_color'  itemprop=\"text\" ><p>Ohne die vielf\u00e4ltige Unterst\u00fctzung unserer zahlreichen Spenderinnen und Spender w\u00fcrde die Arbeit der Aktion pro Humanit\u00e4t nicht funktionieren. Wer sich finanziell f\u00fcr notleidende Menschen einsetzen m\u00f6chte, hat dazu ab sofort eine neue M\u00f6glichkeit mit unseren \u201eAktien f\u00fcr Benin und Niger\u201c.<\/p>\n<\/div><\/section><br \/>\n\n<style type=\"text\/css\" data-created_by=\"avia_inline_auto\" id=\"style-css-av-l5jbichm-3da7af1c9a9dbed8c106a99e521d7ea8\">\n#top .av_textblock_section.av-l5jbichm-3da7af1c9a9dbed8c106a99e521d7ea8 .avia_textblock{\ncolor:#888888;\n}\n<\/style>\n<section  class='av_textblock_section av-l5jbichm-3da7af1c9a9dbed8c106a99e521d7ea8'  itemscope=\"itemscope\" itemtype=\"https:\/\/schema.org\/CreativeWork\" ><div class='avia_textblock av_inherit_color'  itemprop=\"text\" ><p>Die Spenden-Aktien gibt es aktuell in zwei Varianten. Die erste Aktie hat einen Wert von 50 Euro, die eine Bluttransfusion inklusive der Malaria-Medikamente f\u00fcr ein malariakrankes Kind in Gohomey in Benin erm\u00f6glichen. Die zweite Aktie kostet 60 Euro, von denen ein 100-Kilo-Sack Reis oder Hirse f\u00fcr eine Familie im Niger finanziert werden. In beiden F\u00e4llen l\u00e4sst sich also mit vergleichsweise \u00fcberschaubarem Einsatz sehr viel \u2013 und sehr konkrete \u2013 Hilfe leisten.<\/p>\n<\/div><\/section><br \/>\n<section  class='av_textblock_section av-l5jbip85-cbbce367496889e8969914f304a28069'  itemscope=\"itemscope\" itemtype=\"https:\/\/schema.org\/CreativeWork\" ><div class='avia_textblock'  itemprop=\"text\" ><p><span style=\"color: #888888;\">Die \u201eAktien f\u00fcr Benin und Niger\u201c eignen sich hervorragend als Geschenk. Wer sich und seinen Lieben etwas Gutes tun m\u00f6chte, das notleidenden Menschen hilft, wende sich bitte per E-Mail an: <\/span><a href=\"mailto:aktionph@gmail.com?subject=Aktie%20f\u00fcr%20das%20Leben\">aktionph@gmail.com<\/a><span style=\"color: #888888;\">, Betreff: \u201eAktie f\u00fcr Benin und Niger\u201c.<\/span><\/p>\n<\/div><\/section><br \/>\n\n<style type=\"text\/css\" data-created_by=\"avia_inline_auto\" id=\"style-css-av-6gmnww-e7dd26d13e5e9afec771ca68e6327df0\">\n#top .hr.hr-invisible.av-6gmnww-e7dd26d13e5e9afec771ca68e6327df0{\nheight:20px;\n}\n<\/style>\n<div  class='hr av-6gmnww-e7dd26d13e5e9afec771ca68e6327df0 hr-invisible  avia-builder-el-11  el_after_av_textblock  el_before_av_button'><span class='hr-inner'><span class=\"hr-inner-style\"><\/span><\/span><\/div><br \/>\n<div  class='avia-button-wrap av-l5jbjah4-3dc184258d94e9b137687688b5cf5ee4-wrap avia-button-left  avia-builder-el-12  el_after_av_hr  avia-builder-el-last'>\n<style type=\"text\/css\" data-created_by=\"avia_inline_auto\" id=\"style-css-av-l5jbjah4-3dc184258d94e9b137687688b5cf5ee4\">\n#top #wrap_all .avia-button.av-l5jbjah4-3dc184258d94e9b137687688b5cf5ee4{\nbackground-color:#e08703;\nborder-color:#e08703;\ncolor:#ffffff;\n-webkit-transition:all 0.4s ease-in-out;\n-moz-transition:all 0.4s ease-in-out;\n-ms-transition:all 0.4s ease-in-out;\n-o-transition:all 0.4s ease-in-out;\ntransition:all 0.4s ease-in-out;\n}\n<\/style>\n<a href='mailto:mailto:aktionph@gmail.com?subject=Aktie%20f\u00fcr%20das%20Leben'  class='avia-button av-l5jbjah4-3dc184258d94e9b137687688b5cf5ee4 avia-icon_select-no avia-size-large avia-position-left'  ><span class='avia_iconbox_title' >Jetzt Spenden!<\/span><\/a><\/div><\/p><\/div><div class='av-flex-placeholder'><\/div>\n<style type=\"text\/css\" data-created_by=\"avia_inline_auto\" id=\"style-css-av-l5jbp1zi-ad88236b0880635906e2a4da8fa78609\">\n#top .flex_column_table.av-equal-height-column-flextable.av-l5jbp1zi-ad88236b0880635906e2a4da8fa78609{\nmargin-top:0px;\nmargin-bottom:0px;\n}\n.flex_column.av-l5jbp1zi-ad88236b0880635906e2a4da8fa78609{\n-webkit-border-radius:0px 0px 0px 0px;\n-moz-border-radius:0px 0px 0px 0px;\nborder-radius:0px 0px 0px 0px;\npadding:3% 3% 3% 3%;\n}\n<\/style>\n<div class='flex_column av-l5jbp1zi-ad88236b0880635906e2a4da8fa78609 av_one_third  avia-builder-el-13  el_after_av_two_third  el_before_av_hr  av-break-at-tablet flex_column_table_cell av-equal-height-column av-align-top av-animated-generic fade-in column-top-margin'     id=\"spendenpakete\"  ><p>\n<style type=\"text\/css\" data-created_by=\"avia_inline_auto\" id=\"style-css-av-l5jbk9lq-08227d0bf248b5b559b2352ead4b6ede\">\n.avia-image-container.av-l5jbk9lq-08227d0bf248b5b559b2352ead4b6ede img.avia_image{\nbox-shadow:none;\n}\n.avia-image-container.av-l5jbk9lq-08227d0bf248b5b559b2352ead4b6ede .av-image-caption-overlay-center{\ncolor:#ffffff;\n}\n<\/style>\n<div  class='avia-image-container av-l5jbk9lq-08227d0bf248b5b559b2352ead4b6ede av-styling- avia-align-center  avia-builder-el-14  el_before_av_hr  avia-builder-el-first'   itemprop=\"image\" itemscope=\"itemscope\" itemtype=\"https:\/\/schema.org\/ImageObject\" ><div class=\"avia-image-container-inner\"><div class=\"avia-image-overlay-wrap\"><a href=\"https:\/\/pro-humanitaet.de\/wp-content\/uploads\/2022\/07\/Aktie-fuers-Leben-Benin-490x1030.jpg\" data-srcset=\"https:\/\/pro-humanitaet.de\/wp-content\/uploads\/2022\/07\/Aktie-fuers-Leben-Benin-490x1030.jpg 490w, https:\/\/pro-humanitaet.de\/wp-content\/uploads\/2022\/07\/Aktie-fuers-Leben-Benin-143x300.jpg 143w, https:\/\/pro-humanitaet.de\/wp-content\/uploads\/2022\/07\/Aktie-fuers-Leben-Benin-768x1613.jpg 768w, https:\/\/pro-humanitaet.de\/wp-content\/uploads\/2022\/07\/Aktie-fuers-Leben-Benin-731x1536.jpg 731w, https:\/\/pro-humanitaet.de\/wp-content\/uploads\/2022\/07\/Aktie-fuers-Leben-Benin-6x12.jpg 6w, https:\/\/pro-humanitaet.de\/wp-content\/uploads\/2022\/07\/Aktie-fuers-Leben-Benin-714x1500.jpg 714w, https:\/\/pro-humanitaet.de\/wp-content\/uploads\/2022\/07\/Aktie-fuers-Leben-Benin-336x705.jpg 336w, https:\/\/pro-humanitaet.de\/wp-content\/uploads\/2022\/07\/Aktie-fuers-Leben-Benin.jpg 800w\" data-sizes=\"(max-width: 490px) 100vw, 490px\" class='avia_image' ><img decoding=\"async\" class='wp-image-8350 avia-img-lazy-loading-not-8350 avia_image' src=\"https:\/\/pro-humanitaet.de\/wp-content\/uploads\/2022\/07\/Aktie-fuers-Leben-Benin.jpg\" alt='' title='Aktie fuers Leben-Benin'  height=\"1680\" width=\"800\"  itemprop=\"thumbnailUrl\" srcset=\"https:\/\/pro-humanitaet.de\/wp-content\/uploads\/2022\/07\/Aktie-fuers-Leben-Benin.jpg 800w, https:\/\/pro-humanitaet.de\/wp-content\/uploads\/2022\/07\/Aktie-fuers-Leben-Benin-143x300.jpg 143w, https:\/\/pro-humanitaet.de\/wp-content\/uploads\/2022\/07\/Aktie-fuers-Leben-Benin-490x1030.jpg 490w, https:\/\/pro-humanitaet.de\/wp-content\/uploads\/2022\/07\/Aktie-fuers-Leben-Benin-768x1613.jpg 768w, https:\/\/pro-humanitaet.de\/wp-content\/uploads\/2022\/07\/Aktie-fuers-Leben-Benin-731x1536.jpg 731w, https:\/\/pro-humanitaet.de\/wp-content\/uploads\/2022\/07\/Aktie-fuers-Leben-Benin-6x12.jpg 6w, https:\/\/pro-humanitaet.de\/wp-content\/uploads\/2022\/07\/Aktie-fuers-Leben-Benin-714x1500.jpg 714w, https:\/\/pro-humanitaet.de\/wp-content\/uploads\/2022\/07\/Aktie-fuers-Leben-Benin-336x705.jpg 336w\" sizes=\"(max-width: 800px) 100vw, 800px\" \/><\/a><\/div><\/div><\/div><br \/>\n\n<style type=\"text\/css\" data-created_by=\"avia_inline_auto\" id=\"style-css-av-4awqls-a32b56f46bb006a49a35113362ca8635\">\n#top .hr.hr-invisible.av-4awqls-a32b56f46bb006a49a35113362ca8635{\nheight:20px;\n}\n<\/style>\n<div  class='hr av-4awqls-a32b56f46bb006a49a35113362ca8635 hr-invisible  avia-builder-el-15  el_after_av_image  el_before_av_image'><span class='hr-inner'><span class=\"hr-inner-style\"><\/span><\/span><\/div><br \/>\n\n<style type=\"text\/css\" data-created_by=\"avia_inline_auto\" id=\"style-css-av-l5jbkhye-07e664c1bb3655593a524df9793861d9\">\n.avia-image-container.av-l5jbkhye-07e664c1bb3655593a524df9793861d9 img.avia_image{\nbox-shadow:none;\n}\n.avia-image-container.av-l5jbkhye-07e664c1bb3655593a524df9793861d9 .av-image-caption-overlay-center{\ncolor:#ffffff;\n}\n<\/style>\n<div  class='avia-image-container av-l5jbkhye-07e664c1bb3655593a524df9793861d9 av-styling- avia-align-center  avia-builder-el-16  el_after_av_hr  avia-builder-el-last'   itemprop=\"image\" itemscope=\"itemscope\" itemtype=\"https:\/\/schema.org\/ImageObject\" ><div class=\"avia-image-container-inner\"><div class=\"avia-image-overlay-wrap\"><a href=\"https:\/\/pro-humanitaet.de\/wp-content\/uploads\/2022\/07\/Aktie-fuers-Leben-Niger-490x1030.jpg\" data-srcset=\"https:\/\/pro-humanitaet.de\/wp-content\/uploads\/2022\/07\/Aktie-fuers-Leben-Niger-490x1030.jpg 490w, https:\/\/pro-humanitaet.de\/wp-content\/uploads\/2022\/07\/Aktie-fuers-Leben-Niger-143x300.jpg 143w, https:\/\/pro-humanitaet.de\/wp-content\/uploads\/2022\/07\/Aktie-fuers-Leben-Niger-768x1613.jpg 768w, https:\/\/pro-humanitaet.de\/wp-content\/uploads\/2022\/07\/Aktie-fuers-Leben-Niger-731x1536.jpg 731w, https:\/\/pro-humanitaet.de\/wp-content\/uploads\/2022\/07\/Aktie-fuers-Leben-Niger-6x12.jpg 6w, https:\/\/pro-humanitaet.de\/wp-content\/uploads\/2022\/07\/Aktie-fuers-Leben-Niger-714x1500.jpg 714w, https:\/\/pro-humanitaet.de\/wp-content\/uploads\/2022\/07\/Aktie-fuers-Leben-Niger-336x705.jpg 336w, https:\/\/pro-humanitaet.de\/wp-content\/uploads\/2022\/07\/Aktie-fuers-Leben-Niger.jpg 800w\" data-sizes=\"(max-width: 490px) 100vw, 490px\" class='avia_image' ><img decoding=\"async\" class='wp-image-8349 avia-img-lazy-loading-not-8349 avia_image' src=\"https:\/\/pro-humanitaet.de\/wp-content\/uploads\/2022\/07\/Aktie-fuers-Leben-Niger.jpg\" alt='' title='Aktie fuers Leben Niger'  height=\"1680\" width=\"800\"  itemprop=\"thumbnailUrl\" srcset=\"https:\/\/pro-humanitaet.de\/wp-content\/uploads\/2022\/07\/Aktie-fuers-Leben-Niger.jpg 800w, https:\/\/pro-humanitaet.de\/wp-content\/uploads\/2022\/07\/Aktie-fuers-Leben-Niger-143x300.jpg 143w, https:\/\/pro-humanitaet.de\/wp-content\/uploads\/2022\/07\/Aktie-fuers-Leben-Niger-490x1030.jpg 490w, https:\/\/pro-humanitaet.de\/wp-content\/uploads\/2022\/07\/Aktie-fuers-Leben-Niger-768x1613.jpg 768w, https:\/\/pro-humanitaet.de\/wp-content\/uploads\/2022\/07\/Aktie-fuers-Leben-Niger-731x1536.jpg 731w, https:\/\/pro-humanitaet.de\/wp-content\/uploads\/2022\/07\/Aktie-fuers-Leben-Niger-6x12.jpg 6w, https:\/\/pro-humanitaet.de\/wp-content\/uploads\/2022\/07\/Aktie-fuers-Leben-Niger-714x1500.jpg 714w, https:\/\/pro-humanitaet.de\/wp-content\/uploads\/2022\/07\/Aktie-fuers-Leben-Niger-336x705.jpg 336w\" sizes=\"(max-width: 800px) 100vw, 800px\" \/><\/a><\/div><\/div><\/div><\/p><\/div><\/div><!--close column table wrapper. Autoclose: 1 -->\n<style type=\"text\/css\" data-created_by=\"avia_inline_auto\" id=\"style-css-av-20b9uo-ced1ba65693527c4e17bba6104b2a0a3\">\n#top .hr.hr-invisible.av-20b9uo-ced1ba65693527c4e17bba6104b2a0a3{\nheight:100px;\n}\n<\/style>\n<div  class='hr av-20b9uo-ced1ba65693527c4e17bba6104b2a0a3 hr-invisible  avia-builder-el-17  el_after_av_one_third  avia-builder-el-last'><span class='hr-inner'><span class=\"hr-inner-style\"><\/span><\/span><\/div>\n<\/div><\/div><\/main><!-- close content main element --><\/div><\/div><div id='after_section_1'  class='main_color av_default_container_wrap container_wrap sidebar_right'  ><div class='container av-section-cont-open' ><div class='template-page content  av-content-small alpha units'><div class='post-entry post-entry-type-page post-entry-8336'><div class='entry-content-wrapper clearfix'>","protected":false},"excerpt":{"rendered":"","protected":false},"author":6,"featured_media":8349,"parent":6728,"menu_order":0,"comment_status":"closed","ping_status":"closed","template":"","meta":[],"acf":[],"_links":{"self":[{"href":"https:\/\/pro-humanitaet.de\/fr\/wp-json\/wp\/v2\/pages\/8336"}],"collection":[{"href":"https:\/\/pro-humanitaet.de\/fr\/wp-json\/wp\/v2\/pages"}],"about":[{"href":"https:\/\/pro-humanitaet.de\/fr\/wp-json\/wp\/v2\/types\/page"}],"author":[{"embeddable":true,"href":"https:\/\/pro-humanitaet.de\/fr\/wp-json\/wp\/v2\/users\/6"}],"replies":[{"embeddable":true,"href":"https:\/\/pro-humanitaet.de\/fr\/wp-json\/wp\/v2\/comments?post=8336"}],"version-history":[{"count":28,"href":"https:\/\/pro-humanitaet.de\/fr\/wp-json\/wp\/v2\/pages\/8336\/revisions"}],"predecessor-version":[{"id":8902,"href":"https:\/\/pro-humanitaet.de\/fr\/wp-json\/wp\/v2\/pages\/8336\/revisions\/8902"}],"up":[{"embeddable":true,"href":"https:\/\/pro-humanitaet.de\/fr\/wp-json\/wp\/v2\/pages\/6728"}],"wp:featuredmedia":[{"embeddable":true,"href":"https:\/\/pro-humanitaet.de\/fr\/wp-json\/wp\/v2\/media\/8349"}],"wp:attachment":[{"href":"https:\/\/pro-humanitaet.de\/fr\/wp-json\/wp\/v2\/media?parent=8336"}],"curies":[{"name":"wp","href":"https:\/\/api.w.org\/{rel}","templated":true}]}}